{"id":4866,"date":"2025-01-08T15:23:55","date_gmt":"2025-01-08T15:23:55","guid":{"rendered":"https:\/\/alles-ueber-riffe.de\/?page_id=4866"},"modified":"2025-03-06T21:09:24","modified_gmt":"2025-03-06T21:09:24","slug":"schwarzfaden-partnergrundel","status":"publish","type":"page","link":"https:\/\/alles-ueber-riffe.de\/?page_id=4866","title":{"rendered":"Schwarzfaden-Partnergrundel"},"content":{"rendered":"\n<div class=\"wp-block-group is-vertical is-layout-flex wp-container-core-group-is-layout-8cf370e7 wp-block-group-is-layout-flex\">\n<p><strong>Schwarzfaden-Partnergrundel<\/strong><\/p>\n\n\n\n<p>Filament-finned prawn-goby<\/p>\n\n\n\n<p><em>Stonogobiops nematodes<\/em><strong><\/strong><\/p>\n<\/div>\n\n\n\n<div style=\"height:30px\" aria-hidden=\"true\" class=\"wp-block-spacer\"><\/div>\n\n\n\n<figure class=\"wp-block-image size-full\"><img loading=\"lazy\" decoding=\"async\" width=\"1024\" height=\"768\" src=\"https:\/\/alles-ueber-riffe.de\/wp-content\/uploads\/2025\/03\/Schwarzfaden-Partnergrundel_1024x768.jpg\" alt=\"\" class=\"wp-image-10595\" srcset=\"https:\/\/alles-ueber-riffe.de\/wp-content\/uploads\/2025\/03\/Schwarzfaden-Partnergrundel_1024x768.jpg 1024w, https:\/\/alles-ueber-riffe.de\/wp-content\/uploads\/2025\/03\/Schwarzfaden-Partnergrundel_1024x768-300x225.jpg 300w, https:\/\/alles-ueber-riffe.de\/wp-content\/uploads\/2025\/03\/Schwarzfaden-Partnergrundel_1024x768-768x576.jpg 768w\" sizes=\"auto, (max-width: 767px) 89vw, (max-width: 1000px) 54vw, (max-width: 1071px) 543px, 580px\" \/><figcaption class=\"wp-element-caption\">\u00a9 Heinz Krimmer<\/figcaption><\/figure>\n\n\n\n<hr class=\"wp-block-separator has-alpha-channel-opacity is-style-default\"\/>\n\n\n\n<p><strong>Gr\u00f6\u00dfe: <\/strong> bis 6 cm<\/p>\n\n\n\n<p><strong>Lebensraum:<\/strong> Sandb\u00f6den in der N\u00e4he von Korallenriffen<\/p>\n\n\n\n<p><strong>Vorkommen:  <\/strong>Andamanensee, Philippinen, Indonesien, Malaysia, Nordostaustralien, Papua-Neuguinea, Ozeanien bis Samoa<\/p>\n\n\n\n<p><strong>Erkennungsmerkmale: <\/strong> Grundfarbe wei\u00df; gelbe Stirn; erster Strahl der ersten R\u00fcckenflosse stark verl\u00e4ngert und schwarz; vier breite, schwarze, schr\u00e4ge Querb\u00e4nder<\/p>\n\n\n\n<p><strong>Biologie &amp; Verhalten: <\/strong> Die Schwarzfaden-Partnergrundel ist eine Symbiosegrundel und lebt zusammen mit dem Randalls Knallkrebs (<em>Alpheus randalii)<\/em>.<\/p>\n\n\n\n<p>Zwei weitere Arten sehen ihr extrem \u00e4hnlich, k\u00f6nnen aber an Hand der ersten R\u00fcckenflosse unterschieden werden:<\/p>\n\n\n\n<p>Die Dracula-W\u00e4chtergrundel (<em>Stonogobiops dracula<\/em>), deren erste R\u00fcckenflosse rund ist und deren Verbreitungsgebiet von Ostafrika bis zu den Malediven reicht.<\/p>\n\n\n\n<p>Die Gelbschnauzengrundel\u00a0(<em>Stonogobiops xanthorhica<\/em>), der der verl\u00e4ngerte, erste Strahl der ersten R\u00fcckenflosse fehlt.<\/p>\n\n\n\n<p><strong>Bedrohungsstatus:<\/strong> Die Art wird auf der Roten Liste der IUCN als <mark style=\"background-color:rgba(0, 0, 0, 0)\" class=\"has-inline-color has-vivid-green-cyan-color\">\u201enicht gef\u00e4hrdet\u201c<\/mark> gef\u00fchrt.<\/p>\n\n\n\n<hr class=\"wp-block-separator has-alpha-channel-opacity is-style-default\"\/>\n","protected":false},"excerpt":{"rendered":"<p>Schwarzfaden-Partnergrundel Filament-finned prawn-goby Stonogobiops nematodes Gr\u00f6\u00dfe: bis 6 cm Lebensraum: Sandb\u00f6den in der N\u00e4he von Korallenriffen Vorkommen: Andamanensee, Philippinen, Indonesien, Malaysia, Nordostaustralien, Papua-Neuguinea, Ozeanien bis Samoa Erkennungsmerkmale: Grundfarbe wei\u00df; gelbe Stirn; erster Strahl der ersten R\u00fcckenflosse stark verl\u00e4ngert und schwarz; vier breite, schwarze, schr\u00e4ge Querb\u00e4nder Biologie &amp; Verhalten: Die Schwarzfaden-Partnergrundel ist eine Symbiosegrundel und lebt &hellip; <\/p>\n<p class=\"link-more\"><a href=\"https:\/\/alles-ueber-riffe.de\/?page_id=4866\" class=\"more-link\"><span class=\"screen-reader-text\">\u201eSchwarzfaden-Partnergrundel\u201c<\/span> weiterlesen<\/a><\/p>\n","protected":false},"author":1,"featured_media":0,"parent":0,"menu_order":0,"comment_status":"closed","ping_status":"closed","template":"","meta":{"footnotes":""},"class_list":["post-4866","page","type-page","status-publish","hentry"],"_links":{"self":[{"href":"https:\/\/alles-ueber-riffe.de\/index.php?rest_route=\/wp\/v2\/pages\/4866","targetHints":{"allow":["GET"]}}],"collection":[{"href":"https:\/\/alles-ueber-riffe.de\/index.php?rest_route=\/wp\/v2\/pages"}],"about":[{"href":"https:\/\/alles-ueber-riffe.de\/index.php?rest_route=\/wp\/v2\/types\/page"}],"author":[{"embeddable":true,"href":"https:\/\/alles-ueber-riffe.de\/index.php?rest_route=\/wp\/v2\/users\/1"}],"replies":[{"embeddable":true,"href":"https:\/\/alles-ueber-riffe.de\/index.php?rest_route=%2Fwp%2Fv2%2Fcomments&post=4866"}],"version-history":[{"count":5,"href":"https:\/\/alles-ueber-riffe.de\/index.php?rest_route=\/wp\/v2\/pages\/4866\/revisions"}],"predecessor-version":[{"id":10599,"href":"https:\/\/alles-ueber-riffe.de\/index.php?rest_route=\/wp\/v2\/pages\/4866\/revisions\/10599"}],"wp:attachment":[{"href":"https:\/\/alles-ueber-riffe.de\/index.php?rest_route=%2Fwp%2Fv2%2Fmedia&parent=4866"}],"curies":[{"name":"wp","href":"https:\/\/api.w.org\/{rel}","templated":true}]}}