{"id":4864,"date":"2025-01-08T15:23:43","date_gmt":"2025-01-08T15:23:43","guid":{"rendered":"https:\/\/alles-ueber-riffe.de\/?page_id=4864"},"modified":"2025-03-06T21:05:50","modified_gmt":"2025-03-06T21:05:50","slug":"schmetterling-grundel","status":"publish","type":"page","link":"https:\/\/alles-ueber-riffe.de\/?page_id=4864","title":{"rendered":"Schmetterling-Grundel"},"content":{"rendered":"\n<div class=\"wp-block-group is-vertical is-layout-flex wp-container-core-group-is-layout-8cf370e7 wp-block-group-is-layout-flex\">\n<p><strong>Schmetterling-Grundel<\/strong><\/p>\n\n\n\n<p>Butterfly goby<\/p>\n\n\n\n<p><em>Amblygobius albimaculatus<\/em><strong><\/strong><\/p>\n<\/div>\n\n\n\n<div style=\"height:30px\" aria-hidden=\"true\" class=\"wp-block-spacer\"><\/div>\n\n\n\n<figure class=\"wp-block-image size-full\"><img loading=\"lazy\" decoding=\"async\" width=\"300\" height=\"200\" src=\"https:\/\/alles-ueber-riffe.de\/wp-content\/uploads\/2024\/11\/Schmetterling_Grundel_300x200.jpg\" alt=\"\" class=\"wp-image-2129\"\/><figcaption class=\"wp-element-caption\">\u00a9 Heinz Krimmer<\/figcaption><\/figure>\n\n\n\n<hr class=\"wp-block-separator has-alpha-channel-opacity is-style-default\"\/>\n\n\n\n<p><strong>Gr\u00f6\u00dfe: <\/strong> bis 18 cm<\/p>\n\n\n\n<p><strong>Lebensraum:<\/strong> Sandb\u00f6den, Seegraswiesen in der N\u00e4he von Korallenriffen<\/p>\n\n\n\n<p><strong>Vorkommen:  <\/strong>Ostafrika, Rotes Meer, Malediven, S\u00fcdjapan, ganz S\u00fcdostasien, Nordaustralien, Papua-Neuguinea, Ozeanien<\/p>\n\n\n\n<p><strong>Erkennungsmerkmale: <\/strong> Grundfarbe hell- bis dunkelgrau; dunkle Querb\u00e4nder; dunkler Fleck \u00fcber der Brustflosse; hellblaue, feine Linien am Kopf<\/p>\n\n\n\n<p><strong>Biologie &amp; Verhalten: <\/strong> Die Schmetterling-Grundeln sind monogam und leben paarweise in L\u00f6chern im Sandboden. Sie geh\u00f6ren zur Gruppe der Schlamm- und Sandgrundeln.<\/p>\n\n\n\n<p><strong>Bedrohungsstatus:<\/strong> Die Art wird auf der Roten Liste der IUCN als <mark style=\"background-color:rgba(0, 0, 0, 0)\" class=\"has-inline-color has-vivid-green-cyan-color\">\u201enicht gef\u00e4hrdet\u201c<\/mark> gef\u00fchrt.<\/p>\n\n\n\n<hr class=\"wp-block-separator has-alpha-channel-opacity is-style-default\"\/>\n","protected":false},"excerpt":{"rendered":"<p>Schmetterling-Grundel Butterfly goby Amblygobius albimaculatus Gr\u00f6\u00dfe: bis 18 cm Lebensraum: Sandb\u00f6den, Seegraswiesen in der N\u00e4he von Korallenriffen Vorkommen: Ostafrika, Rotes Meer, Malediven, S\u00fcdjapan, ganz S\u00fcdostasien, Nordaustralien, Papua-Neuguinea, Ozeanien Erkennungsmerkmale: Grundfarbe hell- bis dunkelgrau; dunkle Querb\u00e4nder; dunkler Fleck \u00fcber der Brustflosse; hellblaue, feine Linien am Kopf Biologie &amp; Verhalten: Die Schmetterling-Grundeln sind monogam und leben paarweise &hellip; <\/p>\n<p class=\"link-more\"><a href=\"https:\/\/alles-ueber-riffe.de\/?page_id=4864\" class=\"more-link\"><span class=\"screen-reader-text\">\u201eSchmetterling-Grundel\u201c<\/span> weiterlesen<\/a><\/p>\n","protected":false},"author":1,"featured_media":0,"parent":0,"menu_order":0,"comment_status":"closed","ping_status":"closed","template":"","meta":{"footnotes":""},"class_list":["post-4864","page","type-page","status-publish","hentry"],"_links":{"self":[{"href":"https:\/\/alles-ueber-riffe.de\/index.php?rest_route=\/wp\/v2\/pages\/4864","targetHints":{"allow":["GET"]}}],"collection":[{"href":"https:\/\/alles-ueber-riffe.de\/index.php?rest_route=\/wp\/v2\/pages"}],"about":[{"href":"https:\/\/alles-ueber-riffe.de\/index.php?rest_route=\/wp\/v2\/types\/page"}],"author":[{"embeddable":true,"href":"https:\/\/alles-ueber-riffe.de\/index.php?rest_route=\/wp\/v2\/users\/1"}],"replies":[{"embeddable":true,"href":"https:\/\/alles-ueber-riffe.de\/index.php?rest_route=%2Fwp%2Fv2%2Fcomments&post=4864"}],"version-history":[{"count":4,"href":"https:\/\/alles-ueber-riffe.de\/index.php?rest_route=\/wp\/v2\/pages\/4864\/revisions"}],"predecessor-version":[{"id":10593,"href":"https:\/\/alles-ueber-riffe.de\/index.php?rest_route=\/wp\/v2\/pages\/4864\/revisions\/10593"}],"wp:attachment":[{"href":"https:\/\/alles-ueber-riffe.de\/index.php?rest_route=%2Fwp%2Fv2%2Fmedia&parent=4864"}],"curies":[{"name":"wp","href":"https:\/\/api.w.org\/{rel}","templated":true}]}}