{"id":4858,"date":"2025-01-08T15:23:02","date_gmt":"2025-01-08T15:23:02","guid":{"rendered":"https:\/\/alles-ueber-riffe.de\/?page_id=4858"},"modified":"2025-03-06T20:54:41","modified_gmt":"2025-03-06T20:54:41","slug":"peitschenkorallen-zwergrundel","status":"publish","type":"page","link":"https:\/\/alles-ueber-riffe.de\/?page_id=4858","title":{"rendered":"Peitschenkorallen-Zwergrundel"},"content":{"rendered":"\n<div class=\"wp-block-group is-vertical is-layout-flex wp-container-core-group-is-layout-8cf370e7 wp-block-group-is-layout-flex\">\n<p><strong>Peitschenkorallen-Zwerggrundel<\/strong><\/p>\n\n\n\n<p>Whip coral goby<\/p>\n\n\n\n<p><em>Bryaninops yongei<\/em><\/p>\n<\/div>\n\n\n\n<div style=\"height:30px\" aria-hidden=\"true\" class=\"wp-block-spacer\"><\/div>\n\n\n\n<figure class=\"wp-block-image size-full\"><img loading=\"lazy\" decoding=\"async\" width=\"1024\" height=\"768\" src=\"https:\/\/alles-ueber-riffe.de\/wp-content\/uploads\/2025\/03\/Peitschenkorallen-Zwerggrundel_1024x768.jpg\" alt=\"\" class=\"wp-image-10577\" srcset=\"https:\/\/alles-ueber-riffe.de\/wp-content\/uploads\/2025\/03\/Peitschenkorallen-Zwerggrundel_1024x768.jpg 1024w, https:\/\/alles-ueber-riffe.de\/wp-content\/uploads\/2025\/03\/Peitschenkorallen-Zwerggrundel_1024x768-300x225.jpg 300w, https:\/\/alles-ueber-riffe.de\/wp-content\/uploads\/2025\/03\/Peitschenkorallen-Zwerggrundel_1024x768-768x576.jpg 768w\" sizes=\"auto, (max-width: 767px) 89vw, (max-width: 1000px) 54vw, (max-width: 1071px) 543px, 580px\" \/><figcaption class=\"wp-element-caption\">\u00a9 Sandra Caramelle<\/figcaption><\/figure>\n\n\n\n<hr class=\"wp-block-separator has-alpha-channel-opacity is-style-default\"\/>\n\n\n\n<p><strong>Gr\u00f6\u00dfe: <\/strong> bis 3,5 cm<\/p>\n\n\n\n<p><strong>Lebensraum:<\/strong> Korallenriffe<\/p>\n\n\n\n<p><strong>Vorkommen:  <\/strong>Rotes Meer, Malediven, S\u00fcdjapan, Philippinen, Ostindonesien, Nordostaustralien, Papua-Neuguinea, Ozeanien bis Hawaii<\/p>\n\n\n\n<p><strong>Erkennungsmerkmale: <\/strong> R\u00fccken durchsichtig; bis zu sieben rotbraune Flecken am K\u00f6rper<\/p>\n\n\n\n<p><strong>Biologie &amp; Verhalten: <\/strong> Diese Grundel lebt ausschlie\u00dflich auf der Gewundenen Drahtkoralle (<em>Cirripathes anguina).<\/em><\/p>\n\n\n\n<p>Oft paarweise zu finden. Kann das Geschlecht wechseln. Vermutlich monogam. Sie geh\u00f6rt zu den Mikrogrundeln.<\/p>\n\n\n\n<p><strong>Bedrohungsstatus:<\/strong> Die Art wird auf der Roten Liste der IUCN als<mark style=\"background-color:rgba(0, 0, 0, 0)\" class=\"has-inline-color has-vivid-green-cyan-color\"> \u201enicht gef\u00e4hrdet\u201c <\/mark>gef\u00fchrt.<\/p>\n\n\n\n<hr class=\"wp-block-separator has-alpha-channel-opacity is-style-default\"\/>\n","protected":false},"excerpt":{"rendered":"<p>Peitschenkorallen-Zwerggrundel Whip coral goby Bryaninops yongei Gr\u00f6\u00dfe: bis 3,5 cm Lebensraum: Korallenriffe Vorkommen: Rotes Meer, Malediven, S\u00fcdjapan, Philippinen, Ostindonesien, Nordostaustralien, Papua-Neuguinea, Ozeanien bis Hawaii Erkennungsmerkmale: R\u00fccken durchsichtig; bis zu sieben rotbraune Flecken am K\u00f6rper Biologie &amp; Verhalten: Diese Grundel lebt ausschlie\u00dflich auf der Gewundenen Drahtkoralle (Cirripathes anguina). Oft paarweise zu finden. Kann das Geschlecht wechseln. &hellip; <\/p>\n<p class=\"link-more\"><a href=\"https:\/\/alles-ueber-riffe.de\/?page_id=4858\" class=\"more-link\"><span class=\"screen-reader-text\">\u201ePeitschenkorallen-Zwergrundel\u201c<\/span> weiterlesen<\/a><\/p>\n","protected":false},"author":1,"featured_media":0,"parent":0,"menu_order":0,"comment_status":"closed","ping_status":"closed","template":"","meta":{"footnotes":""},"class_list":["post-4858","page","type-page","status-publish","hentry"],"_links":{"self":[{"href":"https:\/\/alles-ueber-riffe.de\/index.php?rest_route=\/wp\/v2\/pages\/4858","targetHints":{"allow":["GET"]}}],"collection":[{"href":"https:\/\/alles-ueber-riffe.de\/index.php?rest_route=\/wp\/v2\/pages"}],"about":[{"href":"https:\/\/alles-ueber-riffe.de\/index.php?rest_route=\/wp\/v2\/types\/page"}],"author":[{"embeddable":true,"href":"https:\/\/alles-ueber-riffe.de\/index.php?rest_route=\/wp\/v2\/users\/1"}],"replies":[{"embeddable":true,"href":"https:\/\/alles-ueber-riffe.de\/index.php?rest_route=%2Fwp%2Fv2%2Fcomments&post=4858"}],"version-history":[{"count":6,"href":"https:\/\/alles-ueber-riffe.de\/index.php?rest_route=\/wp\/v2\/pages\/4858\/revisions"}],"predecessor-version":[{"id":10581,"href":"https:\/\/alles-ueber-riffe.de\/index.php?rest_route=\/wp\/v2\/pages\/4858\/revisions\/10581"}],"wp:attachment":[{"href":"https:\/\/alles-ueber-riffe.de\/index.php?rest_route=%2Fwp%2Fv2%2Fmedia&parent=4858"}],"curies":[{"name":"wp","href":"https:\/\/api.w.org\/{rel}","templated":true}]}}