{"id":4856,"date":"2025-01-08T15:22:52","date_gmt":"2025-01-08T15:22:52","guid":{"rendered":"https:\/\/alles-ueber-riffe.de\/?page_id=4856"},"modified":"2025-03-06T21:31:47","modified_gmt":"2025-03-06T21:31:47","slug":"okinawa-grundel","status":"publish","type":"page","link":"https:\/\/alles-ueber-riffe.de\/?page_id=4856","title":{"rendered":"Okinawa Grundel"},"content":{"rendered":"\n<div class=\"wp-block-group is-vertical is-layout-flex wp-container-core-group-is-layout-8cf370e7 wp-block-group-is-layout-flex\">\n<p><strong>Okinawa Grundel<\/strong><\/p>\n\n\n\n<p>Okinawa goby<\/p>\n\n\n\n<p><em>Gobiodon okinawae<\/em><strong><\/strong><\/p>\n<\/div>\n\n\n\n<div style=\"height:30px\" aria-hidden=\"true\" class=\"wp-block-spacer\"><\/div>\n\n\n\n<figure class=\"wp-block-image size-full\"><img loading=\"lazy\" decoding=\"async\" width=\"1024\" height=\"768\" src=\"https:\/\/alles-ueber-riffe.de\/wp-content\/uploads\/2025\/03\/Okinawa-Grundel_1024x768.jpg\" alt=\"\" class=\"wp-image-10573\" srcset=\"https:\/\/alles-ueber-riffe.de\/wp-content\/uploads\/2025\/03\/Okinawa-Grundel_1024x768.jpg 1024w, https:\/\/alles-ueber-riffe.de\/wp-content\/uploads\/2025\/03\/Okinawa-Grundel_1024x768-300x225.jpg 300w, https:\/\/alles-ueber-riffe.de\/wp-content\/uploads\/2025\/03\/Okinawa-Grundel_1024x768-768x576.jpg 768w\" sizes=\"auto, (max-width: 767px) 89vw, (max-width: 1000px) 54vw, (max-width: 1071px) 543px, 580px\" \/><figcaption class=\"wp-element-caption\">\u00a9 Heinz Krimmer<\/figcaption><\/figure>\n\n\n\n<hr class=\"wp-block-separator has-alpha-channel-opacity is-style-default\"\/>\n\n\n\n<p><strong>Gr\u00f6\u00dfe: <\/strong> bis 3,5 cm<\/p>\n\n\n\n<p><strong>Lebensraum:<\/strong> Korallenriffe<\/p>\n\n\n\n<p><strong>Vorkommen:  <\/strong>S\u00fcdjapan, Philippinen, Ostindonesien, Nordaustralien, Papua-Neuguinea, Ozeanien bis Palau<\/p>\n\n\n\n<p><strong>Erkennungsmerkmale: <\/strong> knallgelb<\/p>\n\n\n\n<p><strong>Biologie &amp; Verhalten: <\/strong> Diese Grundel lebt zwischen Acropora Korallen. Sie geh\u00f6rt zu den Kommensalismusgrundeln.<\/p>\n\n\n\n<p>Sehr \u00e4hnlich ist die Zitronen-Korallengrundel (<em>Gobiodon citrinus).<\/em>&nbsp;Diese unterscheidet sich aber gut an den hellblauen, kurzen Querstreifen am Kopf. Oft in kleinen Gruppen bis zu 15 Tieren.<\/p>\n\n\n\n<p><strong>Bedrohungsstatus:<\/strong> Die Art wird auf der Roten Liste der IUCN als \u201e nicht gef\u00e4hrdet\u201c gef\u00fchrt.<\/p>\n\n\n\n<hr class=\"wp-block-separator has-alpha-channel-opacity is-style-default\"\/>\n\n\n\n<figure class=\"wp-block-image size-full is-resized\"><a href=\"https:\/\/alles-ueber-riffe.de\/?page_id=4874\"><img loading=\"lazy\" decoding=\"async\" width=\"300\" height=\"200\" src=\"https:\/\/alles-ueber-riffe.de\/wp-content\/uploads\/2024\/11\/Zitronen-Korallengrundel_300x200.jpg\" alt=\"\" class=\"wp-image-2140\" style=\"width:319px;height:auto\"\/><\/a><figcaption class=\"wp-element-caption\"><mark style=\"background-color:rgba(0, 0, 0, 0)\" class=\"has-inline-color has-vivid-cyan-blue-color\">\u00c4hnlich: Zitronen-Korallengrundel (<em>Gobiodon citrinus)<\/em><\/mark><\/figcaption><\/figure>\n\n\n\n<p><\/p>\n","protected":false},"excerpt":{"rendered":"<p>Okinawa Grundel Okinawa goby Gobiodon okinawae Gr\u00f6\u00dfe: bis 3,5 cm Lebensraum: Korallenriffe Vorkommen: S\u00fcdjapan, Philippinen, Ostindonesien, Nordaustralien, Papua-Neuguinea, Ozeanien bis Palau Erkennungsmerkmale: knallgelb Biologie &amp; Verhalten: Diese Grundel lebt zwischen Acropora Korallen. Sie geh\u00f6rt zu den Kommensalismusgrundeln. Sehr \u00e4hnlich ist die Zitronen-Korallengrundel (Gobiodon citrinus).&nbsp;Diese unterscheidet sich aber gut an den hellblauen, kurzen Querstreifen am Kopf. &hellip; <\/p>\n<p class=\"link-more\"><a href=\"https:\/\/alles-ueber-riffe.de\/?page_id=4856\" class=\"more-link\"><span class=\"screen-reader-text\">\u201eOkinawa Grundel\u201c<\/span> weiterlesen<\/a><\/p>\n","protected":false},"author":1,"featured_media":0,"parent":0,"menu_order":0,"comment_status":"closed","ping_status":"closed","template":"","meta":{"footnotes":""},"class_list":["post-4856","page","type-page","status-publish","hentry"],"_links":{"self":[{"href":"https:\/\/alles-ueber-riffe.de\/index.php?rest_route=\/wp\/v2\/pages\/4856","targetHints":{"allow":["GET"]}}],"collection":[{"href":"https:\/\/alles-ueber-riffe.de\/index.php?rest_route=\/wp\/v2\/pages"}],"about":[{"href":"https:\/\/alles-ueber-riffe.de\/index.php?rest_route=\/wp\/v2\/types\/page"}],"author":[{"embeddable":true,"href":"https:\/\/alles-ueber-riffe.de\/index.php?rest_route=\/wp\/v2\/users\/1"}],"replies":[{"embeddable":true,"href":"https:\/\/alles-ueber-riffe.de\/index.php?rest_route=%2Fwp%2Fv2%2Fcomments&post=4856"}],"version-history":[{"count":5,"href":"https:\/\/alles-ueber-riffe.de\/index.php?rest_route=\/wp\/v2\/pages\/4856\/revisions"}],"predecessor-version":[{"id":10620,"href":"https:\/\/alles-ueber-riffe.de\/index.php?rest_route=\/wp\/v2\/pages\/4856\/revisions\/10620"}],"wp:attachment":[{"href":"https:\/\/alles-ueber-riffe.de\/index.php?rest_route=%2Fwp%2Fv2%2Fmedia&parent=4856"}],"curies":[{"name":"wp","href":"https:\/\/api.w.org\/{rel}","templated":true}]}}