{"id":4854,"date":"2025-01-08T15:22:43","date_gmt":"2025-01-08T15:22:43","guid":{"rendered":"https:\/\/alles-ueber-riffe.de\/?page_id=4854"},"modified":"2025-03-04T21:12:44","modified_gmt":"2025-03-04T21:12:44","slug":"nonnen-grundel","status":"publish","type":"page","link":"https:\/\/alles-ueber-riffe.de\/?page_id=4854","title":{"rendered":"Nonnen-Grundel"},"content":{"rendered":"\n<div class=\"wp-block-group is-vertical is-layout-flex wp-container-core-group-is-layout-8cf370e7 wp-block-group-is-layout-flex\">\n<p><strong>Nonnen-Grundel<\/strong><\/p>\n\n\n\n<p>Whitecap goby<\/p>\n\n\n\n<p><em>Lotilia graciliosa<\/em><\/p>\n<\/div>\n\n\n\n<div style=\"height:30px\" aria-hidden=\"true\" class=\"wp-block-spacer\"><\/div>\n\n\n\n<figure class=\"wp-block-video\"><video height=\"576\" style=\"aspect-ratio: 1024 \/ 576;\" width=\"1024\" controls src=\"https:\/\/alles-ueber-riffe.de\/wp-content\/uploads\/2025\/03\/Nonnen-Grundel.mp4\"><\/video><figcaption class=\"wp-element-caption\">\u00a9 Suus Berger<\/figcaption><\/figure>\n\n\n\n<hr class=\"wp-block-separator has-alpha-channel-opacity is-style-default\"\/>\n\n\n\n<p><strong>Gr\u00f6\u00dfe: <\/strong> bis 11 cm<\/p>\n\n\n\n<p><strong>Lebensraum:<\/strong> Sandfl\u00e4chen in der N\u00e4he von Korallenriffen<\/p>\n\n\n\n<p><strong>Vorkommen:  <\/strong>Rotes Meer, Malediven, S\u00fcdjapan, ganz S\u00fcdostasien, Nordaustralien, Papua-Neuguinea, Ozeanien bis Fidschi<\/p>\n\n\n\n<p><strong>Erkennungsmerkmale: <\/strong> Grundfarbe schwarz; wei\u00dfe Stirn und vorderer R\u00fccken; schwarzer, gelbumrandeter Fleck in der ersten R\u00fcckenflosse<\/p>\n\n\n\n<p><strong>Biologie &amp; Verhalten: <\/strong> Diese Symbiosegrundel teilt ihre Wohnh\u00f6hle mit dem Knallkrebs (<em>Alpheus djiboutensis).\u00a0<\/em>Im n\u00f6rdlichen Roten Meer wohnt sie mit einem anderen Knallkrebs zusammen, dessen Name unbekannt ist.<\/p>\n\n\n\n<p><strong>Bedrohungsstatus:<\/strong> Die Art wird auf der Roten Liste der IUCN als <mark style=\"background-color:rgba(0, 0, 0, 0)\" class=\"has-inline-color has-vivid-green-cyan-color\">\u201e nicht gef\u00e4hrdet\u201c <\/mark>gef\u00fchrt.<\/p>\n\n\n\n<hr class=\"wp-block-separator has-alpha-channel-opacity is-style-default\"\/>\n","protected":false},"excerpt":{"rendered":"<p>Nonnen-Grundel Whitecap goby Lotilia graciliosa Gr\u00f6\u00dfe: bis 11 cm Lebensraum: Sandfl\u00e4chen in der N\u00e4he von Korallenriffen Vorkommen: Rotes Meer, Malediven, S\u00fcdjapan, ganz S\u00fcdostasien, Nordaustralien, Papua-Neuguinea, Ozeanien bis Fidschi Erkennungsmerkmale: Grundfarbe schwarz; wei\u00dfe Stirn und vorderer R\u00fccken; schwarzer, gelbumrandeter Fleck in der ersten R\u00fcckenflosse Biologie &amp; Verhalten: Diese Symbiosegrundel teilt ihre Wohnh\u00f6hle mit dem Knallkrebs (Alpheus &hellip; <\/p>\n<p class=\"link-more\"><a href=\"https:\/\/alles-ueber-riffe.de\/?page_id=4854\" class=\"more-link\"><span class=\"screen-reader-text\">\u201eNonnen-Grundel\u201c<\/span> weiterlesen<\/a><\/p>\n","protected":false},"author":1,"featured_media":0,"parent":0,"menu_order":0,"comment_status":"closed","ping_status":"closed","template":"","meta":{"footnotes":""},"class_list":["post-4854","page","type-page","status-publish","hentry"],"_links":{"self":[{"href":"https:\/\/alles-ueber-riffe.de\/index.php?rest_route=\/wp\/v2\/pages\/4854","targetHints":{"allow":["GET"]}}],"collection":[{"href":"https:\/\/alles-ueber-riffe.de\/index.php?rest_route=\/wp\/v2\/pages"}],"about":[{"href":"https:\/\/alles-ueber-riffe.de\/index.php?rest_route=\/wp\/v2\/types\/page"}],"author":[{"embeddable":true,"href":"https:\/\/alles-ueber-riffe.de\/index.php?rest_route=\/wp\/v2\/users\/1"}],"replies":[{"embeddable":true,"href":"https:\/\/alles-ueber-riffe.de\/index.php?rest_route=%2Fwp%2Fv2%2Fcomments&post=4854"}],"version-history":[{"count":5,"href":"https:\/\/alles-ueber-riffe.de\/index.php?rest_route=\/wp\/v2\/pages\/4854\/revisions"}],"predecessor-version":[{"id":10571,"href":"https:\/\/alles-ueber-riffe.de\/index.php?rest_route=\/wp\/v2\/pages\/4854\/revisions\/10571"}],"wp:attachment":[{"href":"https:\/\/alles-ueber-riffe.de\/index.php?rest_route=%2Fwp%2Fv2%2Fmedia&parent=4854"}],"curies":[{"name":"wp","href":"https:\/\/api.w.org\/{rel}","templated":true}]}}