{"id":4852,"date":"2025-01-08T15:22:33","date_gmt":"2025-01-08T15:22:33","guid":{"rendered":"https:\/\/alles-ueber-riffe.de\/?page_id=4852"},"modified":"2025-03-04T21:05:59","modified_gmt":"2025-03-04T21:05:59","slug":"maiden-schlaefergrundel","status":"publish","type":"page","link":"https:\/\/alles-ueber-riffe.de\/?page_id=4852","title":{"rendered":"Maiden-Schl\u00e4fergrundel"},"content":{"rendered":"\n<div class=\"wp-block-group is-vertical is-layout-flex wp-container-core-group-is-layout-8cf370e7 wp-block-group-is-layout-flex\">\n<p><strong>Maiden Schl\u00e4fergrundel<\/strong><\/p>\n\n\n\n<p>Maiden goby<\/p>\n\n\n\n<p><em>Valenciennea puellaris<\/em><strong><\/strong><\/p>\n<\/div>\n\n\n\n<div style=\"height:30px\" aria-hidden=\"true\" class=\"wp-block-spacer\"><\/div>\n\n\n\n<figure class=\"wp-block-video\"><video height=\"576\" style=\"aspect-ratio: 1024 \/ 576;\" width=\"1024\" controls src=\"https:\/\/alles-ueber-riffe.de\/wp-content\/uploads\/2025\/03\/maiden_schlaefergrundel.mp4\"><\/video><figcaption class=\"wp-element-caption\">\u00a9 Heinz Krimmer<\/figcaption><\/figure>\n\n\n\n<hr class=\"wp-block-separator has-alpha-channel-opacity is-style-default\"\/>\n\n\n\n<p><strong>Gr\u00f6\u00dfe: <\/strong> bis 20 cm<\/p>\n\n\n\n<p><strong>Lebensraum:<\/strong> Sandfl\u00e4chen in der N\u00e4he von Korallenriffen<\/p>\n\n\n\n<p><strong>Vorkommen:  <\/strong>Rotes Meer, Malediven, ganz S\u00fcdostasien, S\u00fcdjapan, Nordaustralien, Papua-Neuguinea, Ozeanien bis Samoa<\/p>\n\n\n\n<p><strong>Erkennungsmerkmale: <\/strong> Grundfarbe hellbraun; rotbraune, unterbrochene Querlinien<\/p>\n\n\n\n<p><strong>Biologie &amp; Verhalten: <\/strong> Diese monogamen Grundeln leben paarweise in einem Wohnloch im Boden. Dieses wird bevorzug unter kleinen Steinen angelegt. Sie geh\u00f6ren zu den Schlamm- und Sandgrundeln.<\/p>\n\n\n\n<p><strong>Bedrohungsstatus:<\/strong> Die Art wird auf der Roten Liste der IUCN als \u201e nicht gef\u00e4hrdet\u201c gef\u00fchrt.<\/p>\n\n\n\n<hr class=\"wp-block-separator has-alpha-channel-opacity is-style-default\"\/>\n","protected":false},"excerpt":{"rendered":"<p>Maiden Schl\u00e4fergrundel Maiden goby Valenciennea puellaris Gr\u00f6\u00dfe: bis 20 cm Lebensraum: Sandfl\u00e4chen in der N\u00e4he von Korallenriffen Vorkommen: Rotes Meer, Malediven, ganz S\u00fcdostasien, S\u00fcdjapan, Nordaustralien, Papua-Neuguinea, Ozeanien bis Samoa Erkennungsmerkmale: Grundfarbe hellbraun; rotbraune, unterbrochene Querlinien Biologie &amp; Verhalten: Diese monogamen Grundeln leben paarweise in einem Wohnloch im Boden. Dieses wird bevorzug unter kleinen Steinen angelegt. &hellip; <\/p>\n<p class=\"link-more\"><a href=\"https:\/\/alles-ueber-riffe.de\/?page_id=4852\" class=\"more-link\"><span class=\"screen-reader-text\">\u201eMaiden-Schl\u00e4fergrundel\u201c<\/span> weiterlesen<\/a><\/p>\n","protected":false},"author":1,"featured_media":0,"parent":0,"menu_order":0,"comment_status":"closed","ping_status":"closed","template":"","meta":{"footnotes":""},"class_list":["post-4852","page","type-page","status-publish","hentry"],"_links":{"self":[{"href":"https:\/\/alles-ueber-riffe.de\/index.php?rest_route=\/wp\/v2\/pages\/4852","targetHints":{"allow":["GET"]}}],"collection":[{"href":"https:\/\/alles-ueber-riffe.de\/index.php?rest_route=\/wp\/v2\/pages"}],"about":[{"href":"https:\/\/alles-ueber-riffe.de\/index.php?rest_route=\/wp\/v2\/types\/page"}],"author":[{"embeddable":true,"href":"https:\/\/alles-ueber-riffe.de\/index.php?rest_route=\/wp\/v2\/users\/1"}],"replies":[{"embeddable":true,"href":"https:\/\/alles-ueber-riffe.de\/index.php?rest_route=%2Fwp%2Fv2%2Fcomments&post=4852"}],"version-history":[{"count":6,"href":"https:\/\/alles-ueber-riffe.de\/index.php?rest_route=\/wp\/v2\/pages\/4852\/revisions"}],"predecessor-version":[{"id":10566,"href":"https:\/\/alles-ueber-riffe.de\/index.php?rest_route=\/wp\/v2\/pages\/4852\/revisions\/10566"}],"wp:attachment":[{"href":"https:\/\/alles-ueber-riffe.de\/index.php?rest_route=%2Fwp%2Fv2%2Fmedia&parent=4852"}],"curies":[{"name":"wp","href":"https:\/\/api.w.org\/{rel}","templated":true}]}}