{"id":4850,"date":"2025-01-08T15:22:23","date_gmt":"2025-01-08T15:22:23","guid":{"rendered":"https:\/\/alles-ueber-riffe.de\/?page_id=4850"},"modified":"2025-03-04T21:02:16","modified_gmt":"2025-03-04T21:02:16","slug":"krabbenaugen-grundel","status":"publish","type":"page","link":"https:\/\/alles-ueber-riffe.de\/?page_id=4850","title":{"rendered":"Krabbenaugen-Grundel"},"content":{"rendered":"\n<div class=\"wp-block-group is-vertical is-layout-flex wp-container-core-group-is-layout-8cf370e7 wp-block-group-is-layout-flex\">\n<p><strong>Krabbenaugen-Grundel<\/strong><\/p>\n\n\n\n<p>Twinspot goby<\/p>\n\n\n\n<p><em>Signigobius biocellatus<\/em><\/p>\n<\/div>\n\n\n\n<div style=\"height:30px\" aria-hidden=\"true\" class=\"wp-block-spacer\"><\/div>\n\n\n\n<figure class=\"wp-block-image size-full\"><img loading=\"lazy\" decoding=\"async\" width=\"1024\" height=\"768\" src=\"https:\/\/alles-ueber-riffe.de\/wp-content\/uploads\/2025\/03\/Krabbenaugen-Grundel_1024x768.jpg\" alt=\"\" class=\"wp-image-10557\" srcset=\"https:\/\/alles-ueber-riffe.de\/wp-content\/uploads\/2025\/03\/Krabbenaugen-Grundel_1024x768.jpg 1024w, https:\/\/alles-ueber-riffe.de\/wp-content\/uploads\/2025\/03\/Krabbenaugen-Grundel_1024x768-300x225.jpg 300w, https:\/\/alles-ueber-riffe.de\/wp-content\/uploads\/2025\/03\/Krabbenaugen-Grundel_1024x768-768x576.jpg 768w\" sizes=\"auto, (max-width: 767px) 89vw, (max-width: 1000px) 54vw, (max-width: 1071px) 543px, 580px\" \/><figcaption class=\"wp-element-caption\">\u00a9 Suus Berger<\/figcaption><\/figure>\n\n\n\n<hr class=\"wp-block-separator has-alpha-channel-opacity is-style-default\"\/>\n\n\n\n<p><strong>Gr\u00f6\u00dfe: <\/strong> bis 10 cm<\/p>\n\n\n\n<p><strong>Lebensraum:<\/strong> Sand- und Ger\u00f6llfl\u00e4chen in der N\u00e4he von Korallenriffen<\/p>\n\n\n\n<p><strong>Vorkommen:  <\/strong>Philippinen, Ostindonesien, Nordaustralien, Papua-Neuguinea, Ozeanien bis Vanuatu<\/p>\n\n\n\n<p><strong>Erkennungsmerkmale: <\/strong> Wenn die Krabbenaugen-Grundel alle Flossen abspreizt, dann verdoppelt sie fast ihre Gr\u00f6\u00dfe. Diese monogamen Grundeln leben paarweise in einem Wohnloch im Boden. Sie fressen im Sand lebende Wirbellose, indem sie einen Mund voll Sand nehmen und diese herausfiltern. Sie geh\u00f6ren zu den Schlamm- und Sandgrundeln.<\/p>\n\n\n\n<p><strong>Bedrohungsstatus:<\/strong> Die Art wird auf der Roten Liste der IUCN als <mark style=\"background-color:rgba(0, 0, 0, 0)\" class=\"has-inline-color has-vivid-green-cyan-color\">\u201e nicht gef\u00e4hrdet\u201c <\/mark>gef\u00fchrt.<\/p>\n\n\n\n<hr class=\"wp-block-separator has-alpha-channel-opacity is-style-default\"\/>\n","protected":false},"excerpt":{"rendered":"<p>Krabbenaugen-Grundel Twinspot goby Signigobius biocellatus Gr\u00f6\u00dfe: bis 10 cm Lebensraum: Sand- und Ger\u00f6llfl\u00e4chen in der N\u00e4he von Korallenriffen Vorkommen: Philippinen, Ostindonesien, Nordaustralien, Papua-Neuguinea, Ozeanien bis Vanuatu Erkennungsmerkmale: Wenn die Krabbenaugen-Grundel alle Flossen abspreizt, dann verdoppelt sie fast ihre Gr\u00f6\u00dfe. Diese monogamen Grundeln leben paarweise in einem Wohnloch im Boden. Sie fressen im Sand lebende Wirbellose, &hellip; <\/p>\n<p class=\"link-more\"><a href=\"https:\/\/alles-ueber-riffe.de\/?page_id=4850\" class=\"more-link\"><span class=\"screen-reader-text\">\u201eKrabbenaugen-Grundel\u201c<\/span> weiterlesen<\/a><\/p>\n","protected":false},"author":1,"featured_media":0,"parent":0,"menu_order":0,"comment_status":"closed","ping_status":"closed","template":"","meta":{"footnotes":""},"class_list":["post-4850","page","type-page","status-publish","hentry"],"_links":{"self":[{"href":"https:\/\/alles-ueber-riffe.de\/index.php?rest_route=\/wp\/v2\/pages\/4850","targetHints":{"allow":["GET"]}}],"collection":[{"href":"https:\/\/alles-ueber-riffe.de\/index.php?rest_route=\/wp\/v2\/pages"}],"about":[{"href":"https:\/\/alles-ueber-riffe.de\/index.php?rest_route=\/wp\/v2\/types\/page"}],"author":[{"embeddable":true,"href":"https:\/\/alles-ueber-riffe.de\/index.php?rest_route=\/wp\/v2\/users\/1"}],"replies":[{"embeddable":true,"href":"https:\/\/alles-ueber-riffe.de\/index.php?rest_route=%2Fwp%2Fv2%2Fcomments&post=4850"}],"version-history":[{"count":5,"href":"https:\/\/alles-ueber-riffe.de\/index.php?rest_route=\/wp\/v2\/pages\/4850\/revisions"}],"predecessor-version":[{"id":10560,"href":"https:\/\/alles-ueber-riffe.de\/index.php?rest_route=\/wp\/v2\/pages\/4850\/revisions\/10560"}],"wp:attachment":[{"href":"https:\/\/alles-ueber-riffe.de\/index.php?rest_route=%2Fwp%2Fv2%2Fmedia&parent=4850"}],"curies":[{"name":"wp","href":"https:\/\/api.w.org\/{rel}","templated":true}]}}