{"id":4848,"date":"2025-01-08T15:22:13","date_gmt":"2025-01-08T15:22:13","guid":{"rendered":"https:\/\/alles-ueber-riffe.de\/?page_id=4848"},"modified":"2025-03-04T20:56:38","modified_gmt":"2025-03-04T20:56:38","slug":"goldstirn-schlaefergrundel","status":"publish","type":"page","link":"https:\/\/alles-ueber-riffe.de\/?page_id=4848","title":{"rendered":"Goldstirn-Schl\u00e4fergrundel"},"content":{"rendered":"\n<div class=\"wp-block-group is-vertical is-layout-flex wp-container-core-group-is-layout-8cf370e7 wp-block-group-is-layout-flex\">\n<p><strong>Goldstirn-Sch\u00e4fergrundel<\/strong><\/p>\n\n\n\n<p>Blueband goby<\/p>\n\n\n\n<p><em>Valenciennea strigata<\/em><\/p>\n<\/div>\n\n\n\n<div style=\"height:30px\" aria-hidden=\"true\" class=\"wp-block-spacer\"><\/div>\n\n\n\n<figure class=\"wp-block-image size-full\"><img loading=\"lazy\" decoding=\"async\" width=\"1024\" height=\"768\" src=\"https:\/\/alles-ueber-riffe.de\/wp-content\/uploads\/2025\/03\/Goldstirn-Schaefergrundel_1024x768.jpg\" alt=\"\" class=\"wp-image-10553\" srcset=\"https:\/\/alles-ueber-riffe.de\/wp-content\/uploads\/2025\/03\/Goldstirn-Schaefergrundel_1024x768.jpg 1024w, https:\/\/alles-ueber-riffe.de\/wp-content\/uploads\/2025\/03\/Goldstirn-Schaefergrundel_1024x768-300x225.jpg 300w, https:\/\/alles-ueber-riffe.de\/wp-content\/uploads\/2025\/03\/Goldstirn-Schaefergrundel_1024x768-768x576.jpg 768w\" sizes=\"auto, (max-width: 767px) 89vw, (max-width: 1000px) 54vw, (max-width: 1071px) 543px, 580px\" \/><figcaption class=\"wp-element-caption\">\u00a9 Heinz Krimmer<\/figcaption><\/figure>\n\n\n\n<hr class=\"wp-block-separator has-alpha-channel-opacity is-style-default\"\/>\n\n\n\n<p><strong>Gr\u00f6\u00dfe: <\/strong> bis 18 cm<\/p>\n\n\n\n<p><strong>Lebensraum:<\/strong> Sand- und Ger\u00f6llfl\u00e4chen in der N\u00e4he von Korallenriffen<\/p>\n\n\n\n<p><strong>Vorkommen:  <\/strong>Ostafrika, Malediven, ganz S\u00fcdostasien, S\u00fcdjapan, Nordaustralien, Papua-Neuguinea, Ozeanien bis zu den Tuamoto Inseln<\/p>\n\n\n\n<p><strong>Erkennungsmerkmale: <\/strong> Grundfarbe hellgrau; gelber Kopf; kurzer, hellblauer L\u00e4ngsstreifen \u00fcber die Kiemen<\/p>\n\n\n\n<p><strong>Biologie &amp; Verhalten: <\/strong> Diese monogamen Grundeln leben paarweise in einem Wohnloch im Boden. Sie geh\u00f6ren zu den Schlamm- und Sandgrundeln. Monogam. Fressen kleine bodenlebende Wirbellose, Fische und Fischeier.<\/p>\n\n\n\n<p><strong>Bedrohungsstatus:<\/strong> Die Art wird auf der Roten Liste der IUCN als <mark style=\"background-color:rgba(0, 0, 0, 0)\" class=\"has-inline-color has-vivid-green-cyan-color\">\u201e nicht gef\u00e4hrdet\u201c<\/mark> gef\u00fchrt.<\/p>\n\n\n\n<hr class=\"wp-block-separator has-alpha-channel-opacity is-style-default\"\/>\n","protected":false},"excerpt":{"rendered":"<p>Goldstirn-Sch\u00e4fergrundel Blueband goby Valenciennea strigata Gr\u00f6\u00dfe: bis 18 cm Lebensraum: Sand- und Ger\u00f6llfl\u00e4chen in der N\u00e4he von Korallenriffen Vorkommen: Ostafrika, Malediven, ganz S\u00fcdostasien, S\u00fcdjapan, Nordaustralien, Papua-Neuguinea, Ozeanien bis zu den Tuamoto Inseln Erkennungsmerkmale: Grundfarbe hellgrau; gelber Kopf; kurzer, hellblauer L\u00e4ngsstreifen \u00fcber die Kiemen Biologie &amp; Verhalten: Diese monogamen Grundeln leben paarweise in einem Wohnloch im &hellip; <\/p>\n<p class=\"link-more\"><a href=\"https:\/\/alles-ueber-riffe.de\/?page_id=4848\" class=\"more-link\"><span class=\"screen-reader-text\">\u201eGoldstirn-Schl\u00e4fergrundel\u201c<\/span> weiterlesen<\/a><\/p>\n","protected":false},"author":1,"featured_media":0,"parent":0,"menu_order":0,"comment_status":"closed","ping_status":"closed","template":"","meta":{"footnotes":""},"class_list":["post-4848","page","type-page","status-publish","hentry"],"_links":{"self":[{"href":"https:\/\/alles-ueber-riffe.de\/index.php?rest_route=\/wp\/v2\/pages\/4848","targetHints":{"allow":["GET"]}}],"collection":[{"href":"https:\/\/alles-ueber-riffe.de\/index.php?rest_route=\/wp\/v2\/pages"}],"about":[{"href":"https:\/\/alles-ueber-riffe.de\/index.php?rest_route=\/wp\/v2\/types\/page"}],"author":[{"embeddable":true,"href":"https:\/\/alles-ueber-riffe.de\/index.php?rest_route=\/wp\/v2\/users\/1"}],"replies":[{"embeddable":true,"href":"https:\/\/alles-ueber-riffe.de\/index.php?rest_route=%2Fwp%2Fv2%2Fcomments&post=4848"}],"version-history":[{"count":4,"href":"https:\/\/alles-ueber-riffe.de\/index.php?rest_route=\/wp\/v2\/pages\/4848\/revisions"}],"predecessor-version":[{"id":10555,"href":"https:\/\/alles-ueber-riffe.de\/index.php?rest_route=\/wp\/v2\/pages\/4848\/revisions\/10555"}],"wp:attachment":[{"href":"https:\/\/alles-ueber-riffe.de\/index.php?rest_route=%2Fwp%2Fv2%2Fmedia&parent=4848"}],"curies":[{"name":"wp","href":"https:\/\/api.w.org\/{rel}","templated":true}]}}