{"id":4846,"date":"2025-01-08T15:22:03","date_gmt":"2025-01-08T15:22:03","guid":{"rendered":"https:\/\/alles-ueber-riffe.de\/?page_id=4846"},"modified":"2025-03-04T20:47:32","modified_gmt":"2025-03-04T20:47:32","slug":"gewoehnlicher-schlammspringer","status":"publish","type":"page","link":"https:\/\/alles-ueber-riffe.de\/?page_id=4846","title":{"rendered":"Gew\u00f6hnlicher Schlammspringer"},"content":{"rendered":"\n<div class=\"wp-block-group is-vertical is-layout-flex wp-container-core-group-is-layout-8cf370e7 wp-block-group-is-layout-flex\">\n<p><strong>Gew\u00f6hnlicher Schlammspringer<\/strong><\/p>\n\n\n\n<p>Common mudskipper<\/p>\n\n\n\n<p><em>Periophthalmus kalolo<\/em><\/p>\n<\/div>\n\n\n\n<div style=\"height:30px\" aria-hidden=\"true\" class=\"wp-block-spacer\"><\/div>\n\n\n\n<figure class=\"wp-block-video\"><video height=\"576\" style=\"aspect-ratio: 1024 \/ 576;\" width=\"1024\" controls src=\"https:\/\/alles-ueber-riffe.de\/wp-content\/uploads\/2025\/03\/Schlammspringer.mp4\"><\/video><figcaption class=\"wp-element-caption\">\u00a9 Heinz Krimmer<\/figcaption><\/figure>\n\n\n\n<hr class=\"wp-block-separator has-alpha-channel-opacity is-style-default\"\/>\n\n\n\n<p><strong>Gr\u00f6\u00dfe: <\/strong> bis 14 cm<\/p>\n\n\n\n<p><strong>Lebensraum:<\/strong> Gezeitenzonen, Mangrovengebiete<\/p>\n\n\n\n<p><strong>Vorkommen:  <\/strong>Ostafrika, Indien, ganz S\u00fcdostasien, Nordaustralien, Papua-Neuguinea, Ozeanien bis Samoa<\/p>\n\n\n\n<p><strong>Erkennungsmerkmale:<\/strong> Grundfarbe hellbraun; unregelm\u00e4\u00dfige, braune Flecken<\/p>\n\n\n\n<p><strong>Biologie &amp; Verhalten: <\/strong> Endlich mal ein Fisch, den man beim Spazierengehen beobachten kann, denn die amphibisch lebende Art h\u00e4lt sich mehr \u00fcber als unter Wasser auf. Er bevorzugt schlammige Gezeitenzonen und insbesondere Mangrovengebiete. Gerne sitzt er auf den Wurzeln der Mangroven und l\u00e4sst sich von den Wellen befeuchten.<\/p>\n\n\n\n<p>Der Gew\u00f6hnliche Schlammspringer geh\u00f6rt zu der Gruppe der Schlamm- und Sandgrundeln.<\/p>\n\n\n\n<p><strong>Bedrohungsstatus:<\/strong> Die Art wird auf der Roten Liste der IUCN als <mark style=\"background-color:rgba(0, 0, 0, 0)\" class=\"has-inline-color has-vivid-green-cyan-color\">\u201enicht gef\u00e4hrdet\u201c<\/mark> gef\u00fchrt.<\/p>\n\n\n\n<hr class=\"wp-block-separator has-alpha-channel-opacity is-style-default\"\/>\n\n\n\n<p><\/p>\n","protected":false},"excerpt":{"rendered":"<p>Gew\u00f6hnlicher Schlammspringer Common mudskipper Periophthalmus kalolo Gr\u00f6\u00dfe: bis 14 cm Lebensraum: Gezeitenzonen, Mangrovengebiete Vorkommen: Ostafrika, Indien, ganz S\u00fcdostasien, Nordaustralien, Papua-Neuguinea, Ozeanien bis Samoa Erkennungsmerkmale: Grundfarbe hellbraun; unregelm\u00e4\u00dfige, braune Flecken Biologie &amp; Verhalten: Endlich mal ein Fisch, den man beim Spazierengehen beobachten kann, denn die amphibisch lebende Art h\u00e4lt sich mehr \u00fcber als unter Wasser auf. &hellip; <\/p>\n<p class=\"link-more\"><a href=\"https:\/\/alles-ueber-riffe.de\/?page_id=4846\" class=\"more-link\"><span class=\"screen-reader-text\">\u201eGew\u00f6hnlicher Schlammspringer\u201c<\/span> weiterlesen<\/a><\/p>\n","protected":false},"author":1,"featured_media":0,"parent":0,"menu_order":0,"comment_status":"closed","ping_status":"closed","template":"","meta":{"footnotes":""},"class_list":["post-4846","page","type-page","status-publish","hentry"],"_links":{"self":[{"href":"https:\/\/alles-ueber-riffe.de\/index.php?rest_route=\/wp\/v2\/pages\/4846","targetHints":{"allow":["GET"]}}],"collection":[{"href":"https:\/\/alles-ueber-riffe.de\/index.php?rest_route=\/wp\/v2\/pages"}],"about":[{"href":"https:\/\/alles-ueber-riffe.de\/index.php?rest_route=\/wp\/v2\/types\/page"}],"author":[{"embeddable":true,"href":"https:\/\/alles-ueber-riffe.de\/index.php?rest_route=\/wp\/v2\/users\/1"}],"replies":[{"embeddable":true,"href":"https:\/\/alles-ueber-riffe.de\/index.php?rest_route=%2Fwp%2Fv2%2Fcomments&post=4846"}],"version-history":[{"count":3,"href":"https:\/\/alles-ueber-riffe.de\/index.php?rest_route=\/wp\/v2\/pages\/4846\/revisions"}],"predecessor-version":[{"id":10550,"href":"https:\/\/alles-ueber-riffe.de\/index.php?rest_route=\/wp\/v2\/pages\/4846\/revisions\/10550"}],"wp:attachment":[{"href":"https:\/\/alles-ueber-riffe.de\/index.php?rest_route=%2Fwp%2Fv2%2Fmedia&parent=4846"}],"curies":[{"name":"wp","href":"https:\/\/api.w.org\/{rel}","templated":true}]}}