{"id":4836,"date":"2025-01-08T15:20:56","date_gmt":"2025-01-08T15:20:56","guid":{"rendered":"https:\/\/alles-ueber-riffe.de\/?page_id=4836"},"modified":"2025-01-20T11:43:21","modified_gmt":"2025-01-20T11:43:21","slug":"riff-grossaugenbarsch","status":"publish","type":"page","link":"https:\/\/alles-ueber-riffe.de\/?page_id=4836","title":{"rendered":"Riff-Gro\u00dfaugenbarsch"},"content":{"rendered":"\n<div class=\"wp-block-group is-vertical is-layout-flex wp-container-core-group-is-layout-8cf370e7 wp-block-group-is-layout-flex\">\n<p><strong>Riff-Gro\u00dfaugenbarsch<\/strong><\/p>\n\n\n\n<p>Moontail bullseye<\/p>\n\n\n\n<p><em>Priacanthus hamrur<\/em><\/p>\n<\/div>\n\n\n\n<div style=\"height:30px\" aria-hidden=\"true\" class=\"wp-block-spacer\"><\/div>\n\n\n\n<figure class=\"wp-block-video\"><video height=\"576\" style=\"aspect-ratio: 1024 \/ 576;\" width=\"1024\" controls src=\"https:\/\/alles-ueber-riffe.de\/wp-content\/uploads\/2025\/01\/Riff-Grossaugenbarsch.mp4\"><\/video><figcaption class=\"wp-element-caption\">\u00a9 Heinz Krimmer<\/figcaption><\/figure>\n\n\n\n<hr class=\"wp-block-separator has-alpha-channel-opacity is-style-default\"\/>\n\n\n\n<p><strong>Gr\u00f6\u00dfe: <\/strong> bis 45 cm<\/p>\n\n\n\n<p><strong>Lebensraum:<\/strong> Korallenriffe<\/p>\n\n\n\n<p><strong>Vorkommen:  <\/strong>Ostafrika, Rotes Meer, Oman, Malediven, S\u00fcdjapan, ganz S\u00fcdostasien, Nordaustralien, Ozeanien bis Franz\u00f6sisch Polynesien<\/p>\n\n\n\n<p><strong>Erkennungsmerkmale: <\/strong>Grundfarbe rot bis silbern; gro\u00dfes Auge<\/p>\n\n\n\n<p><strong>Biologie &amp; Verhalten: <\/strong> Der Riff-Gro\u00dfaugenbarsch ist kaum vom Glasauge zu unterscheiden. Um sicher zu gehen, m\u00fcsste man den Fisch fangen und genetisch untersuchen. <\/p>\n\n\n\n<p>Tags\u00fcber halten sich die Tiere in kleinen Gruppen in H\u00f6hlen, Unterst\u00e4nden oder kurz davor im Riff auf. Nachts wird er aktiv und jagt Krebse, Garnelen und kleine Fische.\u00a0<\/p>\n\n\n\n<p><strong>Bedrohungsstatus:<\/strong> Die Art wird auf der Roten Liste der IUCN als <mark style=\"background-color:rgba(0, 0, 0, 0)\" class=\"has-inline-color has-vivid-green-cyan-color\">\u201enicht gef\u00e4hrdet\u201c<\/mark> gef\u00fchrt.<\/p>\n\n\n\n<hr class=\"wp-block-separator has-alpha-channel-opacity is-style-default\"\/>\n","protected":false},"excerpt":{"rendered":"<p>Riff-Gro\u00dfaugenbarsch Moontail bullseye Priacanthus hamrur Gr\u00f6\u00dfe: bis 45 cm Lebensraum: Korallenriffe Vorkommen: Ostafrika, Rotes Meer, Oman, Malediven, S\u00fcdjapan, ganz S\u00fcdostasien, Nordaustralien, Ozeanien bis Franz\u00f6sisch Polynesien Erkennungsmerkmale: Grundfarbe rot bis silbern; gro\u00dfes Auge Biologie &amp; Verhalten: Der Riff-Gro\u00dfaugenbarsch ist kaum vom Glasauge zu unterscheiden. Um sicher zu gehen, m\u00fcsste man den Fisch fangen und genetisch untersuchen. &hellip; <\/p>\n<p class=\"link-more\"><a href=\"https:\/\/alles-ueber-riffe.de\/?page_id=4836\" class=\"more-link\"><span class=\"screen-reader-text\">\u201eRiff-Gro\u00dfaugenbarsch\u201c<\/span> weiterlesen<\/a><\/p>\n","protected":false},"author":1,"featured_media":0,"parent":0,"menu_order":0,"comment_status":"closed","ping_status":"closed","template":"","meta":{"footnotes":""},"class_list":["post-4836","page","type-page","status-publish","hentry"],"_links":{"self":[{"href":"https:\/\/alles-ueber-riffe.de\/index.php?rest_route=\/wp\/v2\/pages\/4836","targetHints":{"allow":["GET"]}}],"collection":[{"href":"https:\/\/alles-ueber-riffe.de\/index.php?rest_route=\/wp\/v2\/pages"}],"about":[{"href":"https:\/\/alles-ueber-riffe.de\/index.php?rest_route=\/wp\/v2\/types\/page"}],"author":[{"embeddable":true,"href":"https:\/\/alles-ueber-riffe.de\/index.php?rest_route=\/wp\/v2\/users\/1"}],"replies":[{"embeddable":true,"href":"https:\/\/alles-ueber-riffe.de\/index.php?rest_route=%2Fwp%2Fv2%2Fcomments&post=4836"}],"version-history":[{"count":7,"href":"https:\/\/alles-ueber-riffe.de\/index.php?rest_route=\/wp\/v2\/pages\/4836\/revisions"}],"predecessor-version":[{"id":7599,"href":"https:\/\/alles-ueber-riffe.de\/index.php?rest_route=\/wp\/v2\/pages\/4836\/revisions\/7599"}],"wp:attachment":[{"href":"https:\/\/alles-ueber-riffe.de\/index.php?rest_route=%2Fwp%2Fv2%2Fmedia&parent=4836"}],"curies":[{"name":"wp","href":"https:\/\/api.w.org\/{rel}","templated":true}]}}