{"id":4834,"date":"2025-01-08T15:20:44","date_gmt":"2025-01-08T15:20:44","guid":{"rendered":"https:\/\/alles-ueber-riffe.de\/?page_id=4834"},"modified":"2025-01-20T11:38:42","modified_gmt":"2025-01-20T11:38:42","slug":"glasauge","status":"publish","type":"page","link":"https:\/\/alles-ueber-riffe.de\/?page_id=4834","title":{"rendered":"Glasauge"},"content":{"rendered":"\n<div class=\"wp-block-group is-vertical is-layout-flex wp-container-core-group-is-layout-8cf370e7 wp-block-group-is-layout-flex\">\n<p><strong>Glasauge<\/strong><\/p>\n\n\n\n<p>Glasseye<\/p>\n\n\n\n<p><em>Heteropriacanthus cruentatus<\/em><\/p>\n<\/div>\n\n\n\n<div style=\"height:30px\" aria-hidden=\"true\" class=\"wp-block-spacer\"><\/div>\n\n\n\n<figure class=\"wp-block-video\"><video height=\"576\" style=\"aspect-ratio: 1024 \/ 576;\" width=\"1024\" controls src=\"https:\/\/alles-ueber-riffe.de\/wp-content\/uploads\/2025\/01\/Glasauge.mp4\"><\/video><figcaption class=\"wp-element-caption\">\u00a9 Heinz Krimmer<\/figcaption><\/figure>\n\n\n\n<hr class=\"wp-block-separator has-alpha-channel-opacity is-style-default\"\/>\n\n\n\n<p><strong>Gr\u00f6\u00dfe: <\/strong> bis 50,7 cm<\/p>\n\n\n\n<p><strong>Lebensraum:<\/strong> Korallenriffe<\/p>\n\n\n\n<p><strong>Vorkommen:  <\/strong>in allen tropischen Bereichen des Atlantik und des Pazifik<\/p>\n\n\n\n<p><strong>Erkennungsmerkmale: <\/strong> Grundfarbe rot mit kleinen fleckigen Strukturen; gro\u00dfes Auge<\/p>\n\n\n\n<p><strong>Biologie &amp; Verhalten: <\/strong> Der Fisch mit dem seltsamen Namen einer orthop\u00e4dischen Prothese, die man keinem w\u00fcnscht, ist kaum vom Riff-Gro\u00dfaugenbarsch zu unterscheiden. Um sicher zu gehen, m\u00fcsste man den Fisch fangen und genetisch untersuchen. Ruht genau wie dieser tags\u00fcber allein oder in kleinen Gruppen in H\u00f6hlen, Unterst\u00e4nden oder kurz davor im Riff. Nachts wird er aktiv und jagt Krebse, Garnelen und kleine Fische.\u00a0<\/p>\n\n\n\n<p><strong>Bedrohungsstatus:<\/strong> Die Art wird auf der Roten Liste der IUCN als <mark style=\"background-color:rgba(0, 0, 0, 0)\" class=\"has-inline-color has-vivid-green-cyan-color\">\u201enicht gef\u00e4hrdet\u201c<\/mark> gef\u00fchrt.<\/p>\n\n\n\n<p><mark style=\"background-color:rgba(0, 0, 0, 0)\" class=\"has-inline-color has-vivid-red-color\"><strong>Gefahr:<\/strong>\u00a0Meldungen \u00fcber Ciguatera-Vergiftungen bei Menschen nach dem Verzehr des Fisches liegen vor.<\/mark><\/p>\n\n\n\n<hr class=\"wp-block-separator has-alpha-channel-opacity is-style-default\"\/>\n","protected":false},"excerpt":{"rendered":"<p>Glasauge Glasseye Heteropriacanthus cruentatus Gr\u00f6\u00dfe: bis 50,7 cm Lebensraum: Korallenriffe Vorkommen: in allen tropischen Bereichen des Atlantik und des Pazifik Erkennungsmerkmale: Grundfarbe rot mit kleinen fleckigen Strukturen; gro\u00dfes Auge Biologie &amp; Verhalten: Der Fisch mit dem seltsamen Namen einer orthop\u00e4dischen Prothese, die man keinem w\u00fcnscht, ist kaum vom Riff-Gro\u00dfaugenbarsch zu unterscheiden. Um sicher zu gehen, &hellip; <\/p>\n<p class=\"link-more\"><a href=\"https:\/\/alles-ueber-riffe.de\/?page_id=4834\" class=\"more-link\"><span class=\"screen-reader-text\">\u201eGlasauge\u201c<\/span> weiterlesen<\/a><\/p>\n","protected":false},"author":1,"featured_media":0,"parent":0,"menu_order":0,"comment_status":"closed","ping_status":"closed","template":"","meta":{"footnotes":""},"class_list":["post-4834","page","type-page","status-publish","hentry"],"_links":{"self":[{"href":"https:\/\/alles-ueber-riffe.de\/index.php?rest_route=\/wp\/v2\/pages\/4834","targetHints":{"allow":["GET"]}}],"collection":[{"href":"https:\/\/alles-ueber-riffe.de\/index.php?rest_route=\/wp\/v2\/pages"}],"about":[{"href":"https:\/\/alles-ueber-riffe.de\/index.php?rest_route=\/wp\/v2\/types\/page"}],"author":[{"embeddable":true,"href":"https:\/\/alles-ueber-riffe.de\/index.php?rest_route=\/wp\/v2\/users\/1"}],"replies":[{"embeddable":true,"href":"https:\/\/alles-ueber-riffe.de\/index.php?rest_route=%2Fwp%2Fv2%2Fcomments&post=4834"}],"version-history":[{"count":10,"href":"https:\/\/alles-ueber-riffe.de\/index.php?rest_route=\/wp\/v2\/pages\/4834\/revisions"}],"predecessor-version":[{"id":7591,"href":"https:\/\/alles-ueber-riffe.de\/index.php?rest_route=\/wp\/v2\/pages\/4834\/revisions\/7591"}],"wp:attachment":[{"href":"https:\/\/alles-ueber-riffe.de\/index.php?rest_route=%2Fwp%2Fv2%2Fmedia&parent=4834"}],"curies":[{"name":"wp","href":"https:\/\/api.w.org\/{rel}","templated":true}]}}