{"id":4832,"date":"2025-01-08T15:20:26","date_gmt":"2025-01-08T15:20:26","guid":{"rendered":"https:\/\/alles-ueber-riffe.de\/?page_id=4832"},"modified":"2025-01-20T11:33:00","modified_gmt":"2025-01-20T11:33:00","slug":"langmaul-graetenfisch","status":"publish","type":"page","link":"https:\/\/alles-ueber-riffe.de\/?page_id=4832","title":{"rendered":"Langmaul-Gr\u00e4tenfisch"},"content":{"rendered":"\n<div class=\"wp-block-group is-vertical is-layout-flex wp-container-core-group-is-layout-8cf370e7 wp-block-group-is-layout-flex\">\n<p><strong>Kleiner Gr\u00e4tenfisch<\/strong><\/p>\n\n\n\n<p>Smallscale bonefish<\/p>\n\n\n\n<p><em>Albula oligolepis<\/em><\/p>\n<\/div>\n\n\n\n<div style=\"height:30px\" aria-hidden=\"true\" class=\"wp-block-spacer\"><\/div>\n\n\n\n<figure class=\"wp-block-image size-full\"><img loading=\"lazy\" decoding=\"async\" width=\"1024\" height=\"768\" src=\"https:\/\/alles-ueber-riffe.de\/wp-content\/uploads\/2025\/01\/Langmaul-Graetenfisch_1024x768.jpg\" alt=\"\" class=\"wp-image-7577\" srcset=\"https:\/\/alles-ueber-riffe.de\/wp-content\/uploads\/2025\/01\/Langmaul-Graetenfisch_1024x768.jpg 1024w, https:\/\/alles-ueber-riffe.de\/wp-content\/uploads\/2025\/01\/Langmaul-Graetenfisch_1024x768-300x225.jpg 300w, https:\/\/alles-ueber-riffe.de\/wp-content\/uploads\/2025\/01\/Langmaul-Graetenfisch_1024x768-768x576.jpg 768w\" sizes=\"auto, (max-width: 767px) 89vw, (max-width: 1000px) 54vw, (max-width: 1071px) 543px, 580px\" \/><figcaption class=\"wp-element-caption\">\u00a9 Heinz Krimmer<\/figcaption><\/figure>\n\n\n\n<hr class=\"wp-block-separator has-alpha-channel-opacity is-style-default\"\/>\n\n\n\n<p><strong>Gr\u00f6\u00dfe: <\/strong> bis 35,4 cm<\/p>\n\n\n\n<p><strong>Lebensraum:<\/strong> selten in Korallenriffen, eher in Lagunen oder der K\u00fcste im flachen Wasser<\/p>\n\n\n\n<p><strong>Vorkommen:  <\/strong>Ostafrika, Malediven, ganz S\u00fcdostasien, Nordaustralien, Papua-Neuguinea<\/p>\n\n\n\n<p><strong>Erkennungsmerkmale: <\/strong>Grundfarbe silbern; unterst\u00e4ndiges Maul<\/p>\n\n\n\n<p><strong>Biologie &amp; Verhalten: <\/strong> Die 10 Arten der Familie Albula sind f\u00fcr Laien und Profis kaum zu unterscheiden.<\/p>\n\n\n\n<p>Einige Arten sind auch inzwischen auf der Roten Liste der IUCN als gef\u00e4hrdet eingestuft.<\/p>\n\n\n\n<p>\u00dcber den kleinen Gr\u00e4tenfisch ist wenig bekannt.&nbsp;<\/p>\n\n\n\n<p><strong>Bedrohungsstatus:<\/strong> Zu wenige Daten, um einen Status bei der IUCN festlegen zu k\u00f6nnen.<\/p>\n\n\n\n<hr class=\"wp-block-separator has-alpha-channel-opacity is-style-default\"\/>\n","protected":false},"excerpt":{"rendered":"<p>Kleiner Gr\u00e4tenfisch Smallscale bonefish Albula oligolepis Gr\u00f6\u00dfe: bis 35,4 cm Lebensraum: selten in Korallenriffen, eher in Lagunen oder der K\u00fcste im flachen Wasser Vorkommen: Ostafrika, Malediven, ganz S\u00fcdostasien, Nordaustralien, Papua-Neuguinea Erkennungsmerkmale: Grundfarbe silbern; unterst\u00e4ndiges Maul Biologie &amp; Verhalten: Die 10 Arten der Familie Albula sind f\u00fcr Laien und Profis kaum zu unterscheiden. Einige Arten sind &hellip; <\/p>\n<p class=\"link-more\"><a href=\"https:\/\/alles-ueber-riffe.de\/?page_id=4832\" class=\"more-link\"><span class=\"screen-reader-text\">\u201eLangmaul-Gr\u00e4tenfisch\u201c<\/span> weiterlesen<\/a><\/p>\n","protected":false},"author":1,"featured_media":0,"parent":0,"menu_order":0,"comment_status":"closed","ping_status":"closed","template":"","meta":{"footnotes":""},"class_list":["post-4832","page","type-page","status-publish","hentry"],"_links":{"self":[{"href":"https:\/\/alles-ueber-riffe.de\/index.php?rest_route=\/wp\/v2\/pages\/4832","targetHints":{"allow":["GET"]}}],"collection":[{"href":"https:\/\/alles-ueber-riffe.de\/index.php?rest_route=\/wp\/v2\/pages"}],"about":[{"href":"https:\/\/alles-ueber-riffe.de\/index.php?rest_route=\/wp\/v2\/types\/page"}],"author":[{"embeddable":true,"href":"https:\/\/alles-ueber-riffe.de\/index.php?rest_route=\/wp\/v2\/users\/1"}],"replies":[{"embeddable":true,"href":"https:\/\/alles-ueber-riffe.de\/index.php?rest_route=%2Fwp%2Fv2%2Fcomments&post=4832"}],"version-history":[{"count":6,"href":"https:\/\/alles-ueber-riffe.de\/index.php?rest_route=\/wp\/v2\/pages\/4832\/revisions"}],"predecessor-version":[{"id":7581,"href":"https:\/\/alles-ueber-riffe.de\/index.php?rest_route=\/wp\/v2\/pages\/4832\/revisions\/7581"}],"wp:attachment":[{"href":"https:\/\/alles-ueber-riffe.de\/index.php?rest_route=%2Fwp%2Fv2%2Fmedia&parent=4832"}],"curies":[{"name":"wp","href":"https:\/\/api.w.org\/{rel}","templated":true}]}}