{"id":4828,"date":"2025-01-08T15:19:10","date_gmt":"2025-01-08T15:19:10","guid":{"rendered":"https:\/\/alles-ueber-riffe.de\/?page_id=4828"},"modified":"2025-01-19T12:18:12","modified_gmt":"2025-01-19T12:18:12","slug":"kupfer-beilbauchfisch","status":"publish","type":"page","link":"https:\/\/alles-ueber-riffe.de\/?page_id=4828","title":{"rendered":"Kupfer-Beilbauchfisch"},"content":{"rendered":"\n<div class=\"wp-block-group is-vertical is-layout-flex wp-container-core-group-is-layout-8cf370e7 wp-block-group-is-layout-flex\">\n<p><strong>Kupfer-Beilbauchfisch<\/strong><\/p>\n\n\n\n<p>Silver sweeper<\/p>\n\n\n\n<p><em>Pempheris oualensis<\/em><\/p>\n<\/div>\n\n\n\n<div style=\"height:30px\" aria-hidden=\"true\" class=\"wp-block-spacer\"><\/div>\n\n\n\n<figure class=\"wp-block-video\"><video height=\"576\" style=\"aspect-ratio: 1024 \/ 576;\" width=\"1024\" controls src=\"https:\/\/alles-ueber-riffe.de\/wp-content\/uploads\/2025\/01\/Kupfer-Beilbauchfisch.mp4\"><\/video><figcaption class=\"wp-element-caption\">\u00a9 Heinz Krimmer<\/figcaption><\/figure>\n\n\n\n<hr class=\"wp-block-separator has-alpha-channel-opacity is-style-default\"\/>\n\n\n\n<p><strong>Gr\u00f6\u00dfe: <\/strong> bis 22 cm<\/p>\n\n\n\n<p><strong>Lebensraum:<\/strong>  Korallenriff<\/p>\n\n\n\n<p><strong>Vorkommen:  <\/strong>Ostafrika, Rotes Meer, Malediven, S\u00fcdjapan, ganz S\u00fcdostasien, Nordaustralien, Ozeanien bis zu den Marquesas<\/p>\n\n\n\n<p><strong>Erkennungsmerkmale: <\/strong> Grundfarbe kupfer; am Beginn der Brustflosse ein schwarzer Fleck<\/p>\n\n\n\n<p><strong>Biologie &amp; Verhalten: <\/strong> Den Kupfer-Beilbauchfisch findet man oft an H\u00f6hleneing\u00e4ngen und in H\u00f6hlen. Hier versammeln sie sich in gro\u00dfen Gruppen. Nachts sind sie im Riff unterwegs und jagen Zooplankton und kleine Fische.<\/p>\n\n\n\n<p>Beilbauchfische sind schwierig zu bestimmen, da man sie in den dunklen H\u00f6hlen sie oft nur als schwarze Silhouette sieht. Man braucht Licht, um die kleinen Unterschiede zu erkennen, die f\u00fcr einzelne Arten charakteristisch sind.<\/p>\n\n\n\n<p><strong>Bedrohungsstatus:<\/strong> Die Art wird auf der Roten Liste der IUCN als <mark style=\"background-color:rgba(0, 0, 0, 0)\" class=\"has-inline-color has-vivid-green-cyan-color\">\u201enicht gef\u00e4hrdet\u201c<\/mark> gef\u00fchrt.<\/p>\n\n\n\n<hr class=\"wp-block-separator has-alpha-channel-opacity is-style-default\"\/>\n","protected":false},"excerpt":{"rendered":"<p>Kupfer-Beilbauchfisch Silver sweeper Pempheris oualensis Gr\u00f6\u00dfe: bis 22 cm Lebensraum: Korallenriff Vorkommen: Ostafrika, Rotes Meer, Malediven, S\u00fcdjapan, ganz S\u00fcdostasien, Nordaustralien, Ozeanien bis zu den Marquesas Erkennungsmerkmale: Grundfarbe kupfer; am Beginn der Brustflosse ein schwarzer Fleck Biologie &amp; Verhalten: Den Kupfer-Beilbauchfisch findet man oft an H\u00f6hleneing\u00e4ngen und in H\u00f6hlen. Hier versammeln sie sich in gro\u00dfen Gruppen. &hellip; <\/p>\n<p class=\"link-more\"><a href=\"https:\/\/alles-ueber-riffe.de\/?page_id=4828\" class=\"more-link\"><span class=\"screen-reader-text\">\u201eKupfer-Beilbauchfisch\u201c<\/span> weiterlesen<\/a><\/p>\n","protected":false},"author":1,"featured_media":0,"parent":0,"menu_order":0,"comment_status":"closed","ping_status":"closed","template":"","meta":{"footnotes":""},"class_list":["post-4828","page","type-page","status-publish","hentry"],"_links":{"self":[{"href":"https:\/\/alles-ueber-riffe.de\/index.php?rest_route=\/wp\/v2\/pages\/4828","targetHints":{"allow":["GET"]}}],"collection":[{"href":"https:\/\/alles-ueber-riffe.de\/index.php?rest_route=\/wp\/v2\/pages"}],"about":[{"href":"https:\/\/alles-ueber-riffe.de\/index.php?rest_route=\/wp\/v2\/types\/page"}],"author":[{"embeddable":true,"href":"https:\/\/alles-ueber-riffe.de\/index.php?rest_route=\/wp\/v2\/users\/1"}],"replies":[{"embeddable":true,"href":"https:\/\/alles-ueber-riffe.de\/index.php?rest_route=%2Fwp%2Fv2%2Fcomments&post=4828"}],"version-history":[{"count":5,"href":"https:\/\/alles-ueber-riffe.de\/index.php?rest_route=\/wp\/v2\/pages\/4828\/revisions"}],"predecessor-version":[{"id":7560,"href":"https:\/\/alles-ueber-riffe.de\/index.php?rest_route=\/wp\/v2\/pages\/4828\/revisions\/7560"}],"wp:attachment":[{"href":"https:\/\/alles-ueber-riffe.de\/index.php?rest_route=%2Fwp%2Fv2%2Fmedia&parent=4828"}],"curies":[{"name":"wp","href":"https:\/\/api.w.org\/{rel}","templated":true}]}}