{"id":4822,"date":"2025-01-08T15:18:27","date_gmt":"2025-01-08T15:18:27","guid":{"rendered":"https:\/\/alles-ueber-riffe.de\/?page_id=4822"},"modified":"2025-01-19T12:06:31","modified_gmt":"2025-01-19T12:06:31","slug":"haariger-geisterpfeifenfisch","status":"publish","type":"page","link":"https:\/\/alles-ueber-riffe.de\/?page_id=4822","title":{"rendered":"Haariger Geisterpfeifenfisch"},"content":{"rendered":"\n<div class=\"wp-block-group is-vertical is-layout-flex wp-container-core-group-is-layout-8cf370e7 wp-block-group-is-layout-flex\">\n<p><strong>Haariger Geisterpfeifenfisch<\/strong><\/p>\n\n\n\n<p>Roughsnout ghost pipefish<\/p>\n\n\n\n<p><em>Solenostomus paegnius<\/em><\/p>\n<\/div>\n\n\n\n<div style=\"height:30px\" aria-hidden=\"true\" class=\"wp-block-spacer\"><\/div>\n\n\n\n<figure class=\"wp-block-image size-full\"><img loading=\"lazy\" decoding=\"async\" width=\"1024\" height=\"768\" src=\"https:\/\/alles-ueber-riffe.de\/wp-content\/uploads\/2025\/01\/Haariger-Geisterpfeifenfisch_1024x768.jpg\" alt=\"\" class=\"wp-image-7534\" srcset=\"https:\/\/alles-ueber-riffe.de\/wp-content\/uploads\/2025\/01\/Haariger-Geisterpfeifenfisch_1024x768.jpg 1024w, https:\/\/alles-ueber-riffe.de\/wp-content\/uploads\/2025\/01\/Haariger-Geisterpfeifenfisch_1024x768-300x225.jpg 300w, https:\/\/alles-ueber-riffe.de\/wp-content\/uploads\/2025\/01\/Haariger-Geisterpfeifenfisch_1024x768-768x576.jpg 768w\" sizes=\"auto, (max-width: 767px) 89vw, (max-width: 1000px) 54vw, (max-width: 1071px) 543px, 580px\" \/><figcaption class=\"wp-element-caption\"><a href=\"https:\/\/alles-ueber-riffe.de\/?page_id=4820\">\u00a9 Joris Rombouts<br><\/a><\/figcaption><\/figure>\n\n\n\n<hr class=\"wp-block-separator has-alpha-channel-opacity is-style-default\"\/>\n\n\n\n<p><strong>Gr\u00f6\u00dfe: <\/strong> bis 12 cm<\/p>\n\n\n\n<p><strong>Lebensraum:<\/strong> Sand- und Ger\u00f6llb\u00f6den<\/p>\n\n\n\n<p><strong>Vorkommen:  <\/strong>Ostafrika, Malediven, S\u00fcdjapan, ganz S\u00fcdostasien, Nordaustralien<\/p>\n\n\n\n<p><strong>Erkennungsmerkmale: <\/strong> Farbe variabel von grau bis rotbraun; sieht aus, als h\u00e4tte er Haare<\/p>\n\n\n\n<p><strong>Biologie &amp; Verhalten: <\/strong> Geisterpfeifenfische geh\u00f6ren zu den skurrilsten Fischen im Riff.<\/p>\n\n\n\n<p>Der Haarige Geisterpfeifenfisch ahmt mit seinem Verhalten, F\u00e4rbung und K\u00f6rperform pflanzliche \u00dcberreste im Wasser nach. Auch er schwimmt mit dem Kopf nach unten. Die perfekte Tarnung ist f\u00fcr diesen Fisch \u00fcberlebenswichtig, denn er ist nur ein langsamer Schwimmer. Das M\u00e4nnchen ist kleiner als das Weibchen.<\/p>\n\n\n\n<p>Geisterpfeifenfische jagen Zooplankton. Sie pirschen sich an ihre kleinen Opfer ganz langsam heran und saugen sie mit ihrem fl\u00f6tenartigen Maul ein.<\/p>\n\n\n\n<p><strong>Bedrohungsstatus:<\/strong> Es liegen zu wenig Daten vor, um einen Status auf der Roten Liste der IUCN zu bestimmen.<br><\/p>\n\n\n\n<hr class=\"wp-block-separator has-alpha-channel-opacity is-style-default\"\/>\n","protected":false},"excerpt":{"rendered":"<p>Haariger Geisterpfeifenfisch Roughsnout ghost pipefish Solenostomus paegnius Gr\u00f6\u00dfe: bis 12 cm Lebensraum: Sand- und Ger\u00f6llb\u00f6den Vorkommen: Ostafrika, Malediven, S\u00fcdjapan, ganz S\u00fcdostasien, Nordaustralien Erkennungsmerkmale: Farbe variabel von grau bis rotbraun; sieht aus, als h\u00e4tte er Haare Biologie &amp; Verhalten: Geisterpfeifenfische geh\u00f6ren zu den skurrilsten Fischen im Riff. Der Haarige Geisterpfeifenfisch ahmt mit seinem Verhalten, F\u00e4rbung und &hellip; <\/p>\n<p class=\"link-more\"><a href=\"https:\/\/alles-ueber-riffe.de\/?page_id=4822\" class=\"more-link\"><span class=\"screen-reader-text\">\u201eHaariger Geisterpfeifenfisch\u201c<\/span> weiterlesen<\/a><\/p>\n","protected":false},"author":1,"featured_media":0,"parent":0,"menu_order":0,"comment_status":"closed","ping_status":"closed","template":"","meta":{"footnotes":""},"class_list":["post-4822","page","type-page","status-publish","hentry"],"_links":{"self":[{"href":"https:\/\/alles-ueber-riffe.de\/index.php?rest_route=\/wp\/v2\/pages\/4822","targetHints":{"allow":["GET"]}}],"collection":[{"href":"https:\/\/alles-ueber-riffe.de\/index.php?rest_route=\/wp\/v2\/pages"}],"about":[{"href":"https:\/\/alles-ueber-riffe.de\/index.php?rest_route=\/wp\/v2\/types\/page"}],"author":[{"embeddable":true,"href":"https:\/\/alles-ueber-riffe.de\/index.php?rest_route=\/wp\/v2\/users\/1"}],"replies":[{"embeddable":true,"href":"https:\/\/alles-ueber-riffe.de\/index.php?rest_route=%2Fwp%2Fv2%2Fcomments&post=4822"}],"version-history":[{"count":7,"href":"https:\/\/alles-ueber-riffe.de\/index.php?rest_route=\/wp\/v2\/pages\/4822\/revisions"}],"predecessor-version":[{"id":7539,"href":"https:\/\/alles-ueber-riffe.de\/index.php?rest_route=\/wp\/v2\/pages\/4822\/revisions\/7539"}],"wp:attachment":[{"href":"https:\/\/alles-ueber-riffe.de\/index.php?rest_route=%2Fwp%2Fv2%2Fmedia&parent=4822"}],"curies":[{"name":"wp","href":"https:\/\/api.w.org\/{rel}","templated":true}]}}