{"id":4820,"date":"2025-01-08T15:18:15","date_gmt":"2025-01-08T15:18:15","guid":{"rendered":"https:\/\/alles-ueber-riffe.de\/?page_id=4820"},"modified":"2025-01-19T12:01:43","modified_gmt":"2025-01-19T12:01:43","slug":"seegras-geisterpfeifenfisch","status":"publish","type":"page","link":"https:\/\/alles-ueber-riffe.de\/?page_id=4820","title":{"rendered":"Seegras-Geisterpfeifenfisch"},"content":{"rendered":"\n<div class=\"wp-block-group is-vertical is-layout-flex wp-container-core-group-is-layout-8cf370e7 wp-block-group-is-layout-flex\">\n<p><strong>Seegras-Geisterpfeifenfisch<\/strong><\/p>\n\n\n\n<p>Ghost pipefish<\/p>\n\n\n\n<p><em>Solenostomus cyanopterus<\/em><\/p>\n<\/div>\n\n\n\n<div style=\"height:30px\" aria-hidden=\"true\" class=\"wp-block-spacer\"><\/div>\n\n\n\n<figure class=\"wp-block-video\"><video height=\"576\" style=\"aspect-ratio: 1024 \/ 576;\" width=\"1024\" controls src=\"https:\/\/alles-ueber-riffe.de\/wp-content\/uploads\/2025\/01\/Seegras_Geisterpfeifenfisch.mp4\"><\/video><figcaption class=\"wp-element-caption\">\u00a9 Heinz Krimmer<\/figcaption><\/figure>\n\n\n\n<hr class=\"wp-block-separator has-alpha-channel-opacity is-style-default\"\/>\n\n\n\n<p><strong>Gr\u00f6\u00dfe: <\/strong> bis 17 cm<\/p>\n\n\n\n<p><strong>Lebensraum:<\/strong> Sandgrund, Seegraswiesen oder anderem pflanzlichen Bewuchs<\/p>\n\n\n\n<p><strong>Vorkommen:  <\/strong>Ostafrika, Rotes Meer, Malediven, S\u00fcdjapan, ganz S\u00fcdostasien, Nordaustralien, Papua-Neuguinea, Ozeanien bis Fidschi<\/p>\n\n\n\n<p><strong>Erkennungsmerkmale: <\/strong> Farbe variabel von dunkelbraun bis gr\u00fcn; ohne Hautforts\u00e4tze<\/p>\n\n\n\n<p><strong>Biologie &amp; Verhalten: <\/strong> Geisterpfeifenfische geh\u00f6ren zu den skurrilsten Fischen im Riff.<\/p>\n\n\n\n<p>Der Seegras-Geisterpfeifenfisch ahmt mit seinem Verhalten und seiner F\u00e4rbung Seegrasbl\u00e4tter nach. Auch er schwimmt mit dem Kopf nach unten. Die perfekte Tarnung ist f\u00fcr diesen Fisch \u00fcberlebenswichtig, denn er ist nur ein langsamer Schwimmer. Das M\u00e4nnchen ist kleiner als das Weibchen.<\/p>\n\n\n\n<p>Geisterpfeifenfische jagen Zooplankton. Sie pirschen sich an ihre kleinen Opfer ganz langsam heran und saugen sie mit ihrem fl\u00f6tenartigen Maul ein.<\/p>\n\n\n\n<p><strong>Bedrohungsstatus:<\/strong> Die Art wird auf der Roten Liste der IUCN als <mark style=\"background-color:rgba(0, 0, 0, 0)\" class=\"has-inline-color has-vivid-green-cyan-color\">\u201enicht gef\u00e4hrdet\u201c<\/mark> gef\u00fchrt.<\/p>\n\n\n\n<hr class=\"wp-block-separator has-alpha-channel-opacity is-style-default\"\/>\n","protected":false},"excerpt":{"rendered":"<p>Seegras-Geisterpfeifenfisch Ghost pipefish Solenostomus cyanopterus Gr\u00f6\u00dfe: bis 17 cm Lebensraum: Sandgrund, Seegraswiesen oder anderem pflanzlichen Bewuchs Vorkommen: Ostafrika, Rotes Meer, Malediven, S\u00fcdjapan, ganz S\u00fcdostasien, Nordaustralien, Papua-Neuguinea, Ozeanien bis Fidschi Erkennungsmerkmale: Farbe variabel von dunkelbraun bis gr\u00fcn; ohne Hautforts\u00e4tze Biologie &amp; Verhalten: Geisterpfeifenfische geh\u00f6ren zu den skurrilsten Fischen im Riff. Der Seegras-Geisterpfeifenfisch ahmt mit seinem Verhalten &hellip; <\/p>\n<p class=\"link-more\"><a href=\"https:\/\/alles-ueber-riffe.de\/?page_id=4820\" class=\"more-link\"><span class=\"screen-reader-text\">\u201eSeegras-Geisterpfeifenfisch\u201c<\/span> weiterlesen<\/a><\/p>\n","protected":false},"author":1,"featured_media":0,"parent":0,"menu_order":0,"comment_status":"closed","ping_status":"closed","template":"","meta":{"footnotes":""},"class_list":["post-4820","page","type-page","status-publish","hentry"],"_links":{"self":[{"href":"https:\/\/alles-ueber-riffe.de\/index.php?rest_route=\/wp\/v2\/pages\/4820","targetHints":{"allow":["GET"]}}],"collection":[{"href":"https:\/\/alles-ueber-riffe.de\/index.php?rest_route=\/wp\/v2\/pages"}],"about":[{"href":"https:\/\/alles-ueber-riffe.de\/index.php?rest_route=\/wp\/v2\/types\/page"}],"author":[{"embeddable":true,"href":"https:\/\/alles-ueber-riffe.de\/index.php?rest_route=\/wp\/v2\/users\/1"}],"replies":[{"embeddable":true,"href":"https:\/\/alles-ueber-riffe.de\/index.php?rest_route=%2Fwp%2Fv2%2Fcomments&post=4820"}],"version-history":[{"count":6,"href":"https:\/\/alles-ueber-riffe.de\/index.php?rest_route=\/wp\/v2\/pages\/4820\/revisions"}],"predecessor-version":[{"id":7531,"href":"https:\/\/alles-ueber-riffe.de\/index.php?rest_route=\/wp\/v2\/pages\/4820\/revisions\/7531"}],"wp:attachment":[{"href":"https:\/\/alles-ueber-riffe.de\/index.php?rest_route=%2Fwp%2Fv2%2Fmedia&parent=4820"}],"curies":[{"name":"wp","href":"https:\/\/api.w.org\/{rel}","templated":true}]}}