{"id":4818,"date":"2025-01-08T15:18:01","date_gmt":"2025-01-08T15:18:01","guid":{"rendered":"https:\/\/alles-ueber-riffe.de\/?page_id=4818"},"modified":"2025-01-18T17:42:48","modified_gmt":"2025-01-18T17:42:48","slug":"harlekin-geisterpfeifenfisch","status":"publish","type":"page","link":"https:\/\/alles-ueber-riffe.de\/?page_id=4818","title":{"rendered":"Harlekin-Geisterpfeifenfisch"},"content":{"rendered":"\n<div class=\"wp-block-group is-vertical is-layout-flex wp-container-core-group-is-layout-8cf370e7 wp-block-group-is-layout-flex\">\n<p><strong>Harlekin-Geisterpfeifenfisch<\/strong><\/p>\n\n\n\n<p>Harlequin ghost pipefish<\/p>\n\n\n\n<p><em>Solenostomus paradoxus<\/em><\/p>\n<\/div>\n\n\n\n<div style=\"height:30px\" aria-hidden=\"true\" class=\"wp-block-spacer\"><\/div>\n\n\n\n<figure class=\"wp-block-video\"><video height=\"576\" style=\"aspect-ratio: 1024 \/ 576;\" width=\"1024\" controls src=\"https:\/\/alles-ueber-riffe.de\/wp-content\/uploads\/2025\/01\/Harlekin-Geisterpfeifenfisch.mp4\"><\/video><figcaption class=\"wp-element-caption\">\u00a9 Heinz Krimmer<\/figcaption><\/figure>\n\n\n\n<hr class=\"wp-block-separator has-alpha-channel-opacity is-style-default\"\/>\n\n\n\n<p><strong>Gr\u00f6\u00dfe: <\/strong> bis 12 cm<\/p>\n\n\n\n<p><strong>Lebensraum:<\/strong> Korallenriffe, Seegras<\/p>\n\n\n\n<p><strong>Vorkommen:  <\/strong>Ostafrika, Rotes Meer, Malediven, S\u00fcdjapan, ganz S\u00fcdostasien, Nordaustralien, Ozeanien bis Tonga<\/p>\n\n\n\n<p><strong>Erkennungsmerkmale: <\/strong> \u00fcbers\u00e4t von stachelf\u00f6rmigen Hautforts\u00e4tzen; Farbe sehr variabel von dunkelbraun, rosa, rot bis schwarz<\/p>\n\n\n\n<p><strong>Biologie &amp; Verhalten: <\/strong> Geisterpfeifenfische geh\u00f6ren zu den skurrilsten Fischen im Riff. Mit seinen Hautforts\u00e4tzen und seiner F\u00e4rbung ist der Geisterpfeifenfisch zwischen Haarsternen perfekt getarnt. Dort \u201eschwebt\u201c er meistens paarweise und mit dem Kopf nach unten geneigt. Man findet die Tiere aber auch bei Weichkorallen, Gorgonien oder sonstigem Bewuchs im Riff, den sie als Tarnung nutzen. Tarnung ist f\u00fcr diesen Fisch \u00fcberlebenswichtig, denn er ist nur ein langsamer Schwimmer. M\u00e4nnchen sind kleiner als Weibchen.<\/p>\n\n\n\n<p>Geisterpfeifenfische jagen Zooplankton. Sie pirschen sich an ihre kleinen Opfer langsam heran und saugen sie mit ihrem fl\u00f6tenartigen Maul ein.<\/p>\n\n\n\n<p>Zu den n\u00e4chsten Verwandten geh\u00f6ren Seenadeln und Seepferdchen.<\/p>\n\n\n\n<p><strong>Bedrohungsstatus:<\/strong> Die Art wird auf der Roten Liste der IUCN als <mark style=\"background-color:rgba(0, 0, 0, 0)\" class=\"has-inline-color has-vivid-green-cyan-color\">\u201enicht gef\u00e4hrdet\u201c<\/mark> gef\u00fchrt.<\/p>\n\n\n\n<hr class=\"wp-block-separator has-alpha-channel-opacity is-style-default\"\/>\n","protected":false},"excerpt":{"rendered":"<p>Harlekin-Geisterpfeifenfisch Harlequin ghost pipefish Solenostomus paradoxus Gr\u00f6\u00dfe: bis 12 cm Lebensraum: Korallenriffe, Seegras Vorkommen: Ostafrika, Rotes Meer, Malediven, S\u00fcdjapan, ganz S\u00fcdostasien, Nordaustralien, Ozeanien bis Tonga Erkennungsmerkmale: \u00fcbers\u00e4t von stachelf\u00f6rmigen Hautforts\u00e4tzen; Farbe sehr variabel von dunkelbraun, rosa, rot bis schwarz Biologie &amp; Verhalten: Geisterpfeifenfische geh\u00f6ren zu den skurrilsten Fischen im Riff. Mit seinen Hautforts\u00e4tzen und seiner &hellip; <\/p>\n<p class=\"link-more\"><a href=\"https:\/\/alles-ueber-riffe.de\/?page_id=4818\" class=\"more-link\"><span class=\"screen-reader-text\">\u201eHarlekin-Geisterpfeifenfisch\u201c<\/span> weiterlesen<\/a><\/p>\n","protected":false},"author":1,"featured_media":0,"parent":0,"menu_order":0,"comment_status":"closed","ping_status":"closed","template":"","meta":{"footnotes":""},"class_list":["post-4818","page","type-page","status-publish","hentry"],"_links":{"self":[{"href":"https:\/\/alles-ueber-riffe.de\/index.php?rest_route=\/wp\/v2\/pages\/4818","targetHints":{"allow":["GET"]}}],"collection":[{"href":"https:\/\/alles-ueber-riffe.de\/index.php?rest_route=\/wp\/v2\/pages"}],"about":[{"href":"https:\/\/alles-ueber-riffe.de\/index.php?rest_route=\/wp\/v2\/types\/page"}],"author":[{"embeddable":true,"href":"https:\/\/alles-ueber-riffe.de\/index.php?rest_route=\/wp\/v2\/users\/1"}],"replies":[{"embeddable":true,"href":"https:\/\/alles-ueber-riffe.de\/index.php?rest_route=%2Fwp%2Fv2%2Fcomments&post=4818"}],"version-history":[{"count":7,"href":"https:\/\/alles-ueber-riffe.de\/index.php?rest_route=\/wp\/v2\/pages\/4818\/revisions"}],"predecessor-version":[{"id":7526,"href":"https:\/\/alles-ueber-riffe.de\/index.php?rest_route=\/wp\/v2\/pages\/4818\/revisions\/7526"}],"wp:attachment":[{"href":"https:\/\/alles-ueber-riffe.de\/index.php?rest_route=%2Fwp%2Fv2%2Fmedia&parent=4818"}],"curies":[{"name":"wp","href":"https:\/\/api.w.org\/{rel}","templated":true}]}}