{"id":472,"date":"2024-10-07T16:28:27","date_gmt":"2024-10-07T16:28:27","guid":{"rendered":"https:\/\/alles-ueber-riffe.de\/?page_id=472"},"modified":"2024-10-16T10:39:50","modified_gmt":"2024-10-16T10:39:50","slug":"studien","status":"publish","type":"page","link":"https:\/\/alles-ueber-riffe.de\/?page_id=472","title":{"rendered":"Studien"},"content":{"rendered":"\n<p class=\"has-medium-font-size\"><mark style=\"background-color:rgba(0, 0, 0, 0)\" class=\"has-inline-color has-vivid-cyan-blue-color\">Langzeitstudie \u00fcber die Korallenriffe im Roten Meer<\/mark><\/p>\n\n\n\n<div class=\"wp-block-columns is-layout-flex wp-container-core-columns-is-layout-9d6595d7 wp-block-columns-is-layout-flex\">\n<div class=\"wp-block-column is-layout-flow wp-block-column-is-layout-flow\" style=\"flex-basis:100%\">\n<figure class=\"wp-block-image size-large\"><img loading=\"lazy\" decoding=\"async\" width=\"1024\" height=\"679\" src=\"https:\/\/alles-ueber-riffe.de\/wp-content\/uploads\/2024\/10\/RM-Studie-Deutsches-Meeresmuseum-1024x679.jpg\" alt=\"\" class=\"wp-image-842\" srcset=\"https:\/\/alles-ueber-riffe.de\/wp-content\/uploads\/2024\/10\/RM-Studie-Deutsches-Meeresmuseum-1024x679.jpg 1024w, https:\/\/alles-ueber-riffe.de\/wp-content\/uploads\/2024\/10\/RM-Studie-Deutsches-Meeresmuseum-300x199.jpg 300w, https:\/\/alles-ueber-riffe.de\/wp-content\/uploads\/2024\/10\/RM-Studie-Deutsches-Meeresmuseum-768x509.jpg 768w, https:\/\/alles-ueber-riffe.de\/wp-content\/uploads\/2024\/10\/RM-Studie-Deutsches-Meeresmuseum.jpg 1200w\" sizes=\"auto, (max-width: 767px) 89vw, (max-width: 1000px) 54vw, (max-width: 1071px) 543px, 580px\" \/><figcaption class=\"wp-element-caption\"><em>Taucher fotografieren die markierten Testareale zur digitalen Rekonstruktion und Analyse der Korallengemeinschaften (Foto: Dr. G\u00f6tz-Bodo Reinicke\/Deutsches Meeresmuseum)<\/em><\/figcaption><\/figure>\n<\/div>\n<\/div>\n\n\n\n<p>[03.07.2024] Das Deutsche Meeresmuseum in Stralsund beobachtete in Zusammenarbeit mit der Universit\u00e4t Rostock \u00fcber einen Zeitraum von fast vier Jahrzehnten die Entwicklung von Korallenriffen im Roten Meer. Es ist eine der l\u00e4ngsten Untersuchungen, die in dieser Meeresregion je stattfanden. Die besorgniserregenden Erkenntnisse eines internationalen Wissenschaftlerteams wurden nun ver\u00f6ffentlicht. <a href=\"https:\/\/www.deutsches-meeresmuseum.de\/presse\/meldungen\/post\/korallenriffe-im-roten-meer-unter-druck\"><mark style=\"background-color:rgba(0, 0, 0, 0)\" class=\"has-inline-color has-vivid-cyan-blue-color\">Weiterlesen&#8230;<\/mark><\/a><\/p>\n","protected":false},"excerpt":{"rendered":"<p>Langzeitstudie \u00fcber die Korallenriffe im Roten Meer [03.07.2024] Das Deutsche Meeresmuseum in Stralsund beobachtete in Zusammenarbeit mit der Universit\u00e4t Rostock \u00fcber einen Zeitraum von fast vier Jahrzehnten die Entwicklung von Korallenriffen im Roten Meer. Es ist eine der l\u00e4ngsten Untersuchungen, die in dieser Meeresregion je stattfanden. Die besorgniserregenden Erkenntnisse eines internationalen Wissenschaftlerteams wurden nun ver\u00f6ffentlicht. &hellip; <\/p>\n<p class=\"link-more\"><a href=\"https:\/\/alles-ueber-riffe.de\/?page_id=472\" class=\"more-link\"><span class=\"screen-reader-text\">\u201eStudien\u201c<\/span> weiterlesen<\/a><\/p>\n","protected":false},"author":1,"featured_media":0,"parent":0,"menu_order":0,"comment_status":"closed","ping_status":"closed","template":"","meta":{"footnotes":""},"class_list":["post-472","page","type-page","status-publish","hentry"],"_links":{"self":[{"href":"https:\/\/alles-ueber-riffe.de\/index.php?rest_route=\/wp\/v2\/pages\/472","targetHints":{"allow":["GET"]}}],"collection":[{"href":"https:\/\/alles-ueber-riffe.de\/index.php?rest_route=\/wp\/v2\/pages"}],"about":[{"href":"https:\/\/alles-ueber-riffe.de\/index.php?rest_route=\/wp\/v2\/types\/page"}],"author":[{"embeddable":true,"href":"https:\/\/alles-ueber-riffe.de\/index.php?rest_route=\/wp\/v2\/users\/1"}],"replies":[{"embeddable":true,"href":"https:\/\/alles-ueber-riffe.de\/index.php?rest_route=%2Fwp%2Fv2%2Fcomments&post=472"}],"version-history":[{"count":6,"href":"https:\/\/alles-ueber-riffe.de\/index.php?rest_route=\/wp\/v2\/pages\/472\/revisions"}],"predecessor-version":[{"id":847,"href":"https:\/\/alles-ueber-riffe.de\/index.php?rest_route=\/wp\/v2\/pages\/472\/revisions\/847"}],"wp:attachment":[{"href":"https:\/\/alles-ueber-riffe.de\/index.php?rest_route=%2Fwp%2Fv2%2Fmedia&parent=472"}],"curies":[{"name":"wp","href":"https:\/\/api.w.org\/{rel}","templated":true}]}}