{"id":4673,"date":"2025-01-08T05:12:16","date_gmt":"2025-01-08T05:12:16","guid":{"rendered":"https:\/\/alles-ueber-riffe.de\/?page_id=4673"},"modified":"2025-01-18T17:29:38","modified_gmt":"2025-01-18T17:29:38","slug":"schwarzstreifen-fuesilier","status":"publish","type":"page","link":"https:\/\/alles-ueber-riffe.de\/?page_id=4673","title":{"rendered":"Schwarzstreifen-F\u00fcsilier"},"content":{"rendered":"\n<div class=\"wp-block-group is-vertical is-layout-flex wp-container-core-group-is-layout-8cf370e7 wp-block-group-is-layout-flex\">\n<p><strong>Schwarzstreifen-F\u00fcsilier<\/strong><\/p>\n\n\n\n<p>Striated fusilier<\/p>\n\n\n\n<p><em>Caesio striata<\/em><\/p>\n<\/div>\n\n\n\n<div style=\"height:30px\" aria-hidden=\"true\" class=\"wp-block-spacer\"><\/div>\n\n\n\n<figure class=\"wp-block-video\"><video height=\"576\" style=\"aspect-ratio: 1024 \/ 576;\" width=\"1024\" controls src=\"https:\/\/alles-ueber-riffe.de\/wp-content\/uploads\/2025\/01\/Schwarzstreifen-Fuesilier.mp4\"><\/video><figcaption class=\"wp-element-caption\">\u00a9 Heinz Krimmer<\/figcaption><\/figure>\n\n\n\n<hr class=\"wp-block-separator has-alpha-channel-opacity is-style-default\"\/>\n\n\n\n<p><strong>Gr\u00f6\u00dfe: <\/strong> bis 25 cm<\/p>\n\n\n\n<p><strong>Lebensraum:<\/strong> Freiwasser in Riffn\u00e4he<\/p>\n\n\n\n<p><strong>Vorkommen:  <\/strong>Rotes Meer, Arabischer Golf, Oman<\/p>\n\n\n\n<p><strong>Erkennungsmerkmale: <\/strong> vier dominante, schwarze L\u00e4ngsstreifen<\/p>\n\n\n\n<p><strong>Biologie &amp; Verhalten: <\/strong> In gro\u00dfen Gruppen jagen sie im Freiwasser nach Zooplankton.<\/p>\n\n\n\n<p><strong>Bedrohungsstatus:<\/strong> Die Art wird auf der Roten Liste der IUCN als <mark style=\"background-color:rgba(0, 0, 0, 0)\" class=\"has-inline-color has-vivid-green-cyan-color\">\u201enicht gef\u00e4hrdet\u201c <\/mark>gef\u00fchrt.<\/p>\n\n\n\n<hr class=\"wp-block-separator has-alpha-channel-opacity is-style-default\"\/>\n","protected":false},"excerpt":{"rendered":"<p>Schwarzstreifen-F\u00fcsilier Striated fusilier Caesio striata Gr\u00f6\u00dfe: bis 25 cm Lebensraum: Freiwasser in Riffn\u00e4he Vorkommen: Rotes Meer, Arabischer Golf, Oman Erkennungsmerkmale: vier dominante, schwarze L\u00e4ngsstreifen Biologie &amp; Verhalten: In gro\u00dfen Gruppen jagen sie im Freiwasser nach Zooplankton. Bedrohungsstatus: Die Art wird auf der Roten Liste der IUCN als \u201enicht gef\u00e4hrdet\u201c gef\u00fchrt.<\/p>\n","protected":false},"author":1,"featured_media":0,"parent":0,"menu_order":0,"comment_status":"closed","ping_status":"closed","template":"","meta":{"footnotes":""},"class_list":["post-4673","page","type-page","status-publish","hentry"],"_links":{"self":[{"href":"https:\/\/alles-ueber-riffe.de\/index.php?rest_route=\/wp\/v2\/pages\/4673","targetHints":{"allow":["GET"]}}],"collection":[{"href":"https:\/\/alles-ueber-riffe.de\/index.php?rest_route=\/wp\/v2\/pages"}],"about":[{"href":"https:\/\/alles-ueber-riffe.de\/index.php?rest_route=\/wp\/v2\/types\/page"}],"author":[{"embeddable":true,"href":"https:\/\/alles-ueber-riffe.de\/index.php?rest_route=\/wp\/v2\/users\/1"}],"replies":[{"embeddable":true,"href":"https:\/\/alles-ueber-riffe.de\/index.php?rest_route=%2Fwp%2Fv2%2Fcomments&post=4673"}],"version-history":[{"count":7,"href":"https:\/\/alles-ueber-riffe.de\/index.php?rest_route=\/wp\/v2\/pages\/4673\/revisions"}],"predecessor-version":[{"id":7508,"href":"https:\/\/alles-ueber-riffe.de\/index.php?rest_route=\/wp\/v2\/pages\/4673\/revisions\/7508"}],"wp:attachment":[{"href":"https:\/\/alles-ueber-riffe.de\/index.php?rest_route=%2Fwp%2Fv2%2Fmedia&parent=4673"}],"curies":[{"name":"wp","href":"https:\/\/api.w.org\/{rel}","templated":true}]}}