{"id":4665,"date":"2025-01-08T05:11:36","date_gmt":"2025-01-08T05:11:36","guid":{"rendered":"https:\/\/alles-ueber-riffe.de\/?page_id=4665"},"modified":"2025-01-18T17:14:40","modified_gmt":"2025-01-18T17:14:40","slug":"marrs-fuesilier","status":"publish","type":"page","link":"https:\/\/alles-ueber-riffe.de\/?page_id=4665","title":{"rendered":"Marrs F\u00fcsilier"},"content":{"rendered":"\n<div class=\"wp-block-group is-vertical is-layout-flex wp-container-core-group-is-layout-8cf370e7 wp-block-group-is-layout-flex\">\n<p><strong>Marrs F\u00fcsilier<\/strong><\/p>\n\n\n\n<p>Pterocaesio marri<\/p>\n\n\n\n<p><em>Marr&#8217;s fusilier<\/em><\/p>\n<\/div>\n\n\n\n<div style=\"height:30px\" aria-hidden=\"true\" class=\"wp-block-spacer\"><\/div>\n\n\n\n<figure class=\"wp-block-image size-full\"><img loading=\"lazy\" decoding=\"async\" width=\"1024\" height=\"768\" src=\"https:\/\/alles-ueber-riffe.de\/wp-content\/uploads\/2025\/01\/Marrs-Fuesilier_1024x768.jpg\" alt=\"\" class=\"wp-image-7470\" srcset=\"https:\/\/alles-ueber-riffe.de\/wp-content\/uploads\/2025\/01\/Marrs-Fuesilier_1024x768.jpg 1024w, https:\/\/alles-ueber-riffe.de\/wp-content\/uploads\/2025\/01\/Marrs-Fuesilier_1024x768-300x225.jpg 300w, https:\/\/alles-ueber-riffe.de\/wp-content\/uploads\/2025\/01\/Marrs-Fuesilier_1024x768-768x576.jpg 768w\" sizes=\"auto, (max-width: 767px) 89vw, (max-width: 1000px) 54vw, (max-width: 1071px) 543px, 580px\" \/><figcaption class=\"wp-element-caption\">\u00a9 Heinz Krimmer<\/figcaption><\/figure>\n\n\n\n<hr class=\"wp-block-separator has-alpha-channel-opacity is-style-default\"\/>\n\n\n\n<p><strong>Gr\u00f6\u00dfe: <\/strong> bis 35 cm<\/p>\n\n\n\n<p><strong>Lebensraum:<\/strong> Freiwasser in Riffn\u00e4he<\/p>\n\n\n\n<p><strong>Vorkommen:  <\/strong>Ostafrika, Malediven, S\u00fcdjapan, ganz S\u00fcdostasien, Nordaustralien, Papua-Neuguinea, Ozeanien bis zu den\u00a0Marquesas-Inseln<\/p>\n\n\n\n<p><strong>Erkennungsmerkmale: <\/strong> zwei gelbe L\u00e4ngsstreifen, einer in der K\u00f6rpermitte, einer am R\u00fccken; schwarze Schwanzspitzen<\/p>\n\n\n\n<p><strong>Biologie &amp; Verhalten: <\/strong> In gro\u00dfen Gruppen jagen sie im Freiwasser nach Zooplankton.<\/p>\n\n\n\n<p><strong>Bedrohungsstatus:<\/strong> Die Art wird auf der Roten Liste der IUCN als <mark style=\"background-color:rgba(0, 0, 0, 0)\" class=\"has-inline-color has-vivid-green-cyan-color\">\u201enicht gef\u00e4hrdet\u201c<\/mark> gef\u00fchrt.<\/p>\n\n\n\n<hr class=\"wp-block-separator has-alpha-channel-opacity is-style-default\"\/>\n","protected":false},"excerpt":{"rendered":"<p>Marrs F\u00fcsilier Pterocaesio marri Marr&#8217;s fusilier Gr\u00f6\u00dfe: bis 35 cm Lebensraum: Freiwasser in Riffn\u00e4he Vorkommen: Ostafrika, Malediven, S\u00fcdjapan, ganz S\u00fcdostasien, Nordaustralien, Papua-Neuguinea, Ozeanien bis zu den\u00a0Marquesas-Inseln Erkennungsmerkmale: zwei gelbe L\u00e4ngsstreifen, einer in der K\u00f6rpermitte, einer am R\u00fccken; schwarze Schwanzspitzen Biologie &amp; Verhalten: In gro\u00dfen Gruppen jagen sie im Freiwasser nach Zooplankton. Bedrohungsstatus: Die Art wird &hellip; <\/p>\n<p class=\"link-more\"><a href=\"https:\/\/alles-ueber-riffe.de\/?page_id=4665\" class=\"more-link\"><span class=\"screen-reader-text\">\u201eMarrs F\u00fcsilier\u201c<\/span> weiterlesen<\/a><\/p>\n","protected":false},"author":1,"featured_media":0,"parent":0,"menu_order":0,"comment_status":"closed","ping_status":"closed","template":"","meta":{"footnotes":""},"class_list":["post-4665","page","type-page","status-publish","hentry"],"_links":{"self":[{"href":"https:\/\/alles-ueber-riffe.de\/index.php?rest_route=\/wp\/v2\/pages\/4665","targetHints":{"allow":["GET"]}}],"collection":[{"href":"https:\/\/alles-ueber-riffe.de\/index.php?rest_route=\/wp\/v2\/pages"}],"about":[{"href":"https:\/\/alles-ueber-riffe.de\/index.php?rest_route=\/wp\/v2\/types\/page"}],"author":[{"embeddable":true,"href":"https:\/\/alles-ueber-riffe.de\/index.php?rest_route=\/wp\/v2\/users\/1"}],"replies":[{"embeddable":true,"href":"https:\/\/alles-ueber-riffe.de\/index.php?rest_route=%2Fwp%2Fv2%2Fcomments&post=4665"}],"version-history":[{"count":5,"href":"https:\/\/alles-ueber-riffe.de\/index.php?rest_route=\/wp\/v2\/pages\/4665\/revisions"}],"predecessor-version":[{"id":7473,"href":"https:\/\/alles-ueber-riffe.de\/index.php?rest_route=\/wp\/v2\/pages\/4665\/revisions\/7473"}],"wp:attachment":[{"href":"https:\/\/alles-ueber-riffe.de\/index.php?rest_route=%2Fwp%2Fv2%2Fmedia&parent=4665"}],"curies":[{"name":"wp","href":"https:\/\/api.w.org\/{rel}","templated":true}]}}