{"id":4659,"date":"2025-01-08T05:11:04","date_gmt":"2025-01-08T05:11:04","guid":{"rendered":"https:\/\/alles-ueber-riffe.de\/?page_id=4659"},"modified":"2025-01-18T15:09:16","modified_gmt":"2025-01-18T15:09:16","slug":"gelbschwanz-fuesilier","status":"publish","type":"page","link":"https:\/\/alles-ueber-riffe.de\/?page_id=4659","title":{"rendered":"Gelbschwanz-F\u00fcsilier"},"content":{"rendered":"\n<div class=\"wp-block-group is-vertical is-layout-flex wp-container-core-group-is-layout-8cf370e7 wp-block-group-is-layout-flex\">\n<p><strong>Gelbschwanz-F\u00fcsilier<\/strong><\/p>\n\n\n\n<p>Redbelly yellowtail fusilier<\/p>\n\n\n\n<p><em>Caesio cuning<\/em><\/p>\n<\/div>\n\n\n\n<div style=\"height:30px\" aria-hidden=\"true\" class=\"wp-block-spacer\"><\/div>\n\n\n\n<figure class=\"wp-block-image size-full\"><img loading=\"lazy\" decoding=\"async\" width=\"1024\" height=\"768\" src=\"https:\/\/alles-ueber-riffe.de\/wp-content\/uploads\/2025\/01\/Gelbschwanz-Fuesilier_1024x768.jpg\" alt=\"\" class=\"wp-image-7446\" srcset=\"https:\/\/alles-ueber-riffe.de\/wp-content\/uploads\/2025\/01\/Gelbschwanz-Fuesilier_1024x768.jpg 1024w, https:\/\/alles-ueber-riffe.de\/wp-content\/uploads\/2025\/01\/Gelbschwanz-Fuesilier_1024x768-300x225.jpg 300w, https:\/\/alles-ueber-riffe.de\/wp-content\/uploads\/2025\/01\/Gelbschwanz-Fuesilier_1024x768-768x576.jpg 768w\" sizes=\"auto, (max-width: 767px) 89vw, (max-width: 1000px) 54vw, (max-width: 1071px) 543px, 580px\" \/><figcaption class=\"wp-element-caption\">\u00a9 Heinz Krimmer<\/figcaption><\/figure>\n\n\n\n<hr class=\"wp-block-separator has-alpha-channel-opacity is-style-default\"\/>\n\n\n\n<p><strong>Gr\u00f6\u00dfe: <\/strong> bis 40 cm<\/p>\n\n\n\n<p><strong>Lebensraum:<\/strong> Freiwasser in Riffn\u00e4he<\/p>\n\n\n\n<p><strong>Vorkommen:  <\/strong>Sri Lanka, S\u00fcdjapan, ganz S\u00fcdostasien, Nordaustralien, Papua-Neuguinea, Ozeanien bis Vanuatu<\/p>\n\n\n\n<p><strong>Erkennungsmerkmale: <\/strong> gelbe Schwanzflosse und gelber R\u00fccken bis maximal zum Ansatz der R\u00fcckenflosse; K\u00f6rper hellblau; rotes Auge; hoher R\u00fccken<\/p>\n\n\n\n<p><strong>Biologie &amp; Verhalten: <\/strong> In Gruppen jagen sie im Freiwasser nach Zooplankton. Es ist die \u00e4lteste bekannte F\u00fcsilierart.<\/p>\n\n\n\n<p>Der Gelbschwanz-F\u00fcsilier und der Gelbr\u00fccken-F\u00fcsilier sind fast gleich gef\u00e4rbt und leben in Ostasien auch im gleichen Gebiet.&nbsp;&nbsp;Am besten auf das rote Auge und den hohen R\u00fccken des Gelbschwanz-F\u00fcsiliers achten.<\/p>\n\n\n\n<p><strong>Bedrohungsstatus:<\/strong> Die Art wird auf der Roten Liste der IUCN als <mark style=\"background-color:rgba(0, 0, 0, 0)\" class=\"has-inline-color has-vivid-green-cyan-color\">\u201enicht gef\u00e4hrdet\u201c<\/mark> gef\u00fchrt.<\/p>\n\n\n\n<hr class=\"wp-block-separator has-alpha-channel-opacity is-style-default\"\/>\n","protected":false},"excerpt":{"rendered":"<p>Gelbschwanz-F\u00fcsilier Redbelly yellowtail fusilier Caesio cuning Gr\u00f6\u00dfe: bis 40 cm Lebensraum: Freiwasser in Riffn\u00e4he Vorkommen: Sri Lanka, S\u00fcdjapan, ganz S\u00fcdostasien, Nordaustralien, Papua-Neuguinea, Ozeanien bis Vanuatu Erkennungsmerkmale: gelbe Schwanzflosse und gelber R\u00fccken bis maximal zum Ansatz der R\u00fcckenflosse; K\u00f6rper hellblau; rotes Auge; hoher R\u00fccken Biologie &amp; Verhalten: In Gruppen jagen sie im Freiwasser nach Zooplankton. Es &hellip; <\/p>\n<p class=\"link-more\"><a href=\"https:\/\/alles-ueber-riffe.de\/?page_id=4659\" class=\"more-link\"><span class=\"screen-reader-text\">\u201eGelbschwanz-F\u00fcsilier\u201c<\/span> weiterlesen<\/a><\/p>\n","protected":false},"author":1,"featured_media":0,"parent":0,"menu_order":0,"comment_status":"closed","ping_status":"closed","template":"","meta":{"footnotes":""},"class_list":["post-4659","page","type-page","status-publish","hentry"],"_links":{"self":[{"href":"https:\/\/alles-ueber-riffe.de\/index.php?rest_route=\/wp\/v2\/pages\/4659","targetHints":{"allow":["GET"]}}],"collection":[{"href":"https:\/\/alles-ueber-riffe.de\/index.php?rest_route=\/wp\/v2\/pages"}],"about":[{"href":"https:\/\/alles-ueber-riffe.de\/index.php?rest_route=\/wp\/v2\/types\/page"}],"author":[{"embeddable":true,"href":"https:\/\/alles-ueber-riffe.de\/index.php?rest_route=\/wp\/v2\/users\/1"}],"replies":[{"embeddable":true,"href":"https:\/\/alles-ueber-riffe.de\/index.php?rest_route=%2Fwp%2Fv2%2Fcomments&post=4659"}],"version-history":[{"count":9,"href":"https:\/\/alles-ueber-riffe.de\/index.php?rest_route=\/wp\/v2\/pages\/4659\/revisions"}],"predecessor-version":[{"id":7453,"href":"https:\/\/alles-ueber-riffe.de\/index.php?rest_route=\/wp\/v2\/pages\/4659\/revisions\/7453"}],"wp:attachment":[{"href":"https:\/\/alles-ueber-riffe.de\/index.php?rest_route=%2Fwp%2Fv2%2Fmedia&parent=4659"}],"curies":[{"name":"wp","href":"https:\/\/api.w.org\/{rel}","templated":true}]}}