{"id":4655,"date":"2025-01-08T05:10:19","date_gmt":"2025-01-08T05:10:19","guid":{"rendered":"https:\/\/alles-ueber-riffe.de\/?page_id=4655"},"modified":"2025-01-16T13:24:37","modified_gmt":"2025-01-16T13:24:37","slug":"helm-flughahn","status":"publish","type":"page","link":"https:\/\/alles-ueber-riffe.de\/?page_id=4655","title":{"rendered":"Helm-Flughahn"},"content":{"rendered":"\n<div class=\"wp-block-group is-vertical is-layout-flex wp-container-core-group-is-layout-8cf370e7 wp-block-group-is-layout-flex\">\n<p><strong>Helm-Flughahn<\/strong><\/p>\n\n\n\n<p>Oriental flying gurnard<\/p>\n\n\n\n<p><em>Dactyloptena orientalis<\/em><\/p>\n<\/div>\n\n\n\n<div style=\"height:30px\" aria-hidden=\"true\" class=\"wp-block-spacer\"><\/div>\n\n\n\n<figure class=\"wp-block-video\"><video height=\"576\" style=\"aspect-ratio: 1024 \/ 576;\" width=\"1024\" controls src=\"https:\/\/alles-ueber-riffe.de\/wp-content\/uploads\/2025\/01\/Helm-Flughahn.mp4\"><\/video><figcaption class=\"wp-element-caption\">\u00a9 Heinz Krimmer<\/figcaption><\/figure>\n\n\n\n<hr class=\"wp-block-separator has-alpha-channel-opacity is-style-default\"\/>\n\n\n\n<p><strong>Gr\u00f6\u00dfe: <\/strong> bis 40 cm<\/p>\n\n\n\n<p><strong>Lebensraum:<\/strong> Sand- und Schlammb\u00f6den in der N\u00e4he von Riffen<\/p>\n\n\n\n<p><strong>Vorkommen:  <\/strong>Ostafrika, Rotes Meer, Malediven, ganz S\u00fcdostasien, Nordaustralien, Papua-Neuguinea, Ozeanien bis Hawaii<\/p>\n\n\n\n<p><strong>Erkennungsmerkmale: <\/strong> im Verh\u00e4ltnis zum K\u00f6rper extrem gro\u00dfe Brustflossen; Brustflossen und K\u00f6rper gepunktet<\/p>\n\n\n\n<p><strong>Biologie &amp; Verhalten: <\/strong> Die sch\u00f6nen Brustflossen sieht man nur, wenn der gut getarnte Fisch schwimmt, oder besser gesagt \u00fcber den Boden segelt. Gew\u00f6hnlich bewegt er sich wie der Fl\u00fcgelrossfisch mit Hilfe seiner fingerartigen Brustflossen langsam \u00fcber den Boden. Der Einzelg\u00e4nger jagt kleine Wirbellose.<\/p>\n\n\n\n<p><strong>Bedrohungsstatus:<\/strong> Die Art wird auf der Roten Liste der IUCN als <mark style=\"background-color:rgba(0, 0, 0, 0)\" class=\"has-inline-color has-vivid-green-cyan-color\">\u201enicht gef\u00e4hrdet\u201c<\/mark> gef\u00fchrt.<\/p>\n\n\n\n<hr class=\"wp-block-separator has-alpha-channel-opacity is-style-default\"\/>\n","protected":false},"excerpt":{"rendered":"<p>Helm-Flughahn Oriental flying gurnard Dactyloptena orientalis Gr\u00f6\u00dfe: bis 40 cm Lebensraum: Sand- und Schlammb\u00f6den in der N\u00e4he von Riffen Vorkommen: Ostafrika, Rotes Meer, Malediven, ganz S\u00fcdostasien, Nordaustralien, Papua-Neuguinea, Ozeanien bis Hawaii Erkennungsmerkmale: im Verh\u00e4ltnis zum K\u00f6rper extrem gro\u00dfe Brustflossen; Brustflossen und K\u00f6rper gepunktet Biologie &amp; Verhalten: Die sch\u00f6nen Brustflossen sieht man nur, wenn der gut &hellip; <\/p>\n<p class=\"link-more\"><a href=\"https:\/\/alles-ueber-riffe.de\/?page_id=4655\" class=\"more-link\"><span class=\"screen-reader-text\">\u201eHelm-Flughahn\u201c<\/span> weiterlesen<\/a><\/p>\n","protected":false},"author":1,"featured_media":0,"parent":0,"menu_order":0,"comment_status":"closed","ping_status":"closed","template":"","meta":{"footnotes":""},"class_list":["post-4655","page","type-page","status-publish","hentry"],"_links":{"self":[{"href":"https:\/\/alles-ueber-riffe.de\/index.php?rest_route=\/wp\/v2\/pages\/4655","targetHints":{"allow":["GET"]}}],"collection":[{"href":"https:\/\/alles-ueber-riffe.de\/index.php?rest_route=\/wp\/v2\/pages"}],"about":[{"href":"https:\/\/alles-ueber-riffe.de\/index.php?rest_route=\/wp\/v2\/types\/page"}],"author":[{"embeddable":true,"href":"https:\/\/alles-ueber-riffe.de\/index.php?rest_route=\/wp\/v2\/users\/1"}],"replies":[{"embeddable":true,"href":"https:\/\/alles-ueber-riffe.de\/index.php?rest_route=%2Fwp%2Fv2%2Fcomments&post=4655"}],"version-history":[{"count":7,"href":"https:\/\/alles-ueber-riffe.de\/index.php?rest_route=\/wp\/v2\/pages\/4655\/revisions"}],"predecessor-version":[{"id":6915,"href":"https:\/\/alles-ueber-riffe.de\/index.php?rest_route=\/wp\/v2\/pages\/4655\/revisions\/6915"}],"wp:attachment":[{"href":"https:\/\/alles-ueber-riffe.de\/index.php?rest_route=%2Fwp%2Fv2%2Fmedia&parent=4655"}],"curies":[{"name":"wp","href":"https:\/\/api.w.org\/{rel}","templated":true}]}}