{"id":4649,"date":"2025-01-08T05:09:15","date_gmt":"2025-01-08T05:09:15","guid":{"rendered":"https:\/\/alles-ueber-riffe.de\/?page_id=4649"},"modified":"2025-01-16T13:20:29","modified_gmt":"2025-01-16T13:20:29","slug":"silber-flossenblatt","status":"publish","type":"page","link":"https:\/\/alles-ueber-riffe.de\/?page_id=4649","title":{"rendered":"Silber-Flossenblatt"},"content":{"rendered":"\n<div class=\"wp-block-group is-vertical is-layout-flex wp-container-core-group-is-layout-8cf370e7 wp-block-group-is-layout-flex\">\n<p><strong>Silber-Flossenblatt<\/strong><\/p>\n\n\n\n<p>Silver moony<\/p>\n\n\n\n<p><em>Monodactylus argenteus<\/em><\/p>\n<\/div>\n\n\n\n<div style=\"height:30px\" aria-hidden=\"true\" class=\"wp-block-spacer\"><\/div>\n\n\n\n<figure class=\"wp-block-video\"><video height=\"576\" style=\"aspect-ratio: 1024 \/ 576;\" width=\"1024\" controls src=\"https:\/\/alles-ueber-riffe.de\/wp-content\/uploads\/2025\/01\/Silber-Flossenblatt.mp4\"><\/video><figcaption class=\"wp-element-caption\">\u00a9 Heinz Krimmer<\/figcaption><\/figure>\n\n\n\n<hr class=\"wp-block-separator has-alpha-channel-opacity is-style-default\"\/>\n\n\n\n<p><strong>Gr\u00f6\u00dfe: <\/strong> bis 27 cm<\/p>\n\n\n\n<p><strong>Lebensraum:<\/strong> Brackwasser, Mangroven, Korallenriffe<\/p>\n\n\n\n<p><strong>Vorkommen:  <\/strong>Ostafrika, Rotes Meer, Malediven, ganz S\u00fcdostasien, Nordaustralien, Ozeanien bis Samoa<\/p>\n\n\n\n<p><strong>Erkennungsmerkmale: <\/strong> runder, silberner K\u00f6rper; R\u00fccken- und Afterflosse oft gelblich und mit schwarzem Rand<\/p>\n\n\n\n<p><strong>Biologie &amp; Verhalten: <\/strong> Schwarmfisch, der sich von Plankton und toten, organischen Resten ern\u00e4hrt.<\/p>\n\n\n\n<p><strong>Bedrohungsstatus:<\/strong> Die Art wird auf der Roten Liste der IUCN als <mark style=\"background-color:rgba(0, 0, 0, 0)\" class=\"has-inline-color has-vivid-green-cyan-color\">\u201enicht gef\u00e4hrdet<\/mark>\u201c gef\u00fchrt.<\/p>\n\n\n\n<hr class=\"wp-block-separator has-alpha-channel-opacity is-style-default\"\/>\n","protected":false},"excerpt":{"rendered":"<p>Silber-Flossenblatt Silver moony Monodactylus argenteus Gr\u00f6\u00dfe: bis 27 cm Lebensraum: Brackwasser, Mangroven, Korallenriffe Vorkommen: Ostafrika, Rotes Meer, Malediven, ganz S\u00fcdostasien, Nordaustralien, Ozeanien bis Samoa Erkennungsmerkmale: runder, silberner K\u00f6rper; R\u00fccken- und Afterflosse oft gelblich und mit schwarzem Rand Biologie &amp; Verhalten: Schwarmfisch, der sich von Plankton und toten, organischen Resten ern\u00e4hrt. Bedrohungsstatus: Die Art wird auf &hellip; <\/p>\n<p class=\"link-more\"><a href=\"https:\/\/alles-ueber-riffe.de\/?page_id=4649\" class=\"more-link\"><span class=\"screen-reader-text\">\u201eSilber-Flossenblatt\u201c<\/span> weiterlesen<\/a><\/p>\n","protected":false},"author":1,"featured_media":0,"parent":0,"menu_order":0,"comment_status":"closed","ping_status":"closed","template":"","meta":{"footnotes":""},"class_list":["post-4649","page","type-page","status-publish","hentry"],"_links":{"self":[{"href":"https:\/\/alles-ueber-riffe.de\/index.php?rest_route=\/wp\/v2\/pages\/4649","targetHints":{"allow":["GET"]}}],"collection":[{"href":"https:\/\/alles-ueber-riffe.de\/index.php?rest_route=\/wp\/v2\/pages"}],"about":[{"href":"https:\/\/alles-ueber-riffe.de\/index.php?rest_route=\/wp\/v2\/types\/page"}],"author":[{"embeddable":true,"href":"https:\/\/alles-ueber-riffe.de\/index.php?rest_route=\/wp\/v2\/users\/1"}],"replies":[{"embeddable":true,"href":"https:\/\/alles-ueber-riffe.de\/index.php?rest_route=%2Fwp%2Fv2%2Fcomments&post=4649"}],"version-history":[{"count":7,"href":"https:\/\/alles-ueber-riffe.de\/index.php?rest_route=\/wp\/v2\/pages\/4649\/revisions"}],"predecessor-version":[{"id":6906,"href":"https:\/\/alles-ueber-riffe.de\/index.php?rest_route=\/wp\/v2\/pages\/4649\/revisions\/6906"}],"wp:attachment":[{"href":"https:\/\/alles-ueber-riffe.de\/index.php?rest_route=%2Fwp%2Fv2%2Fmedia&parent=4649"}],"curies":[{"name":"wp","href":"https:\/\/api.w.org\/{rel}","templated":true}]}}