{"id":4645,"date":"2025-01-08T05:08:41","date_gmt":"2025-01-08T05:08:41","guid":{"rendered":"https:\/\/alles-ueber-riffe.de\/?page_id=4645"},"modified":"2025-03-28T14:39:02","modified_gmt":"2025-03-28T14:39:02","slug":"rundkopf-fledermausfisch","status":"publish","type":"page","link":"https:\/\/alles-ueber-riffe.de\/?page_id=4645","title":{"rendered":"Rundkopf-Fledermausfisch"},"content":{"rendered":"\n<div class=\"wp-block-group is-vertical is-layout-flex wp-container-core-group-is-layout-8cf370e7 wp-block-group-is-layout-flex\">\n<p><strong>Rundkopf-Fledermausfisch<\/strong><\/p>\n\n\n\n<p>Orbicular batfish<\/p>\n\n\n\n<p><em>Platax orbicularis<\/em><\/p>\n<\/div>\n\n\n\n<div style=\"height:30px\" aria-hidden=\"true\" class=\"wp-block-spacer\"><\/div>\n\n\n\n<figure class=\"wp-block-video\"><video height=\"576\" style=\"aspect-ratio: 1024 \/ 576;\" width=\"1024\" controls src=\"https:\/\/alles-ueber-riffe.de\/wp-content\/uploads\/2025\/01\/Rundkopf-Fledermausfisch.mp4\"><\/video><figcaption class=\"wp-element-caption\"><em>\u00a9 Heinz Krimmer<\/em><\/figcaption><\/figure>\n\n\n\n<hr class=\"wp-block-separator has-alpha-channel-opacity is-style-default\"\/>\n\n\n\n<p><strong>Gr\u00f6\u00dfe: <\/strong> bis 60 cm<\/p>\n\n\n\n<p><strong>Lebensraum:<\/strong> Adulte leben in Korallenriffen, oft auch vor dem Riff im Blauwasser. Juvenile im flachen Wasser nah am Ufer auf Sand- und Seegrasb\u00f6den.<\/p>\n\n\n\n<p><strong>Vorkommen:  <\/strong>Ostafrika, Rotes Meer, Malediven, S\u00fcdjapan, ganz S\u00fcdostasien, Nordaustralien, Papua-Neuguinea, Ozeanien bis zu den Tuamoto Inseln<\/p>\n\n\n\n<p><strong>Erkennungsmerkmale: <\/strong> Adulte Tiere mit gelben Brustflossen und ausgepr\u00e4gtem runden Kopf. Juvenile braun mit langen Flossen.<\/p>\n\n\n\n<p><strong>Biologie &amp; Verhalten: <\/strong> Rundkopf-Fledermausfische fressen Algen,&nbsp;&nbsp;Wirbellose und kleine Fische.<\/p>\n\n\n\n<p>Jungtiere sind braun und ahmen  im flachen Wasser treibende Bl\u00e4tter von Pflanzen nach.<\/p>\n\n\n\n<p>Oft paarweise, aber auch in gro\u00dfen Schulen zu sehen.<\/p>\n\n\n\n<p><strong>Bedrohungsstatus:<\/strong> Die Art wird auf der Roten Liste der IUCN als <mark style=\"background-color:rgba(0, 0, 0, 0)\" class=\"has-inline-color has-vivid-green-cyan-color\">\u201enicht gef\u00e4hrdet\u201c <\/mark>gef\u00fchrt.<\/p>\n\n\n\n<hr class=\"wp-block-separator has-alpha-channel-opacity is-style-default\"\/>\n\n\n\n<h2 class=\"wp-block-heading\"><strong>Weitere Fotos<\/strong><\/h2>\n\n\n\n<figure class=\"wp-block-image size-large\"><img loading=\"lazy\" decoding=\"async\" width=\"1024\" height=\"574\" src=\"https:\/\/alles-ueber-riffe.de\/wp-content\/uploads\/2025\/03\/Rundkopr-Fledermausfisch-juvenil-klein-1024x574.jpg\" alt=\"\" class=\"wp-image-11034\" srcset=\"https:\/\/alles-ueber-riffe.de\/wp-content\/uploads\/2025\/03\/Rundkopr-Fledermausfisch-juvenil-klein-1024x574.jpg 1024w, https:\/\/alles-ueber-riffe.de\/wp-content\/uploads\/2025\/03\/Rundkopr-Fledermausfisch-juvenil-klein-300x168.jpg 300w, https:\/\/alles-ueber-riffe.de\/wp-content\/uploads\/2025\/03\/Rundkopr-Fledermausfisch-juvenil-klein-768x430.jpg 768w, https:\/\/alles-ueber-riffe.de\/wp-content\/uploads\/2025\/03\/Rundkopr-Fledermausfisch-juvenil-klein-1536x860.jpg 1536w, https:\/\/alles-ueber-riffe.de\/wp-content\/uploads\/2025\/03\/Rundkopr-Fledermausfisch-juvenil-klein-2048x1147.jpg 2048w\" sizes=\"auto, (max-width: 767px) 89vw, (max-width: 1000px) 54vw, (max-width: 1071px) 543px, 580px\" \/><figcaption class=\"wp-element-caption\"><em>\u00a9 Heinz Krimmer<\/em>, Philippinen, Cebu, juveniler Rundkopf- Fledermausfisch<\/figcaption><\/figure>\n\n\n\n<p><\/p>\n","protected":false},"excerpt":{"rendered":"<p>Rundkopf-Fledermausfisch Orbicular batfish Platax orbicularis Gr\u00f6\u00dfe: bis 60 cm Lebensraum: Adulte leben in Korallenriffen, oft auch vor dem Riff im Blauwasser. Juvenile im flachen Wasser nah am Ufer auf Sand- und Seegrasb\u00f6den. Vorkommen: Ostafrika, Rotes Meer, Malediven, S\u00fcdjapan, ganz S\u00fcdostasien, Nordaustralien, Papua-Neuguinea, Ozeanien bis zu den Tuamoto Inseln Erkennungsmerkmale: Adulte Tiere mit gelben Brustflossen und &hellip; <\/p>\n<p class=\"link-more\"><a href=\"https:\/\/alles-ueber-riffe.de\/?page_id=4645\" class=\"more-link\"><span class=\"screen-reader-text\">\u201eRundkopf-Fledermausfisch\u201c<\/span> weiterlesen<\/a><\/p>\n","protected":false},"author":1,"featured_media":0,"parent":0,"menu_order":0,"comment_status":"closed","ping_status":"closed","template":"","meta":{"footnotes":""},"class_list":["post-4645","page","type-page","status-publish","hentry"],"_links":{"self":[{"href":"https:\/\/alles-ueber-riffe.de\/index.php?rest_route=\/wp\/v2\/pages\/4645","targetHints":{"allow":["GET"]}}],"collection":[{"href":"https:\/\/alles-ueber-riffe.de\/index.php?rest_route=\/wp\/v2\/pages"}],"about":[{"href":"https:\/\/alles-ueber-riffe.de\/index.php?rest_route=\/wp\/v2\/types\/page"}],"author":[{"embeddable":true,"href":"https:\/\/alles-ueber-riffe.de\/index.php?rest_route=\/wp\/v2\/users\/1"}],"replies":[{"embeddable":true,"href":"https:\/\/alles-ueber-riffe.de\/index.php?rest_route=%2Fwp%2Fv2%2Fcomments&post=4645"}],"version-history":[{"count":8,"href":"https:\/\/alles-ueber-riffe.de\/index.php?rest_route=\/wp\/v2\/pages\/4645\/revisions"}],"predecessor-version":[{"id":11036,"href":"https:\/\/alles-ueber-riffe.de\/index.php?rest_route=\/wp\/v2\/pages\/4645\/revisions\/11036"}],"wp:attachment":[{"href":"https:\/\/alles-ueber-riffe.de\/index.php?rest_route=%2Fwp%2Fv2%2Fmedia&parent=4645"}],"curies":[{"name":"wp","href":"https:\/\/api.w.org\/{rel}","templated":true}]}}