{"id":4629,"date":"2025-01-08T05:07:05","date_gmt":"2025-01-08T05:07:05","guid":{"rendered":"https:\/\/alles-ueber-riffe.de\/?page_id=4629"},"modified":"2025-01-18T14:27:15","modified_gmt":"2025-01-18T14:27:15","slug":"puenktchen-feilenfisch","status":"publish","type":"page","link":"https:\/\/alles-ueber-riffe.de\/?page_id=4629","title":{"rendered":"P\u00fcnktchen-Feilenfisch"},"content":{"rendered":"\n<div class=\"wp-block-group is-vertical is-layout-flex wp-container-core-group-is-layout-8cf370e7 wp-block-group-is-layout-flex\">\n<p><strong>P\u00fcnktchen-Feilenfisch<\/strong><\/p>\n\n\n\n<p>Strap-weed file-fish<\/p>\n\n\n\n<p><em>Pseudomonacanthus macrurus<\/em><\/p>\n<\/div>\n\n\n\n<div style=\"height:30px\" aria-hidden=\"true\" class=\"wp-block-spacer\"><\/div>\n\n\n\n<figure class=\"wp-block-image size-full\"><img loading=\"lazy\" decoding=\"async\" width=\"1024\" height=\"768\" src=\"https:\/\/alles-ueber-riffe.de\/wp-content\/uploads\/2025\/01\/Puenktchen-Feilenfisch_1024x768-2.jpg\" alt=\"\" class=\"wp-image-7386\" srcset=\"https:\/\/alles-ueber-riffe.de\/wp-content\/uploads\/2025\/01\/Puenktchen-Feilenfisch_1024x768-2.jpg 1024w, https:\/\/alles-ueber-riffe.de\/wp-content\/uploads\/2025\/01\/Puenktchen-Feilenfisch_1024x768-2-300x225.jpg 300w, https:\/\/alles-ueber-riffe.de\/wp-content\/uploads\/2025\/01\/Puenktchen-Feilenfisch_1024x768-2-768x576.jpg 768w\" sizes=\"auto, (max-width: 767px) 89vw, (max-width: 1000px) 54vw, (max-width: 1071px) 543px, 580px\" \/><figcaption class=\"wp-element-caption\">\u00a9 Joris Rombouts<br><\/figcaption><\/figure>\n\n\n\n<hr class=\"wp-block-separator has-alpha-channel-opacity is-style-default\"\/>\n\n\n\n<p><strong>Gr\u00f6\u00dfe: <\/strong> bis 18 cm<\/p>\n\n\n\n<p><strong>Lebensraum:<\/strong> Sand-, Ger\u00f6llgrund, Seegraswiesen, Korallenriffe<\/p>\n\n\n\n<p><strong>Vorkommen:  <\/strong>Thailand, Philippinen, S\u00fcdjapan, Indonesien, Nordaustralien, Papua Neuguinea<\/p>\n\n\n\n<p><strong>Erkennungsmerkmale: <\/strong> Grundfarbe sehr variabel von gelbgr\u00fcn bis hellbraun; kleine dunkle Punkte<\/p>\n\n\n\n<p><strong>Biologie &amp; Verhalten: <\/strong> Einzeln oder paarweise anzutreffen.<\/p>\n\n\n\n<p><strong>Bedrohungsstatus:<\/strong> Es liegen zu wenig Daten vor, um einen Status auf der Roten Liste der IUCN zu bestimmen.<\/p>\n\n\n\n<hr class=\"wp-block-separator has-alpha-channel-opacity is-style-default\"\/>\n","protected":false},"excerpt":{"rendered":"<p>P\u00fcnktchen-Feilenfisch Strap-weed file-fish Pseudomonacanthus macrurus Gr\u00f6\u00dfe: bis 18 cm Lebensraum: Sand-, Ger\u00f6llgrund, Seegraswiesen, Korallenriffe Vorkommen: Thailand, Philippinen, S\u00fcdjapan, Indonesien, Nordaustralien, Papua Neuguinea Erkennungsmerkmale: Grundfarbe sehr variabel von gelbgr\u00fcn bis hellbraun; kleine dunkle Punkte Biologie &amp; Verhalten: Einzeln oder paarweise anzutreffen. Bedrohungsstatus: Es liegen zu wenig Daten vor, um einen Status auf der Roten Liste der &hellip; <\/p>\n<p class=\"link-more\"><a href=\"https:\/\/alles-ueber-riffe.de\/?page_id=4629\" class=\"more-link\"><span class=\"screen-reader-text\">\u201eP\u00fcnktchen-Feilenfisch\u201c<\/span> weiterlesen<\/a><\/p>\n","protected":false},"author":1,"featured_media":0,"parent":0,"menu_order":0,"comment_status":"closed","ping_status":"closed","template":"","meta":{"footnotes":""},"class_list":["post-4629","page","type-page","status-publish","hentry"],"_links":{"self":[{"href":"https:\/\/alles-ueber-riffe.de\/index.php?rest_route=\/wp\/v2\/pages\/4629","targetHints":{"allow":["GET"]}}],"collection":[{"href":"https:\/\/alles-ueber-riffe.de\/index.php?rest_route=\/wp\/v2\/pages"}],"about":[{"href":"https:\/\/alles-ueber-riffe.de\/index.php?rest_route=\/wp\/v2\/types\/page"}],"author":[{"embeddable":true,"href":"https:\/\/alles-ueber-riffe.de\/index.php?rest_route=\/wp\/v2\/users\/1"}],"replies":[{"embeddable":true,"href":"https:\/\/alles-ueber-riffe.de\/index.php?rest_route=%2Fwp%2Fv2%2Fcomments&post=4629"}],"version-history":[{"count":6,"href":"https:\/\/alles-ueber-riffe.de\/index.php?rest_route=\/wp\/v2\/pages\/4629\/revisions"}],"predecessor-version":[{"id":7390,"href":"https:\/\/alles-ueber-riffe.de\/index.php?rest_route=\/wp\/v2\/pages\/4629\/revisions\/7390"}],"wp:attachment":[{"href":"https:\/\/alles-ueber-riffe.de\/index.php?rest_route=%2Fwp%2Fv2%2Fmedia&parent=4629"}],"curies":[{"name":"wp","href":"https:\/\/api.w.org\/{rel}","templated":true}]}}