{"id":4627,"date":"2025-01-08T05:06:54","date_gmt":"2025-01-08T05:06:54","guid":{"rendered":"https:\/\/alles-ueber-riffe.de\/?page_id=4627"},"modified":"2025-01-18T14:22:46","modified_gmt":"2025-01-18T14:22:46","slug":"mimikry-feilenfisch","status":"publish","type":"page","link":"https:\/\/alles-ueber-riffe.de\/?page_id=4627","title":{"rendered":"Mimikry-Feilenfisch"},"content":{"rendered":"\n<div class=\"wp-block-group is-vertical is-layout-flex wp-container-core-group-is-layout-8cf370e7 wp-block-group-is-layout-flex\">\n<p><strong>Mimikry-Feilenfisch<\/strong><\/p>\n\n\n\n<p>Mimikry filefish<\/p>\n\n\n\n<p><em>Paraluteres arqat<\/em><\/p>\n<\/div>\n\n\n\n<div style=\"height:30px\" aria-hidden=\"true\" class=\"wp-block-spacer\"><\/div>\n\n\n\n<figure class=\"wp-block-image size-full\"><img loading=\"lazy\" decoding=\"async\" width=\"1024\" height=\"768\" src=\"https:\/\/alles-ueber-riffe.de\/wp-content\/uploads\/2025\/01\/Mimikry-Feilenfisch-_1024x768.jpg\" alt=\"\" class=\"wp-image-7378\" srcset=\"https:\/\/alles-ueber-riffe.de\/wp-content\/uploads\/2025\/01\/Mimikry-Feilenfisch-_1024x768.jpg 1024w, https:\/\/alles-ueber-riffe.de\/wp-content\/uploads\/2025\/01\/Mimikry-Feilenfisch-_1024x768-300x225.jpg 300w, https:\/\/alles-ueber-riffe.de\/wp-content\/uploads\/2025\/01\/Mimikry-Feilenfisch-_1024x768-768x576.jpg 768w\" sizes=\"auto, (max-width: 767px) 89vw, (max-width: 1000px) 54vw, (max-width: 1071px) 543px, 580px\" \/><figcaption class=\"wp-element-caption\">\u00a9 Joris Rombouts<\/figcaption><\/figure>\n\n\n\n<hr class=\"wp-block-separator has-alpha-channel-opacity is-style-default\"\/>\n\n\n\n<p><strong>Gr\u00f6\u00dfe: <\/strong> bis 10 cm<\/p>\n\n\n\n<p><strong>Lebensraum:<\/strong> Korallenriffe<\/p>\n\n\n\n<p><strong>Vorkommen:  <\/strong>Rotes Meer, vielleicht auch bis zur Andamanen See<\/p>\n\n\n\n<p><strong>Erkennungsmerkmale: <\/strong> Grundfarbe braun; K\u00f6rper \u00fcbers\u00e4t mit zahlreichen kleinen, wei\u00dfen Punkten und Strichen<\/p>\n\n\n\n<p><strong>Biologie &amp; Verhalten: <\/strong> Dieser Feilenfisch ahmt im Roten Meer den Rotmeer-Spitzkopfkugelfisch nach.&nbsp;Sein Doppelg\u00e4nger, der Augenfleck-Spitzkopf-Kugelfisch (<em><a href=\"http:\/\/researcharchive.calacademy.org\/research\/ichthyology\/catalog\/fishcatget.asp?genid=3398\" target=\"_blank\" rel=\"noreferrer noopener\">Paraluteres<\/a><\/em>&nbsp;<em><a href=\"http:\/\/researcharchive.calacademy.org\/research\/ichthyology\/catalog\/fishcatget.asp?spid=23634\" target=\"_blank\" rel=\"noreferrer noopener\">prionurus<\/a><\/em>)&nbsp;dagegen kommt von Ostafrika bis nach Australien und Ozeanien vor.<\/p>\n\n\n\n<p><strong>Bedrohungsstatus:<\/strong> Es liegen zu wenig Daten vor, um einen Status auf der  Roten Liste der IUCN zu bestimmen.<\/p>\n\n\n\n<hr class=\"wp-block-separator has-alpha-channel-opacity is-style-default\"\/>\n","protected":false},"excerpt":{"rendered":"<p>Mimikry-Feilenfisch Mimikry filefish Paraluteres arqat Gr\u00f6\u00dfe: bis 10 cm Lebensraum: Korallenriffe Vorkommen: Rotes Meer, vielleicht auch bis zur Andamanen See Erkennungsmerkmale: Grundfarbe braun; K\u00f6rper \u00fcbers\u00e4t mit zahlreichen kleinen, wei\u00dfen Punkten und Strichen Biologie &amp; Verhalten: Dieser Feilenfisch ahmt im Roten Meer den Rotmeer-Spitzkopfkugelfisch nach.&nbsp;Sein Doppelg\u00e4nger, der Augenfleck-Spitzkopf-Kugelfisch (Paraluteres&nbsp;prionurus)&nbsp;dagegen kommt von Ostafrika bis nach Australien und &hellip; <\/p>\n<p class=\"link-more\"><a href=\"https:\/\/alles-ueber-riffe.de\/?page_id=4627\" class=\"more-link\"><span class=\"screen-reader-text\">\u201eMimikry-Feilenfisch\u201c<\/span> weiterlesen<\/a><\/p>\n","protected":false},"author":1,"featured_media":0,"parent":0,"menu_order":0,"comment_status":"closed","ping_status":"closed","template":"","meta":{"footnotes":""},"class_list":["post-4627","page","type-page","status-publish","hentry"],"_links":{"self":[{"href":"https:\/\/alles-ueber-riffe.de\/index.php?rest_route=\/wp\/v2\/pages\/4627","targetHints":{"allow":["GET"]}}],"collection":[{"href":"https:\/\/alles-ueber-riffe.de\/index.php?rest_route=\/wp\/v2\/pages"}],"about":[{"href":"https:\/\/alles-ueber-riffe.de\/index.php?rest_route=\/wp\/v2\/types\/page"}],"author":[{"embeddable":true,"href":"https:\/\/alles-ueber-riffe.de\/index.php?rest_route=\/wp\/v2\/users\/1"}],"replies":[{"embeddable":true,"href":"https:\/\/alles-ueber-riffe.de\/index.php?rest_route=%2Fwp%2Fv2%2Fcomments&post=4627"}],"version-history":[{"count":8,"href":"https:\/\/alles-ueber-riffe.de\/index.php?rest_route=\/wp\/v2\/pages\/4627\/revisions"}],"predecessor-version":[{"id":7384,"href":"https:\/\/alles-ueber-riffe.de\/index.php?rest_route=\/wp\/v2\/pages\/4627\/revisions\/7384"}],"wp:attachment":[{"href":"https:\/\/alles-ueber-riffe.de\/index.php?rest_route=%2Fwp%2Fv2%2Fmedia&parent=4627"}],"curies":[{"name":"wp","href":"https:\/\/api.w.org\/{rel}","templated":true}]}}