{"id":4607,"date":"2025-01-08T05:04:56","date_gmt":"2025-01-08T05:04:56","guid":{"rendered":"https:\/\/alles-ueber-riffe.de\/?page_id=4607"},"modified":"2025-01-18T11:13:00","modified_gmt":"2025-01-18T11:13:00","slug":"langnasen-palettenstachler","status":"publish","type":"page","link":"https:\/\/alles-ueber-riffe.de\/?page_id=4607","title":{"rendered":"Langnasen-Palettenstachler"},"content":{"rendered":"\n<div class=\"wp-block-group is-vertical is-layout-flex wp-container-core-group-is-layout-8cf370e7 wp-block-group-is-layout-flex\">\n<p><strong>Langnasen-Palettenstachler<\/strong><\/p>\n\n\n\n<p>Harlequin filefish<\/p>\n\n\n\n<p><em>Oxymonacanthus longirostris<\/em><\/p>\n<\/div>\n\n\n\n<div style=\"height:30px\" aria-hidden=\"true\" class=\"wp-block-spacer\"><\/div>\n\n\n\n<figure class=\"wp-block-image size-full\"><img loading=\"lazy\" decoding=\"async\" width=\"300\" height=\"200\" src=\"https:\/\/alles-ueber-riffe.de\/wp-content\/uploads\/2024\/11\/Langnasen-Palettenstachler.jpg\" alt=\"\" class=\"wp-image-1894\"\/><figcaption class=\"wp-element-caption\">\u00a9 Heinz Krimmer<\/figcaption><\/figure>\n\n\n\n<hr class=\"wp-block-separator has-alpha-channel-opacity is-style-default\"\/>\n\n\n\n<p><strong>Gr\u00f6\u00dfe: <\/strong> bis 12 cm<\/p>\n\n\n\n<p><strong>Lebensraum:<\/strong> Korallenriffe<\/p>\n\n\n\n<p><strong>Vorkommen:  <\/strong>Ostafrika, Malediven, S\u00fcdjapan, \u00fcber ganz S\u00fcdostasien, Nordaustralien, Papua-Neuguinea, Ozeanien bis Tonga<\/p>\n\n\n\n<p><strong>Erkennungsmerkmale: <\/strong> Grundfarbe gr\u00fcn; zahlreiche orangene Punkte<\/p>\n\n\n\n<p><strong>Biologie &amp; Verhalten: <\/strong> Wie Biologen der James Cook Universit\u00e4t in Australien 2014 herausfanden, verf\u00fcgen die Langnasen-Plattenstachler \u00fcber eine \u201echemische Tarnung\u201c. Sie riechen wie die Korallen, die sie fressen. Da Raubfische ihre Beute oft mit Hilfe des Geruchsinns finden, k\u00f6nnen sie sie damit t\u00e4uschen. Eine \u201echemische Tarnung\u201c kannte man bisher nur von Wirbellosen.<\/p>\n\n\n\n<p>Diesen wundersch\u00f6nen Feilenfisch findet man paarweise oder in kleinen Gruppen zwischen den Korallen. Er ern\u00e4hrt sich von den Polypen der Acropora Korallen. Langnasen-Feilenfische haben ein festes Revier und in der Balzzeit sind sie besonders aggressiv. Als monogam lebende Tiere bleiben sie ihrem Partner auf Lebenszeit treu.<\/p>\n\n\n\n<p>\u00c4u\u00dferlich kaum von dem Rotmeer-Palettenstachler (Oxymonacanthus halli<strong>)&nbsp;<\/strong>zu unterscheiden. Auch hier hilft wieder das Verbreitungsgebiet bei der Bestimmung. Der Rotmeer-Palettenstachler lebt nur im Roten Meer. In allen anderen Gebieten handelt es sich um den Langnasen-Palettenstachler.<\/p>\n\n\n\n<p><strong>Bedrohungsstatus:<\/strong> Die Art wird auf der Roten Liste der IUCN als<mark style=\"background-color:rgba(0, 0, 0, 0)\" class=\"has-inline-color has-vivid-red-color\"> \u201egef\u00e4hrdet\u201c<\/mark> gef\u00fchrt.<\/p>\n\n\n\n<hr class=\"wp-block-separator has-alpha-channel-opacity is-style-default\"\/>\n","protected":false},"excerpt":{"rendered":"<p>Langnasen-Palettenstachler Harlequin filefish Oxymonacanthus longirostris Gr\u00f6\u00dfe: bis 12 cm Lebensraum: Korallenriffe Vorkommen: Ostafrika, Malediven, S\u00fcdjapan, \u00fcber ganz S\u00fcdostasien, Nordaustralien, Papua-Neuguinea, Ozeanien bis Tonga Erkennungsmerkmale: Grundfarbe gr\u00fcn; zahlreiche orangene Punkte Biologie &amp; Verhalten: Wie Biologen der James Cook Universit\u00e4t in Australien 2014 herausfanden, verf\u00fcgen die Langnasen-Plattenstachler \u00fcber eine \u201echemische Tarnung\u201c. Sie riechen wie die Korallen, die &hellip; <\/p>\n<p class=\"link-more\"><a href=\"https:\/\/alles-ueber-riffe.de\/?page_id=4607\" class=\"more-link\"><span class=\"screen-reader-text\">\u201eLangnasen-Palettenstachler\u201c<\/span> weiterlesen<\/a><\/p>\n","protected":false},"author":1,"featured_media":0,"parent":0,"menu_order":0,"comment_status":"closed","ping_status":"closed","template":"","meta":{"footnotes":""},"class_list":["post-4607","page","type-page","status-publish","hentry"],"_links":{"self":[{"href":"https:\/\/alles-ueber-riffe.de\/index.php?rest_route=\/wp\/v2\/pages\/4607","targetHints":{"allow":["GET"]}}],"collection":[{"href":"https:\/\/alles-ueber-riffe.de\/index.php?rest_route=\/wp\/v2\/pages"}],"about":[{"href":"https:\/\/alles-ueber-riffe.de\/index.php?rest_route=\/wp\/v2\/types\/page"}],"author":[{"embeddable":true,"href":"https:\/\/alles-ueber-riffe.de\/index.php?rest_route=\/wp\/v2\/users\/1"}],"replies":[{"embeddable":true,"href":"https:\/\/alles-ueber-riffe.de\/index.php?rest_route=%2Fwp%2Fv2%2Fcomments&post=4607"}],"version-history":[{"count":6,"href":"https:\/\/alles-ueber-riffe.de\/index.php?rest_route=\/wp\/v2\/pages\/4607\/revisions"}],"predecessor-version":[{"id":7315,"href":"https:\/\/alles-ueber-riffe.de\/index.php?rest_route=\/wp\/v2\/pages\/4607\/revisions\/7315"}],"wp:attachment":[{"href":"https:\/\/alles-ueber-riffe.de\/index.php?rest_route=%2Fwp%2Fv2%2Fmedia&parent=4607"}],"curies":[{"name":"wp","href":"https:\/\/api.w.org\/{rel}","templated":true}]}}