{"id":4603,"date":"2025-01-08T05:04:27","date_gmt":"2025-01-08T05:04:27","guid":{"rendered":"https:\/\/alles-ueber-riffe.de\/?page_id=4603"},"modified":"2025-01-18T09:56:20","modified_gmt":"2025-01-18T09:56:20","slug":"schwarzflossen-falterfisch","status":"publish","type":"page","link":"https:\/\/alles-ueber-riffe.de\/?page_id=4603","title":{"rendered":"Schwarzflossen-Falterfisch"},"content":{"rendered":"\n<div class=\"wp-block-group is-vertical is-layout-flex wp-container-core-group-is-layout-8cf370e7 wp-block-group-is-layout-flex\">\n<p><strong>Schwarzflossen-Falterfisch<\/strong><\/p>\n\n\n\n<p>Indian vagabond butterflyfish<\/p>\n\n\n\n<p><em>Chaetodon decussatus<\/em><\/p>\n<\/div>\n\n\n\n<div style=\"height:30px\" aria-hidden=\"true\" class=\"wp-block-spacer\"><\/div>\n\n\n\n<figure class=\"wp-block-image size-full\"><img loading=\"lazy\" decoding=\"async\" width=\"1024\" height=\"768\" src=\"https:\/\/alles-ueber-riffe.de\/wp-content\/uploads\/2025\/01\/Schwarzflossen-Falterfisch_1024x768.jpg\" alt=\"\" class=\"wp-image-7281\" srcset=\"https:\/\/alles-ueber-riffe.de\/wp-content\/uploads\/2025\/01\/Schwarzflossen-Falterfisch_1024x768.jpg 1024w, https:\/\/alles-ueber-riffe.de\/wp-content\/uploads\/2025\/01\/Schwarzflossen-Falterfisch_1024x768-300x225.jpg 300w, https:\/\/alles-ueber-riffe.de\/wp-content\/uploads\/2025\/01\/Schwarzflossen-Falterfisch_1024x768-768x576.jpg 768w\" sizes=\"auto, (max-width: 767px) 89vw, (max-width: 1000px) 54vw, (max-width: 1071px) 543px, 580px\" \/><figcaption class=\"wp-element-caption\">\u00a9 Joris Rombouts<\/figcaption><\/figure>\n\n\n\n<hr class=\"wp-block-separator has-alpha-channel-opacity is-style-default\"\/>\n\n\n\n<p><strong>Gr\u00f6\u00dfe: <\/strong> bis 20 cm<\/p>\n\n\n\n<p><strong>Lebensraum:<\/strong> Korallenriffe, Ger\u00f6llb\u00f6den<\/p>\n\n\n\n<p><strong>Vorkommen:  <\/strong>Ostaustralien, Papua-Neuguinea, Ozeanien bis Melanesien<\/p>\n\n\n\n<p><strong>Erkennungsmerkmale: <\/strong> Grundfarbe wei\u00df bis hellbraun; schwarzes, breites Band von der hinteren R\u00fccken- bis zur Afterflosse; Schwanz- und Afterflosse mit je zwei, gelben Quer- bzw. L\u00e4ngsb\u00e4ndern;<\/p>\n\n\n\n<p>K\u00f6rper mit diagonal und entgegengesetzt verlaufenden, dunklen Querlinien<\/p>\n\n\n\n<p><strong>Biologie &amp; Verhalten: <\/strong> Wieder ein Falterfisch, der einem die Bestimmung schwer macht. Sein Aussehen ist bis auf die Zeichnung der Afterflosse identisch mit dem des Vagabund-Falterfisches (Chaetodon vagabundus). Als w\u00e4re das nicht genug sieht er auch dem Gestreifter Riesen-Falterfisch \u00e4hnlich. Man orientiert sich am Besten an den Querstreifen am K\u00f6rper, denn die verlaufen beim Gestreiften Riesen-Falterfisches von oben nach unten.<\/p>\n\n\n\n<p>Dieser Wimpelfisch frisst Korallenpolypen und Algen. Er h\u00e4lt sich gerne in abgestorbenen und veralgten Riffbereichen auf.<\/p>\n\n\n\n<p><strong>Bedrohungsstatus:<\/strong> Die Art wird auf der Roten Liste der IUCN als <mark style=\"background-color:rgba(0, 0, 0, 0)\" class=\"has-inline-color has-vivid-green-cyan-color\">\u201enicht gef\u00e4hrdet\u201c<\/mark> gef\u00fchrt.<\/p>\n\n\n\n<hr class=\"wp-block-separator has-alpha-channel-opacity is-style-default\"\/>\n","protected":false},"excerpt":{"rendered":"<p>Schwarzflossen-Falterfisch Indian vagabond butterflyfish Chaetodon decussatus Gr\u00f6\u00dfe: bis 20 cm Lebensraum: Korallenriffe, Ger\u00f6llb\u00f6den Vorkommen: Ostaustralien, Papua-Neuguinea, Ozeanien bis Melanesien Erkennungsmerkmale: Grundfarbe wei\u00df bis hellbraun; schwarzes, breites Band von der hinteren R\u00fccken- bis zur Afterflosse; Schwanz- und Afterflosse mit je zwei, gelben Quer- bzw. L\u00e4ngsb\u00e4ndern; K\u00f6rper mit diagonal und entgegengesetzt verlaufenden, dunklen Querlinien Biologie &amp; Verhalten: &hellip; <\/p>\n<p class=\"link-more\"><a href=\"https:\/\/alles-ueber-riffe.de\/?page_id=4603\" class=\"more-link\"><span class=\"screen-reader-text\">\u201eSchwarzflossen-Falterfisch\u201c<\/span> weiterlesen<\/a><\/p>\n","protected":false},"author":1,"featured_media":0,"parent":0,"menu_order":0,"comment_status":"closed","ping_status":"closed","template":"","meta":{"footnotes":""},"class_list":["post-4603","page","type-page","status-publish","hentry"],"_links":{"self":[{"href":"https:\/\/alles-ueber-riffe.de\/index.php?rest_route=\/wp\/v2\/pages\/4603","targetHints":{"allow":["GET"]}}],"collection":[{"href":"https:\/\/alles-ueber-riffe.de\/index.php?rest_route=\/wp\/v2\/pages"}],"about":[{"href":"https:\/\/alles-ueber-riffe.de\/index.php?rest_route=\/wp\/v2\/types\/page"}],"author":[{"embeddable":true,"href":"https:\/\/alles-ueber-riffe.de\/index.php?rest_route=\/wp\/v2\/users\/1"}],"replies":[{"embeddable":true,"href":"https:\/\/alles-ueber-riffe.de\/index.php?rest_route=%2Fwp%2Fv2%2Fcomments&post=4603"}],"version-history":[{"count":7,"href":"https:\/\/alles-ueber-riffe.de\/index.php?rest_route=\/wp\/v2\/pages\/4603\/revisions"}],"predecessor-version":[{"id":7286,"href":"https:\/\/alles-ueber-riffe.de\/index.php?rest_route=\/wp\/v2\/pages\/4603\/revisions\/7286"}],"wp:attachment":[{"href":"https:\/\/alles-ueber-riffe.de\/index.php?rest_route=%2Fwp%2Fv2%2Fmedia&parent=4603"}],"curies":[{"name":"wp","href":"https:\/\/api.w.org\/{rel}","templated":true}]}}