{"id":4601,"date":"2025-01-08T05:04:17","date_gmt":"2025-01-08T05:04:17","guid":{"rendered":"https:\/\/alles-ueber-riffe.de\/?page_id=4601"},"modified":"2025-01-17T09:42:58","modified_gmt":"2025-01-17T09:42:58","slug":"schwarzer-wimpelfisch","status":"publish","type":"page","link":"https:\/\/alles-ueber-riffe.de\/?page_id=4601","title":{"rendered":"Schwarzer Wimpelfisch"},"content":{"rendered":"\n<div class=\"wp-block-group is-vertical is-layout-flex wp-container-core-group-is-layout-8cf370e7 wp-block-group-is-layout-flex\">\n<p><strong>Schwarzer Wimpelfisch<\/strong><\/p>\n\n\n\n<p>Horned bannerfish<\/p>\n\n\n\n<p><em>Heniochus varius<\/em><\/p>\n<\/div>\n\n\n\n<div style=\"height:30px\" aria-hidden=\"true\" class=\"wp-block-spacer\"><\/div>\n\n\n\n<figure class=\"wp-block-image size-full\"><img loading=\"lazy\" decoding=\"async\" width=\"1024\" height=\"768\" src=\"https:\/\/alles-ueber-riffe.de\/wp-content\/uploads\/2025\/01\/Schwarzer-Wimpelfisch_1024x768.jpg\" alt=\"\" class=\"wp-image-7049\" srcset=\"https:\/\/alles-ueber-riffe.de\/wp-content\/uploads\/2025\/01\/Schwarzer-Wimpelfisch_1024x768.jpg 1024w, https:\/\/alles-ueber-riffe.de\/wp-content\/uploads\/2025\/01\/Schwarzer-Wimpelfisch_1024x768-300x225.jpg 300w, https:\/\/alles-ueber-riffe.de\/wp-content\/uploads\/2025\/01\/Schwarzer-Wimpelfisch_1024x768-768x576.jpg 768w\" sizes=\"auto, (max-width: 767px) 89vw, (max-width: 1000px) 54vw, (max-width: 1071px) 543px, 580px\" \/><figcaption class=\"wp-element-caption\">\u00a9 Heinz Krimmer<\/figcaption><\/figure>\n\n\n\n<hr class=\"wp-block-separator has-alpha-channel-opacity is-style-default\"\/>\n\n\n\n<p><strong>Gr\u00f6\u00dfe: <\/strong> bis 19 cm<\/p>\n\n\n\n<p><strong>Lebensraum:<\/strong> Korallenriffe<\/p>\n\n\n\n<p><strong>Vorkommen:  <\/strong>S\u00fcdjapan, Philippinen, Indonesien, Malaysia, Nordaustralien, Papua-Neuguinea, Ozeanien\u00a0<\/p>\n\n\n\n<p><strong>Erkennungsmerkmale: <\/strong> Grundfarbe dunkelbraun; Bauch und Kopf dunkelgrau bis schwarz; wei\u00dfes Querband \u00fcber die Kiemen; wei\u00dfes, schr\u00e4g nach unten verlaufendes Querband durch die R\u00fcckenflosse<\/p>\n\n\n\n<p><strong>Biologie &amp; Verhalten: <\/strong> Dieser Wimpelfisch frisst Korallenpolypen und kleine Wirbellose. Weiter westlich wurde die Art von dem Phantom-Wimpelfisch (Heniochus pleurotaenia)<br>\u00a0verdr\u00e4ngt, der ihm auch sehr \u00e4hnlich sieht. Hier ist also das Verbreitungsgebiet der wichtigste Faktor bei der Bestimmung.<\/p>\n\n\n\n<p><strong>Bedrohungsstatus:<\/strong> Die Art wird auf der Roten Liste der IUCN als <mark style=\"background-color:rgba(0, 0, 0, 0)\" class=\"has-inline-color has-vivid-green-cyan-color\">\u201enicht gef\u00e4hrdet\u201c <\/mark>gef\u00fchrt.<\/p>\n\n\n\n<hr class=\"wp-block-separator has-alpha-channel-opacity is-style-default\"\/>\n","protected":false},"excerpt":{"rendered":"<p>Schwarzer Wimpelfisch Horned bannerfish Heniochus varius Gr\u00f6\u00dfe: bis 19 cm Lebensraum: Korallenriffe Vorkommen: S\u00fcdjapan, Philippinen, Indonesien, Malaysia, Nordaustralien, Papua-Neuguinea, Ozeanien\u00a0 Erkennungsmerkmale: Grundfarbe dunkelbraun; Bauch und Kopf dunkelgrau bis schwarz; wei\u00dfes Querband \u00fcber die Kiemen; wei\u00dfes, schr\u00e4g nach unten verlaufendes Querband durch die R\u00fcckenflosse Biologie &amp; Verhalten: Dieser Wimpelfisch frisst Korallenpolypen und kleine Wirbellose. Weiter westlich &hellip; <\/p>\n<p class=\"link-more\"><a href=\"https:\/\/alles-ueber-riffe.de\/?page_id=4601\" class=\"more-link\"><span class=\"screen-reader-text\">\u201eSchwarzer Wimpelfisch\u201c<\/span> weiterlesen<\/a><\/p>\n","protected":false},"author":1,"featured_media":0,"parent":0,"menu_order":0,"comment_status":"closed","ping_status":"closed","template":"","meta":{"footnotes":""},"class_list":["post-4601","page","type-page","status-publish","hentry"],"_links":{"self":[{"href":"https:\/\/alles-ueber-riffe.de\/index.php?rest_route=\/wp\/v2\/pages\/4601","targetHints":{"allow":["GET"]}}],"collection":[{"href":"https:\/\/alles-ueber-riffe.de\/index.php?rest_route=\/wp\/v2\/pages"}],"about":[{"href":"https:\/\/alles-ueber-riffe.de\/index.php?rest_route=\/wp\/v2\/types\/page"}],"author":[{"embeddable":true,"href":"https:\/\/alles-ueber-riffe.de\/index.php?rest_route=\/wp\/v2\/users\/1"}],"replies":[{"embeddable":true,"href":"https:\/\/alles-ueber-riffe.de\/index.php?rest_route=%2Fwp%2Fv2%2Fcomments&post=4601"}],"version-history":[{"count":5,"href":"https:\/\/alles-ueber-riffe.de\/index.php?rest_route=\/wp\/v2\/pages\/4601\/revisions"}],"predecessor-version":[{"id":7052,"href":"https:\/\/alles-ueber-riffe.de\/index.php?rest_route=\/wp\/v2\/pages\/4601\/revisions\/7052"}],"wp:attachment":[{"href":"https:\/\/alles-ueber-riffe.de\/index.php?rest_route=%2Fwp%2Fv2%2Fmedia&parent=4601"}],"curies":[{"name":"wp","href":"https:\/\/api.w.org\/{rel}","templated":true}]}}