{"id":4599,"date":"2025-01-08T05:04:06","date_gmt":"2025-01-08T05:04:06","guid":{"rendered":"https:\/\/alles-ueber-riffe.de\/?page_id=4599"},"modified":"2025-01-18T09:53:20","modified_gmt":"2025-01-18T09:53:20","slug":"punktstreifen-falterfisch","status":"publish","type":"page","link":"https:\/\/alles-ueber-riffe.de\/?page_id=4599","title":{"rendered":"Punktstreifen-Falterfisch"},"content":{"rendered":"\n<div class=\"wp-block-group is-vertical is-layout-flex wp-container-core-group-is-layout-8cf370e7 wp-block-group-is-layout-flex\">\n<p><strong>Punktstreifen-Falterfisch<\/strong><\/p>\n\n\n\n<p>Spotband butterflyfish<\/p>\n\n\n\n<p><em>Chaetodon punctatofasciatus<\/em><\/p>\n<\/div>\n\n\n\n<div style=\"height:30px\" aria-hidden=\"true\" class=\"wp-block-spacer\"><\/div>\n\n\n\n<figure class=\"wp-block-image size-full\"><img loading=\"lazy\" decoding=\"async\" width=\"1024\" height=\"768\" src=\"https:\/\/alles-ueber-riffe.de\/wp-content\/uploads\/2025\/01\/Punktstreifen-Falterfisch_1024x768.jpg\" alt=\"\" class=\"wp-image-7272\" srcset=\"https:\/\/alles-ueber-riffe.de\/wp-content\/uploads\/2025\/01\/Punktstreifen-Falterfisch_1024x768.jpg 1024w, https:\/\/alles-ueber-riffe.de\/wp-content\/uploads\/2025\/01\/Punktstreifen-Falterfisch_1024x768-300x225.jpg 300w, https:\/\/alles-ueber-riffe.de\/wp-content\/uploads\/2025\/01\/Punktstreifen-Falterfisch_1024x768-768x576.jpg 768w\" sizes=\"auto, (max-width: 767px) 89vw, (max-width: 1000px) 54vw, (max-width: 1071px) 543px, 580px\" \/><figcaption class=\"wp-element-caption\">\u00a9 Joris Rombouts<br><\/figcaption><\/figure>\n\n\n\n<hr class=\"wp-block-separator has-alpha-channel-opacity is-style-default\"\/>\n\n\n\n<p><strong>Gr\u00f6\u00dfe: <\/strong> bis 12 cm<\/p>\n\n\n\n<p><strong>Lebensraum:<\/strong> Korallenriffe<\/p>\n\n\n\n<p><strong>Vorkommen:  <\/strong>S\u00fcdjapan, Philippinen, Ostindonesien, Malaysia, Nordaustralien, Papua-Neuguinea, Ozeanien bis zu den Linieninseln<\/p>\n\n\n\n<p><strong>Erkennungsmerkmale: <\/strong> Grundfarbe wei\u00df bis hellgelb; dunkle Punkte auf dem K\u00f6rper; dunkle vom R\u00fccken ausgehende Querstreifen bis zur K\u00f6rpermitte; orangene Schwanzwurzel<\/p>\n\n\n\n<p><strong>Biologie &amp; Verhalten: <\/strong> Fri\u00dft Algen, Korallenpolypen und andere Wirbellose.&nbsp;<\/p>\n\n\n\n<p>Interessanterweise wurde beobachtet, dass sich dieser Falterfisch im \u00f6stlichen Verbreitungsgebiet (Nordaustralien und Ozeanien bis Fidschi) mit dem Sonnenuntergang-Falterfisch (Chaetodon pelewensis) paart und es zu Hybriden kommt. Der Sonnenuntergang-Falterfisch (Chaetodon pelewensis) sieht ihm auch tats\u00e4chlich sehr \u00e4hnlich, hat aber diagonal von unten nach oben verlaufende L\u00e4ngsstreifen.&nbsp;<\/p>\n\n\n\n<p><strong>Bedrohungsstatus:<\/strong> Die Art wird auf der Roten Liste der IUCN als <mark style=\"background-color:rgba(0, 0, 0, 0)\" class=\"has-inline-color has-vivid-green-cyan-color\">\u201enicht gef\u00e4hrdet\u201c<\/mark> gef\u00fchrt.<\/p>\n\n\n\n<hr class=\"wp-block-separator has-alpha-channel-opacity is-style-default\"\/>\n","protected":false},"excerpt":{"rendered":"<p>Punktstreifen-Falterfisch Spotband butterflyfish Chaetodon punctatofasciatus Gr\u00f6\u00dfe: bis 12 cm Lebensraum: Korallenriffe Vorkommen: S\u00fcdjapan, Philippinen, Ostindonesien, Malaysia, Nordaustralien, Papua-Neuguinea, Ozeanien bis zu den Linieninseln Erkennungsmerkmale: Grundfarbe wei\u00df bis hellgelb; dunkle Punkte auf dem K\u00f6rper; dunkle vom R\u00fccken ausgehende Querstreifen bis zur K\u00f6rpermitte; orangene Schwanzwurzel Biologie &amp; Verhalten: Fri\u00dft Algen, Korallenpolypen und andere Wirbellose.&nbsp; Interessanterweise wurde beobachtet, &hellip; <\/p>\n<p class=\"link-more\"><a href=\"https:\/\/alles-ueber-riffe.de\/?page_id=4599\" class=\"more-link\"><span class=\"screen-reader-text\">\u201ePunktstreifen-Falterfisch\u201c<\/span> weiterlesen<\/a><\/p>\n","protected":false},"author":1,"featured_media":0,"parent":0,"menu_order":0,"comment_status":"closed","ping_status":"closed","template":"","meta":{"footnotes":""},"class_list":["post-4599","page","type-page","status-publish","hentry"],"_links":{"self":[{"href":"https:\/\/alles-ueber-riffe.de\/index.php?rest_route=\/wp\/v2\/pages\/4599","targetHints":{"allow":["GET"]}}],"collection":[{"href":"https:\/\/alles-ueber-riffe.de\/index.php?rest_route=\/wp\/v2\/pages"}],"about":[{"href":"https:\/\/alles-ueber-riffe.de\/index.php?rest_route=\/wp\/v2\/types\/page"}],"author":[{"embeddable":true,"href":"https:\/\/alles-ueber-riffe.de\/index.php?rest_route=\/wp\/v2\/users\/1"}],"replies":[{"embeddable":true,"href":"https:\/\/alles-ueber-riffe.de\/index.php?rest_route=%2Fwp%2Fv2%2Fcomments&post=4599"}],"version-history":[{"count":8,"href":"https:\/\/alles-ueber-riffe.de\/index.php?rest_route=\/wp\/v2\/pages\/4599\/revisions"}],"predecessor-version":[{"id":7278,"href":"https:\/\/alles-ueber-riffe.de\/index.php?rest_route=\/wp\/v2\/pages\/4599\/revisions\/7278"}],"wp:attachment":[{"href":"https:\/\/alles-ueber-riffe.de\/index.php?rest_route=%2Fwp%2Fv2%2Fmedia&parent=4599"}],"curies":[{"name":"wp","href":"https:\/\/api.w.org\/{rel}","templated":true}]}}