{"id":4589,"date":"2025-01-08T05:03:14","date_gmt":"2025-01-08T05:03:14","guid":{"rendered":"https:\/\/alles-ueber-riffe.de\/?page_id=4589"},"modified":"2025-01-18T09:38:11","modified_gmt":"2025-01-18T09:38:11","slug":"grossschuppen-falterfisch","status":"publish","type":"page","link":"https:\/\/alles-ueber-riffe.de\/?page_id=4589","title":{"rendered":"Gro\u00dfschuppen-Falterfisch"},"content":{"rendered":"\n<div class=\"wp-block-group is-vertical is-layout-flex wp-container-core-group-is-layout-8cf370e7 wp-block-group-is-layout-flex\">\n<p><strong>Gro\u00dfschuppen-Falterfisch<\/strong><\/p>\n\n\n\n<p>Latticed butterflyfish<\/p>\n\n\n\n<p><em>Chaetodon rafflesi<\/em><\/p>\n<\/div>\n\n\n\n<div style=\"height:30px\" aria-hidden=\"true\" class=\"wp-block-spacer\"><\/div>\n\n\n\n<figure class=\"wp-block-image size-full\"><img loading=\"lazy\" decoding=\"async\" width=\"1024\" height=\"768\" src=\"https:\/\/alles-ueber-riffe.de\/wp-content\/uploads\/2025\/01\/Grossschuppen-Falterfisch_1024x768.jpg\" alt=\"\" class=\"wp-image-7258\" srcset=\"https:\/\/alles-ueber-riffe.de\/wp-content\/uploads\/2025\/01\/Grossschuppen-Falterfisch_1024x768.jpg 1024w, https:\/\/alles-ueber-riffe.de\/wp-content\/uploads\/2025\/01\/Grossschuppen-Falterfisch_1024x768-300x225.jpg 300w, https:\/\/alles-ueber-riffe.de\/wp-content\/uploads\/2025\/01\/Grossschuppen-Falterfisch_1024x768-768x576.jpg 768w\" sizes=\"auto, (max-width: 767px) 89vw, (max-width: 1000px) 54vw, (max-width: 1071px) 543px, 580px\" \/><figcaption class=\"wp-element-caption\">\u00a9 Joris Rombouts<\/figcaption><\/figure>\n\n\n\n<hr class=\"wp-block-separator has-alpha-channel-opacity is-style-default\"\/>\n\n\n\n<p><strong>Gr\u00f6\u00dfe: <\/strong> bis 18 cm<\/p>\n\n\n\n<p><strong>Lebensraum:<\/strong> Korallenriffe<\/p>\n\n\n\n<p><strong>Vorkommen:  <\/strong>Sri Lanka, ganz S\u00fcdostasien, S\u00fcdjapan, Nordaustralien, Papua-Neuguinea, Ozeanien bis Palau<\/p>\n\n\n\n<p><strong>Erkennungsmerkmale: <\/strong> Grundfarbe gelb; Netzmuster aus dunkelgelben Linien; schwarzes Band \u00fcber das Auge; schwarzes Querband auf der Schwanzflosse;<\/p>\n\n\n\n<p><strong>Biologie &amp; Verhalten: <\/strong> Der Gro\u00dfschuppen-Falterfisch ist eine selten zu sehende Art. Sie fressen Anemonen, Polypen von Weich- und Hartkorallen, sowie andere Wirbellose.<\/p>\n\n\n\n<p><strong>Bedrohungsstatus:<\/strong> Die Art wird auf der Roten Liste der IUCN als <mark style=\"background-color:rgba(0, 0, 0, 0)\" class=\"has-inline-color has-vivid-green-cyan-color\">\u201enicht gef\u00e4hrdet\u201c <\/mark>gef\u00fchrt.<\/p>\n\n\n\n<hr class=\"wp-block-separator has-alpha-channel-opacity is-style-default\"\/>\n","protected":false},"excerpt":{"rendered":"<p>Gro\u00dfschuppen-Falterfisch Latticed butterflyfish Chaetodon rafflesi Gr\u00f6\u00dfe: bis 18 cm Lebensraum: Korallenriffe Vorkommen: Sri Lanka, ganz S\u00fcdostasien, S\u00fcdjapan, Nordaustralien, Papua-Neuguinea, Ozeanien bis Palau Erkennungsmerkmale: Grundfarbe gelb; Netzmuster aus dunkelgelben Linien; schwarzes Band \u00fcber das Auge; schwarzes Querband auf der Schwanzflosse; Biologie &amp; Verhalten: Der Gro\u00dfschuppen-Falterfisch ist eine selten zu sehende Art. Sie fressen Anemonen, Polypen von &hellip; <\/p>\n<p class=\"link-more\"><a href=\"https:\/\/alles-ueber-riffe.de\/?page_id=4589\" class=\"more-link\"><span class=\"screen-reader-text\">\u201eGro\u00dfschuppen-Falterfisch\u201c<\/span> weiterlesen<\/a><\/p>\n","protected":false},"author":1,"featured_media":0,"parent":0,"menu_order":0,"comment_status":"closed","ping_status":"closed","template":"","meta":{"footnotes":""},"class_list":["post-4589","page","type-page","status-publish","hentry"],"_links":{"self":[{"href":"https:\/\/alles-ueber-riffe.de\/index.php?rest_route=\/wp\/v2\/pages\/4589","targetHints":{"allow":["GET"]}}],"collection":[{"href":"https:\/\/alles-ueber-riffe.de\/index.php?rest_route=\/wp\/v2\/pages"}],"about":[{"href":"https:\/\/alles-ueber-riffe.de\/index.php?rest_route=\/wp\/v2\/types\/page"}],"author":[{"embeddable":true,"href":"https:\/\/alles-ueber-riffe.de\/index.php?rest_route=\/wp\/v2\/users\/1"}],"replies":[{"embeddable":true,"href":"https:\/\/alles-ueber-riffe.de\/index.php?rest_route=%2Fwp%2Fv2%2Fcomments&post=4589"}],"version-history":[{"count":6,"href":"https:\/\/alles-ueber-riffe.de\/index.php?rest_route=\/wp\/v2\/pages\/4589\/revisions"}],"predecessor-version":[{"id":7262,"href":"https:\/\/alles-ueber-riffe.de\/index.php?rest_route=\/wp\/v2\/pages\/4589\/revisions\/7262"}],"wp:attachment":[{"href":"https:\/\/alles-ueber-riffe.de\/index.php?rest_route=%2Fwp%2Fv2%2Fmedia&parent=4589"}],"curies":[{"name":"wp","href":"https:\/\/api.w.org\/{rel}","templated":true}]}}