{"id":4585,"date":"2025-01-08T05:02:53","date_gmt":"2025-01-08T05:02:53","guid":{"rendered":"https:\/\/alles-ueber-riffe.de\/?page_id=4585"},"modified":"2025-01-17T18:29:24","modified_gmt":"2025-01-17T18:29:24","slug":"gepunkteter-falterfisch","status":"publish","type":"page","link":"https:\/\/alles-ueber-riffe.de\/?page_id=4585","title":{"rendered":"Gepunkteter Falterfisch"},"content":{"rendered":"\n<div class=\"wp-block-group is-vertical is-layout-flex wp-container-core-group-is-layout-8cf370e7 wp-block-group-is-layout-flex\">\n<p><strong>Gepunkteter Falterfisch<\/strong><\/p>\n\n\n\n<p>Speckled butterflyfish<\/p>\n\n\n\n<p>Chaetodon citrinellus<\/p>\n<\/div>\n\n\n\n<div style=\"height:30px\" aria-hidden=\"true\" class=\"wp-block-spacer\"><\/div>\n\n\n\n<figure class=\"wp-block-image size-full\"><img loading=\"lazy\" decoding=\"async\" width=\"1024\" height=\"768\" src=\"https:\/\/alles-ueber-riffe.de\/wp-content\/uploads\/2025\/01\/Gepunkteter-Falterfisch_1024x768.jpg\" alt=\"\" class=\"wp-image-7246\" srcset=\"https:\/\/alles-ueber-riffe.de\/wp-content\/uploads\/2025\/01\/Gepunkteter-Falterfisch_1024x768.jpg 1024w, https:\/\/alles-ueber-riffe.de\/wp-content\/uploads\/2025\/01\/Gepunkteter-Falterfisch_1024x768-300x225.jpg 300w, https:\/\/alles-ueber-riffe.de\/wp-content\/uploads\/2025\/01\/Gepunkteter-Falterfisch_1024x768-768x576.jpg 768w\" sizes=\"auto, (max-width: 767px) 89vw, (max-width: 1000px) 54vw, (max-width: 1071px) 543px, 580px\" \/><figcaption class=\"wp-element-caption\">\u00a9 Joris Rombouts<\/figcaption><\/figure>\n\n\n\n<hr class=\"wp-block-separator has-alpha-channel-opacity is-style-default\"\/>\n\n\n\n<p><strong>Gr\u00f6\u00dfe: <\/strong> bis 13 cm<\/p>\n\n\n\n<p><strong>Lebensraum:<\/strong> Korallenriffe<\/p>\n\n\n\n<p><strong>Vorkommen:  <\/strong>Ostafrika, Malediven, Sri Lanka, S\u00fcdjapan, Philippinen, Ostindonesien, Malaysia, Nordaustralien, Papua-Neuguinea, Ozeanien bis Hawaii<\/p>\n\n\n\n<p><strong>Erkennungsmerkmale: <\/strong> Grundfarbe wei\u00df bis gelbbraun; schwarzer Streifen \u00fcber das Auge; zahlreiche, kleine, schwarze Punkte am K\u00f6rper<\/p>\n\n\n\n<p><strong>Biologie &amp; Verhalten: <\/strong> Extrem \u00e4hnlich sind diesem Falterfisch zwei weitere Arten:&nbsp;<\/p>\n\n\n\n<p>Der T\u00fcpfel-Falterfisch (Chaetodon guttatissimus) und der G\u00fcnthers Falterfisch (Chaetodon guentheri).&nbsp;<\/p>\n\n\n\n<p>Der T\u00fcpfel-Falterfisch kommt im gleichen Gebiet vor, verbreitet sich aber nicht so weit nach Osten. Er unterscheidet sich am deutlichsten durch den gelben Saum an der R\u00fcckenflosse.&nbsp;<\/p>\n\n\n\n<p>G\u00fcnthers Falterfisch kommt in S\u00fcdjapan, den Philippinen, Indonesien und Nordaustralien vor. Er unterscheidet sich durch seine gelbe Schwanzflosse.<\/p>\n\n\n\n<p><strong>Bedrohungsstatus:<\/strong> Die Art wird auf der Roten Liste der IUCN als <mark style=\"background-color:rgba(0, 0, 0, 0)\" class=\"has-inline-color has-vivid-green-cyan-color\">\u201enicht gef\u00e4hrdet\u201c<\/mark> gef\u00fchrt.<\/p>\n\n\n\n<hr class=\"wp-block-separator has-alpha-channel-opacity is-style-default\"\/>\n","protected":false},"excerpt":{"rendered":"<p>Gepunkteter Falterfisch Speckled butterflyfish Chaetodon citrinellus Gr\u00f6\u00dfe: bis 13 cm Lebensraum: Korallenriffe Vorkommen: Ostafrika, Malediven, Sri Lanka, S\u00fcdjapan, Philippinen, Ostindonesien, Malaysia, Nordaustralien, Papua-Neuguinea, Ozeanien bis Hawaii Erkennungsmerkmale: Grundfarbe wei\u00df bis gelbbraun; schwarzer Streifen \u00fcber das Auge; zahlreiche, kleine, schwarze Punkte am K\u00f6rper Biologie &amp; Verhalten: Extrem \u00e4hnlich sind diesem Falterfisch zwei weitere Arten:&nbsp; Der T\u00fcpfel-Falterfisch &hellip; <\/p>\n<p class=\"link-more\"><a href=\"https:\/\/alles-ueber-riffe.de\/?page_id=4585\" class=\"more-link\"><span class=\"screen-reader-text\">\u201eGepunkteter Falterfisch\u201c<\/span> weiterlesen<\/a><\/p>\n","protected":false},"author":1,"featured_media":0,"parent":0,"menu_order":0,"comment_status":"closed","ping_status":"closed","template":"","meta":{"footnotes":""},"class_list":["post-4585","page","type-page","status-publish","hentry"],"_links":{"self":[{"href":"https:\/\/alles-ueber-riffe.de\/index.php?rest_route=\/wp\/v2\/pages\/4585","targetHints":{"allow":["GET"]}}],"collection":[{"href":"https:\/\/alles-ueber-riffe.de\/index.php?rest_route=\/wp\/v2\/pages"}],"about":[{"href":"https:\/\/alles-ueber-riffe.de\/index.php?rest_route=\/wp\/v2\/types\/page"}],"author":[{"embeddable":true,"href":"https:\/\/alles-ueber-riffe.de\/index.php?rest_route=\/wp\/v2\/users\/1"}],"replies":[{"embeddable":true,"href":"https:\/\/alles-ueber-riffe.de\/index.php?rest_route=%2Fwp%2Fv2%2Fcomments&post=4585"}],"version-history":[{"count":6,"href":"https:\/\/alles-ueber-riffe.de\/index.php?rest_route=\/wp\/v2\/pages\/4585\/revisions"}],"predecessor-version":[{"id":7250,"href":"https:\/\/alles-ueber-riffe.de\/index.php?rest_route=\/wp\/v2\/pages\/4585\/revisions\/7250"}],"wp:attachment":[{"href":"https:\/\/alles-ueber-riffe.de\/index.php?rest_route=%2Fwp%2Fv2%2Fmedia&parent=4585"}],"curies":[{"name":"wp","href":"https:\/\/api.w.org\/{rel}","templated":true}]}}