{"id":4573,"date":"2025-01-08T05:01:38","date_gmt":"2025-01-08T05:01:38","guid":{"rendered":"https:\/\/alles-ueber-riffe.de\/?page_id=4573"},"modified":"2025-01-17T12:37:06","modified_gmt":"2025-01-17T12:37:06","slug":"tuepfel-falterfisch","status":"publish","type":"page","link":"https:\/\/alles-ueber-riffe.de\/?page_id=4573","title":{"rendered":"T\u00fcpfel-Falterfisch"},"content":{"rendered":"\n<div class=\"wp-block-group is-vertical is-layout-flex wp-container-core-group-is-layout-8cf370e7 wp-block-group-is-layout-flex\">\n<p><strong>T\u00fcpfel-Falterfisch<\/strong><\/p>\n\n\n\n<p>Peppered butterflyfish<\/p>\n\n\n\n<p><em>Chaetodon guttatissimus<\/em><\/p>\n<\/div>\n\n\n\n<div style=\"height:30px\" aria-hidden=\"true\" class=\"wp-block-spacer\"><\/div>\n\n\n\n<figure class=\"wp-block-image size-full\"><img loading=\"lazy\" decoding=\"async\" width=\"1024\" height=\"768\" src=\"https:\/\/alles-ueber-riffe.de\/wp-content\/uploads\/2025\/01\/Tuepfel-Falterfisch_1024x768.jpg\" alt=\"\" class=\"wp-image-7196\" srcset=\"https:\/\/alles-ueber-riffe.de\/wp-content\/uploads\/2025\/01\/Tuepfel-Falterfisch_1024x768.jpg 1024w, https:\/\/alles-ueber-riffe.de\/wp-content\/uploads\/2025\/01\/Tuepfel-Falterfisch_1024x768-300x225.jpg 300w, https:\/\/alles-ueber-riffe.de\/wp-content\/uploads\/2025\/01\/Tuepfel-Falterfisch_1024x768-768x576.jpg 768w\" sizes=\"auto, (max-width: 767px) 89vw, (max-width: 1000px) 54vw, (max-width: 1071px) 543px, 580px\" \/><figcaption class=\"wp-element-caption\">\u00a9 Heinz Krimmer<\/figcaption><\/figure>\n\n\n\n<hr class=\"wp-block-separator has-alpha-channel-opacity is-style-default\"\/>\n\n\n\n<p><strong>Gr\u00f6\u00dfe: <\/strong> bis 12 cm<\/p>\n\n\n\n<p><strong>Lebensraum:<\/strong> Korallenriffe<\/p>\n\n\n\n<p><strong>Vorkommen:  <\/strong>Ostafrika, Malediven, Sri Lanka, S\u00fcdjapan, Ostindonesien, Nordostaustralien<\/p>\n\n\n\n<p><strong>Erkennungsmerkmale: <\/strong> Grundfarbe hellgelb; zahlreiche, schwarze, kleine Punkte und Flecken auf dem K\u00f6rper; schwarzes Querband \u00fcber das Auge; R\u00fcckenflosse mit gelbem Saum<\/p>\n\n\n\n<p><strong>Biologie &amp; Verhalten: <\/strong> Dieser Falterfisch frisst Korallenpolypen und Algen.<\/p>\n\n\n\n<p>Extrem \u00e4hnlich sind diesem Falterfisch zwei weitere Arten:&nbsp;<\/p>\n\n\n\n<p>Der Gepunktete Falterfisch (Chaetodon citrinellus) und der G\u00fcnthers Falterfisch (Chaetodon guentheri). Der Gepunktete Falterfisch kommt im gleichen Gebiet vor, verbreitete sich aber weiter nach Osten bis Hawaii. Ihm fehlt der gelbe Saum an der R\u00fcckenflosse.&nbsp;<\/p>\n\n\n\n<p>G\u00fcnthers Falterfisch kommt in S\u00fcdjapan, den Philippinen, Indonesien und Nordaustralien vor. Auch ihm fehlt der gelbe Saum an der R\u00fcckenflosse. Er unterscheidet sich des weiteren durch seine gelbe Schwanzflosse.<\/p>\n\n\n\n<p><strong>Bedrohungsstatus:<\/strong> Die Art wird auf der Roten Liste der IUCN als <mark style=\"background-color:rgba(0, 0, 0, 0)\" class=\"has-inline-color has-vivid-green-cyan-color\">\u201enicht gef\u00e4hrdet\u201c<\/mark> gef\u00fchrt.<\/p>\n\n\n\n<hr class=\"wp-block-separator has-alpha-channel-opacity is-style-default\"\/>\n","protected":false},"excerpt":{"rendered":"<p>T\u00fcpfel-Falterfisch Peppered butterflyfish Chaetodon guttatissimus Gr\u00f6\u00dfe: bis 12 cm Lebensraum: Korallenriffe Vorkommen: Ostafrika, Malediven, Sri Lanka, S\u00fcdjapan, Ostindonesien, Nordostaustralien Erkennungsmerkmale: Grundfarbe hellgelb; zahlreiche, schwarze, kleine Punkte und Flecken auf dem K\u00f6rper; schwarzes Querband \u00fcber das Auge; R\u00fcckenflosse mit gelbem Saum Biologie &amp; Verhalten: Dieser Falterfisch frisst Korallenpolypen und Algen. Extrem \u00e4hnlich sind diesem Falterfisch zwei &hellip; <\/p>\n<p class=\"link-more\"><a href=\"https:\/\/alles-ueber-riffe.de\/?page_id=4573\" class=\"more-link\"><span class=\"screen-reader-text\">\u201eT\u00fcpfel-Falterfisch\u201c<\/span> weiterlesen<\/a><\/p>\n","protected":false},"author":1,"featured_media":0,"parent":0,"menu_order":0,"comment_status":"closed","ping_status":"closed","template":"","meta":{"footnotes":""},"class_list":["post-4573","page","type-page","status-publish","hentry"],"_links":{"self":[{"href":"https:\/\/alles-ueber-riffe.de\/index.php?rest_route=\/wp\/v2\/pages\/4573","targetHints":{"allow":["GET"]}}],"collection":[{"href":"https:\/\/alles-ueber-riffe.de\/index.php?rest_route=\/wp\/v2\/pages"}],"about":[{"href":"https:\/\/alles-ueber-riffe.de\/index.php?rest_route=\/wp\/v2\/types\/page"}],"author":[{"embeddable":true,"href":"https:\/\/alles-ueber-riffe.de\/index.php?rest_route=\/wp\/v2\/users\/1"}],"replies":[{"embeddable":true,"href":"https:\/\/alles-ueber-riffe.de\/index.php?rest_route=%2Fwp%2Fv2%2Fcomments&post=4573"}],"version-history":[{"count":8,"href":"https:\/\/alles-ueber-riffe.de\/index.php?rest_route=\/wp\/v2\/pages\/4573\/revisions"}],"predecessor-version":[{"id":7202,"href":"https:\/\/alles-ueber-riffe.de\/index.php?rest_route=\/wp\/v2\/pages\/4573\/revisions\/7202"}],"wp:attachment":[{"href":"https:\/\/alles-ueber-riffe.de\/index.php?rest_route=%2Fwp%2Fv2%2Fmedia&parent=4573"}],"curies":[{"name":"wp","href":"https:\/\/api.w.org\/{rel}","templated":true}]}}