{"id":4565,"date":"2025-01-08T05:00:52","date_gmt":"2025-01-08T05:00:52","guid":{"rendered":"https:\/\/alles-ueber-riffe.de\/?page_id=4565"},"modified":"2025-01-17T12:20:09","modified_gmt":"2025-01-17T12:20:09","slug":"schwarzer-pyramiden-falterfisch","status":"publish","type":"page","link":"https:\/\/alles-ueber-riffe.de\/?page_id=4565","title":{"rendered":"Schwarzer Pyramiden-Falterfisch"},"content":{"rendered":"\n<div class=\"wp-block-group is-vertical is-layout-flex wp-container-core-group-is-layout-8cf370e7 wp-block-group-is-layout-flex\">\n<p><strong>Schwarzer Pyramiden-Falterfisch<\/strong><\/p>\n\n\n\n<p>Brown-and-white butterflyfish<\/p>\n\n\n\n<p><em>Hemitaurichthys zoster<\/em><\/p>\n<\/div>\n\n\n\n<div style=\"height:30px\" aria-hidden=\"true\" class=\"wp-block-spacer\"><\/div>\n\n\n\n<figure class=\"wp-block-image size-full\"><img loading=\"lazy\" decoding=\"async\" width=\"1024\" height=\"768\" src=\"https:\/\/alles-ueber-riffe.de\/wp-content\/uploads\/2025\/01\/Schwarzer-Pyramiden-Falterfisch_1024x768.jpg\" alt=\"\" class=\"wp-image-7165\" srcset=\"https:\/\/alles-ueber-riffe.de\/wp-content\/uploads\/2025\/01\/Schwarzer-Pyramiden-Falterfisch_1024x768.jpg 1024w, https:\/\/alles-ueber-riffe.de\/wp-content\/uploads\/2025\/01\/Schwarzer-Pyramiden-Falterfisch_1024x768-300x225.jpg 300w, https:\/\/alles-ueber-riffe.de\/wp-content\/uploads\/2025\/01\/Schwarzer-Pyramiden-Falterfisch_1024x768-768x576.jpg 768w\" sizes=\"auto, (max-width: 767px) 89vw, (max-width: 1000px) 54vw, (max-width: 1071px) 543px, 580px\" \/><figcaption class=\"wp-element-caption\">\u00a9 Heinz Krimmer<\/figcaption><\/figure>\n\n\n\n<hr class=\"wp-block-separator has-alpha-channel-opacity is-style-default\"\/>\n\n\n\n<p><strong>Gr\u00f6\u00dfe: <\/strong> bis 18 cm<\/p>\n\n\n\n<p><strong>Lebensraum:<\/strong> Korallenriffe<\/p>\n\n\n\n<p><strong>Vorkommen:  <\/strong>von Ostafrika, Malediven, ganz S\u00fcdostasien, S\u00fcdjapan, Nordaustralien, Papua-Neuguinea, Ozeanien bis Guam<\/p>\n\n\n\n<p><strong>Erkennungsmerkmale: <\/strong> Grundfarbe dunkelbraun; breites, wei\u00dfes Querband in der K\u00f6rpermitte; R\u00fcckenflosse \u00fcber dem wei\u00dfen Querband gelb<\/p>\n\n\n\n<p><strong>Biologie &amp; Verhalten: <\/strong> Dieser Falterfisch frisst Zooplankton und Algen.<\/p>\n\n\n\n<p><strong>Bedrohungsstatus:<\/strong> Die Art wird auf der Roten Liste der IUCN als <mark style=\"background-color:rgba(0, 0, 0, 0)\" class=\"has-inline-color has-vivid-green-cyan-color\">\u201enicht gef\u00e4hrdet\u201c <\/mark>gef\u00fchrt.<\/p>\n\n\n\n<hr class=\"wp-block-separator has-alpha-channel-opacity is-style-default\"\/>\n","protected":false},"excerpt":{"rendered":"<p>Schwarzer Pyramiden-Falterfisch Brown-and-white butterflyfish Hemitaurichthys zoster Gr\u00f6\u00dfe: bis 18 cm Lebensraum: Korallenriffe Vorkommen: von Ostafrika, Malediven, ganz S\u00fcdostasien, S\u00fcdjapan, Nordaustralien, Papua-Neuguinea, Ozeanien bis Guam Erkennungsmerkmale: Grundfarbe dunkelbraun; breites, wei\u00dfes Querband in der K\u00f6rpermitte; R\u00fcckenflosse \u00fcber dem wei\u00dfen Querband gelb Biologie &amp; Verhalten: Dieser Falterfisch frisst Zooplankton und Algen. Bedrohungsstatus: Die Art wird auf der Roten &hellip; <\/p>\n<p class=\"link-more\"><a href=\"https:\/\/alles-ueber-riffe.de\/?page_id=4565\" class=\"more-link\"><span class=\"screen-reader-text\">\u201eSchwarzer Pyramiden-Falterfisch\u201c<\/span> weiterlesen<\/a><\/p>\n","protected":false},"author":1,"featured_media":0,"parent":0,"menu_order":0,"comment_status":"closed","ping_status":"closed","template":"","meta":{"footnotes":""},"class_list":["post-4565","page","type-page","status-publish","hentry"],"_links":{"self":[{"href":"https:\/\/alles-ueber-riffe.de\/index.php?rest_route=\/wp\/v2\/pages\/4565","targetHints":{"allow":["GET"]}}],"collection":[{"href":"https:\/\/alles-ueber-riffe.de\/index.php?rest_route=\/wp\/v2\/pages"}],"about":[{"href":"https:\/\/alles-ueber-riffe.de\/index.php?rest_route=\/wp\/v2\/types\/page"}],"author":[{"embeddable":true,"href":"https:\/\/alles-ueber-riffe.de\/index.php?rest_route=\/wp\/v2\/users\/1"}],"replies":[{"embeddable":true,"href":"https:\/\/alles-ueber-riffe.de\/index.php?rest_route=%2Fwp%2Fv2%2Fcomments&post=4565"}],"version-history":[{"count":6,"href":"https:\/\/alles-ueber-riffe.de\/index.php?rest_route=\/wp\/v2\/pages\/4565\/revisions"}],"predecessor-version":[{"id":7169,"href":"https:\/\/alles-ueber-riffe.de\/index.php?rest_route=\/wp\/v2\/pages\/4565\/revisions\/7169"}],"wp:attachment":[{"href":"https:\/\/alles-ueber-riffe.de\/index.php?rest_route=%2Fwp%2Fv2%2Fmedia&parent=4565"}],"curies":[{"name":"wp","href":"https:\/\/api.w.org\/{rel}","templated":true}]}}