{"id":4559,"date":"2025-01-08T05:00:13","date_gmt":"2025-01-08T05:00:13","guid":{"rendered":"https:\/\/alles-ueber-riffe.de\/?page_id=4559"},"modified":"2025-01-17T11:47:43","modified_gmt":"2025-01-17T11:47:43","slug":"sattelfleck-falterfisch","status":"publish","type":"page","link":"https:\/\/alles-ueber-riffe.de\/?page_id=4559","title":{"rendered":"Sattelfleck-Falterfisch"},"content":{"rendered":"\n<div class=\"wp-block-group is-vertical is-layout-flex wp-container-core-group-is-layout-8cf370e7 wp-block-group-is-layout-flex\">\n<p><strong>Sattelfleck-Falterfisch<\/strong><\/p>\n\n\n\n<p>Chaetodon ephippium<\/p>\n\n\n\n<p><em>Saddle butterflyfish<\/em><\/p>\n<\/div>\n\n\n\n<div style=\"height:30px\" aria-hidden=\"true\" class=\"wp-block-spacer\"><\/div>\n\n\n\n<figure class=\"wp-block-image size-full\"><img loading=\"lazy\" decoding=\"async\" width=\"1024\" height=\"768\" src=\"https:\/\/alles-ueber-riffe.de\/wp-content\/uploads\/2025\/01\/Sattelfleck-Falterfisch_1024x768.jpg\" alt=\"\" class=\"wp-image-7156\" srcset=\"https:\/\/alles-ueber-riffe.de\/wp-content\/uploads\/2025\/01\/Sattelfleck-Falterfisch_1024x768.jpg 1024w, https:\/\/alles-ueber-riffe.de\/wp-content\/uploads\/2025\/01\/Sattelfleck-Falterfisch_1024x768-300x225.jpg 300w, https:\/\/alles-ueber-riffe.de\/wp-content\/uploads\/2025\/01\/Sattelfleck-Falterfisch_1024x768-768x576.jpg 768w\" sizes=\"auto, (max-width: 767px) 89vw, (max-width: 1000px) 54vw, (max-width: 1071px) 543px, 580px\" \/><figcaption class=\"wp-element-caption\">\u00a9 Heinz Krimmer<\/figcaption><\/figure>\n\n\n\n<hr class=\"wp-block-separator has-alpha-channel-opacity is-style-default\"\/>\n\n\n\n<p><strong>Gr\u00f6\u00dfe: <\/strong> bis 30 cm<\/p>\n\n\n\n<p><strong>Lebensraum:<\/strong> Korallenriffe<\/p>\n\n\n\n<p><strong>Vorkommen:  <\/strong>Ostaustralien, Papua-Neuguinea, Ozeanien bis Melanesien<\/p>\n\n\n\n<p><strong>Erkennungsmerkmale: <\/strong> Grundfarbe hellgrau; schwarzer, gro\u00dfer, wei\u00df umrandeter Fleck am oberen Hinterk\u00f6rper, der die R\u00fcckenflosse mit einschlie\u00dft; gelbes Maul und Brust; mehr oder weniger ausgepr\u00e4gte, dunkle Querstreifen am Bauch<\/p>\n\n\n\n<p><strong>Biologie &amp; Verhalten: <\/strong> Dieser Falterfisch frisst Korallenpolypen, kleine Wirbellose, Algen und Fischeier. Es ist bekannt, dass er sich mit dem Gelbkopf-Falterfisch (Chaetodon xanthocephalus) paart. Von den daraus entstehenden Hybriden ist nichts bekannt.<\/p>\n\n\n\n<p><strong>Bedrohungsstatus:<\/strong> Die Art wird auf der Roten Liste der IUCN als \u201enicht gef\u00e4hrdet\u201c gef\u00fchrt.<\/p>\n\n\n\n<hr class=\"wp-block-separator has-alpha-channel-opacity is-style-default\"\/>\n","protected":false},"excerpt":{"rendered":"<p>Sattelfleck-Falterfisch Chaetodon ephippium Saddle butterflyfish Gr\u00f6\u00dfe: bis 30 cm Lebensraum: Korallenriffe Vorkommen: Ostaustralien, Papua-Neuguinea, Ozeanien bis Melanesien Erkennungsmerkmale: Grundfarbe hellgrau; schwarzer, gro\u00dfer, wei\u00df umrandeter Fleck am oberen Hinterk\u00f6rper, der die R\u00fcckenflosse mit einschlie\u00dft; gelbes Maul und Brust; mehr oder weniger ausgepr\u00e4gte, dunkle Querstreifen am Bauch Biologie &amp; Verhalten: Dieser Falterfisch frisst Korallenpolypen, kleine Wirbellose, Algen &hellip; <\/p>\n<p class=\"link-more\"><a href=\"https:\/\/alles-ueber-riffe.de\/?page_id=4559\" class=\"more-link\"><span class=\"screen-reader-text\">\u201eSattelfleck-Falterfisch\u201c<\/span> weiterlesen<\/a><\/p>\n","protected":false},"author":1,"featured_media":0,"parent":0,"menu_order":0,"comment_status":"closed","ping_status":"closed","template":"","meta":{"footnotes":""},"class_list":["post-4559","page","type-page","status-publish","hentry"],"_links":{"self":[{"href":"https:\/\/alles-ueber-riffe.de\/index.php?rest_route=\/wp\/v2\/pages\/4559","targetHints":{"allow":["GET"]}}],"collection":[{"href":"https:\/\/alles-ueber-riffe.de\/index.php?rest_route=\/wp\/v2\/pages"}],"about":[{"href":"https:\/\/alles-ueber-riffe.de\/index.php?rest_route=\/wp\/v2\/types\/page"}],"author":[{"embeddable":true,"href":"https:\/\/alles-ueber-riffe.de\/index.php?rest_route=\/wp\/v2\/users\/1"}],"replies":[{"embeddable":true,"href":"https:\/\/alles-ueber-riffe.de\/index.php?rest_route=%2Fwp%2Fv2%2Fcomments&post=4559"}],"version-history":[{"count":8,"href":"https:\/\/alles-ueber-riffe.de\/index.php?rest_route=\/wp\/v2\/pages\/4559\/revisions"}],"predecessor-version":[{"id":7162,"href":"https:\/\/alles-ueber-riffe.de\/index.php?rest_route=\/wp\/v2\/pages\/4559\/revisions\/7162"}],"wp:attachment":[{"href":"https:\/\/alles-ueber-riffe.de\/index.php?rest_route=%2Fwp%2Fv2%2Fmedia&parent=4559"}],"curies":[{"name":"wp","href":"https:\/\/api.w.org\/{rel}","templated":true}]}}