{"id":4555,"date":"2025-01-08T04:59:51","date_gmt":"2025-01-08T04:59:51","guid":{"rendered":"https:\/\/alles-ueber-riffe.de\/?page_id=4555"},"modified":"2025-01-17T11:44:28","modified_gmt":"2025-01-17T11:44:28","slug":"rotmeer-rippenstreifen-falterfisch","status":"publish","type":"page","link":"https:\/\/alles-ueber-riffe.de\/?page_id=4555","title":{"rendered":"Rotmeer-Rippenstreifen-Falterfisch"},"content":{"rendered":"\n<div class=\"wp-block-group is-vertical is-layout-flex wp-container-core-group-is-layout-8cf370e7 wp-block-group-is-layout-flex\">\n<p><strong>Rotmeer-Rippenstreifen-Falterfisch<\/strong><\/p>\n\n\n\n<p>Chaetodon austriacus<\/p>\n\n\n\n<p><em>Blacktail butterflyfish<\/em><\/p>\n<\/div>\n\n\n\n<div style=\"height:30px\" aria-hidden=\"true\" class=\"wp-block-spacer\"><\/div>\n\n\n\n<figure class=\"wp-block-video\"><video height=\"576\" style=\"aspect-ratio: 1024 \/ 576;\" width=\"1024\" controls src=\"https:\/\/alles-ueber-riffe.de\/wp-content\/uploads\/2025\/01\/Rotmeer-Rippenstreifen-Falterfisch-Kopie.mp4\"><\/video><figcaption class=\"wp-element-caption\">\u00a9 Heinz Krimmer<\/figcaption><\/figure>\n\n\n\n<hr class=\"wp-block-separator has-alpha-channel-opacity is-style-default\"\/>\n\n\n\n<p><strong>Gr\u00f6\u00dfe: <\/strong> bis 13 cm<\/p>\n\n\n\n<p><strong>Lebensraum:<\/strong> Korallenriffe, Ger\u00f6llfl\u00e4chen<\/p>\n\n\n\n<p><strong>Vorkommen:  <\/strong>Rotes Meer und Golf von Aden<\/p>\n\n\n\n<p><strong>Erkennungsmerkmale: <\/strong> Grundfarbe gelb; dunkle L\u00e4ngsstreifen; Schwanz- und Afterflosse schwarz<\/p>\n\n\n\n<p><strong>Biologie &amp; Verhalten: <\/strong> Dieser Falterfisch ist meistens paarweise unterwegs und besetzt ein Revier, das gegen andere Falterfische verteidigt wird.<\/p>\n\n\n\n<p><strong>Bedrohungsstatus:<\/strong> Die Art wird auf der Roten Liste der IUCN als <mark style=\"background-color:rgba(0, 0, 0, 0)\" class=\"has-inline-color has-vivid-green-cyan-color\">\u201enicht gef\u00e4hrdet\u201c<\/mark> gef\u00fchrt.<\/p>\n\n\n\n<hr class=\"wp-block-separator has-alpha-channel-opacity is-style-default\"\/>\n","protected":false},"excerpt":{"rendered":"<p>Rotmeer-Rippenstreifen-Falterfisch Chaetodon austriacus Blacktail butterflyfish Gr\u00f6\u00dfe: bis 13 cm Lebensraum: Korallenriffe, Ger\u00f6llfl\u00e4chen Vorkommen: Rotes Meer und Golf von Aden Erkennungsmerkmale: Grundfarbe gelb; dunkle L\u00e4ngsstreifen; Schwanz- und Afterflosse schwarz Biologie &amp; Verhalten: Dieser Falterfisch ist meistens paarweise unterwegs und besetzt ein Revier, das gegen andere Falterfische verteidigt wird. Bedrohungsstatus: Die Art wird auf der Roten Liste &hellip; <\/p>\n<p class=\"link-more\"><a href=\"https:\/\/alles-ueber-riffe.de\/?page_id=4555\" class=\"more-link\"><span class=\"screen-reader-text\">\u201eRotmeer-Rippenstreifen-Falterfisch\u201c<\/span> weiterlesen<\/a><\/p>\n","protected":false},"author":1,"featured_media":0,"parent":0,"menu_order":0,"comment_status":"closed","ping_status":"closed","template":"","meta":{"footnotes":""},"class_list":["post-4555","page","type-page","status-publish","hentry"],"_links":{"self":[{"href":"https:\/\/alles-ueber-riffe.de\/index.php?rest_route=\/wp\/v2\/pages\/4555","targetHints":{"allow":["GET"]}}],"collection":[{"href":"https:\/\/alles-ueber-riffe.de\/index.php?rest_route=\/wp\/v2\/pages"}],"about":[{"href":"https:\/\/alles-ueber-riffe.de\/index.php?rest_route=\/wp\/v2\/types\/page"}],"author":[{"embeddable":true,"href":"https:\/\/alles-ueber-riffe.de\/index.php?rest_route=\/wp\/v2\/users\/1"}],"replies":[{"embeddable":true,"href":"https:\/\/alles-ueber-riffe.de\/index.php?rest_route=%2Fwp%2Fv2%2Fcomments&post=4555"}],"version-history":[{"count":6,"href":"https:\/\/alles-ueber-riffe.de\/index.php?rest_route=\/wp\/v2\/pages\/4555\/revisions"}],"predecessor-version":[{"id":7152,"href":"https:\/\/alles-ueber-riffe.de\/index.php?rest_route=\/wp\/v2\/pages\/4555\/revisions\/7152"}],"wp:attachment":[{"href":"https:\/\/alles-ueber-riffe.de\/index.php?rest_route=%2Fwp%2Fv2%2Fmedia&parent=4555"}],"curies":[{"name":"wp","href":"https:\/\/api.w.org\/{rel}","templated":true}]}}