{"id":4549,"date":"2025-01-08T04:59:17","date_gmt":"2025-01-08T04:59:17","guid":{"rendered":"https:\/\/alles-ueber-riffe.de\/?page_id=4549"},"modified":"2025-01-17T10:24:44","modified_gmt":"2025-01-17T10:24:44","slug":"roehrenmaul-pinzettfisch","status":"publish","type":"page","link":"https:\/\/alles-ueber-riffe.de\/?page_id=4549","title":{"rendered":"R\u00f6hrenmaul-Pinzettfisch"},"content":{"rendered":"\n<div class=\"wp-block-group is-vertical is-layout-flex wp-container-core-group-is-layout-8cf370e7 wp-block-group-is-layout-flex\">\n<p><strong>R\u00f6hrenmaul-Pinzettfisch<\/strong><\/p>\n\n\n\n<p>Longnose butterflyfish<\/p>\n\n\n\n<p><em>Forciper flavissimus<\/em><\/p>\n<\/div>\n\n\n\n<div style=\"height:30px\" aria-hidden=\"true\" class=\"wp-block-spacer\"><\/div>\n\n\n\n<figure class=\"wp-block-image size-full\"><img loading=\"lazy\" decoding=\"async\" width=\"1024\" height=\"768\" src=\"https:\/\/alles-ueber-riffe.de\/wp-content\/uploads\/2025\/01\/Roehrenmaul-Pinzettfisch_1024x768.jpg\" alt=\"\" class=\"wp-image-7074\" srcset=\"https:\/\/alles-ueber-riffe.de\/wp-content\/uploads\/2025\/01\/Roehrenmaul-Pinzettfisch_1024x768.jpg 1024w, https:\/\/alles-ueber-riffe.de\/wp-content\/uploads\/2025\/01\/Roehrenmaul-Pinzettfisch_1024x768-300x225.jpg 300w, https:\/\/alles-ueber-riffe.de\/wp-content\/uploads\/2025\/01\/Roehrenmaul-Pinzettfisch_1024x768-768x576.jpg 768w\" sizes=\"auto, (max-width: 767px) 89vw, (max-width: 1000px) 54vw, (max-width: 1071px) 543px, 580px\" \/><figcaption class=\"wp-element-caption\">\u00a9 Heinz Krimmer<\/figcaption><\/figure>\n\n\n\n<hr class=\"wp-block-separator has-alpha-channel-opacity is-style-default\"\/>\n\n\n\n<p><strong>Gr\u00f6\u00dfe: <\/strong> bis 11 cm<\/p>\n\n\n\n<p><strong>Lebensraum:<\/strong> Korallenriffe<\/p>\n\n\n\n<p><strong>Vorkommen:  <\/strong>Ostafrika, Rotes Meer, Malediven, S\u00fcdjapan, Philippinen, Ostindonesien, Nordaustralien, Papua-Neuguinea, Ozeanien bis zur Pazifikk\u00fcste Mittelamerikas<\/p>\n\n\n\n<p><strong>Erkennungsmerkmale: <\/strong>Grundfarbe gelb; Kopf oben schwarz und unten wei\u00df; schwarzer Punkt an der Afterflosse<\/p>\n\n\n\n<p><strong>Biologie &amp; Verhalten: <\/strong> Pinzettfische bilden innerhalb der Familie der Falterfische eine kleine Gruppe von sieben Arten. Charakteristisch ist ihr R\u00f6hrenmaul, mit dem sie Wirbellose auch aus den kleinsten Spalten herauspicken k\u00f6nnen.<\/p>\n\n\n\n<p>Von ihm kaum zu unterscheiden ist der Langmaul-Pinzettfisch (Forciper longirostris). Seine Schnauze ist etwas l\u00e4nger. Das Verbreitungsgebiet deckt sich &#8211; bis auf das Rote Meer und die K\u00fcste Mittelamerikas &#8211; leider weitgehend, so dass man bei der Sichtung in den anderen Gebieten wohl nie ganz sicher sein kann, welche Art man nun gesehen hat.<\/p>\n\n\n\n<p>Zur allgemeinen Verwirrung ist der englische Name bei beiden Arten gleich.<\/p>\n\n\n\n<p>Ebenfalls \u00e4hnlich ist der&nbsp;Cenderawasih-Pinzettfisch (Forciper wanai) aus Indonesien und Papua-Neuguinea. Dieser hat nach dem schwarz-wei\u00dfen Kopf ein hellgelbes Querband, das ihn ganz gut unterscheidet.<\/p>\n\n\n\n<p><strong>Bedrohungsstatus:<\/strong> Die Art wird auf der Roten Liste der IUCN als <mark style=\"background-color:rgba(0, 0, 0, 0)\" class=\"has-inline-color has-vivid-green-cyan-color\">\u201enicht gef\u00e4hrdet\u201c<\/mark> gef\u00fchrt.<\/p>\n\n\n\n<hr class=\"wp-block-separator has-alpha-channel-opacity is-style-default\"\/>\n","protected":false},"excerpt":{"rendered":"<p>R\u00f6hrenmaul-Pinzettfisch Longnose butterflyfish Forciper flavissimus Gr\u00f6\u00dfe: bis 11 cm Lebensraum: Korallenriffe Vorkommen: Ostafrika, Rotes Meer, Malediven, S\u00fcdjapan, Philippinen, Ostindonesien, Nordaustralien, Papua-Neuguinea, Ozeanien bis zur Pazifikk\u00fcste Mittelamerikas Erkennungsmerkmale: Grundfarbe gelb; Kopf oben schwarz und unten wei\u00df; schwarzer Punkt an der Afterflosse Biologie &amp; Verhalten: Pinzettfische bilden innerhalb der Familie der Falterfische eine kleine Gruppe von sieben &hellip; <\/p>\n<p class=\"link-more\"><a href=\"https:\/\/alles-ueber-riffe.de\/?page_id=4549\" class=\"more-link\"><span class=\"screen-reader-text\">\u201eR\u00f6hrenmaul-Pinzettfisch\u201c<\/span> weiterlesen<\/a><\/p>\n","protected":false},"author":1,"featured_media":0,"parent":0,"menu_order":0,"comment_status":"closed","ping_status":"closed","template":"","meta":{"footnotes":""},"class_list":["post-4549","page","type-page","status-publish","hentry"],"_links":{"self":[{"href":"https:\/\/alles-ueber-riffe.de\/index.php?rest_route=\/wp\/v2\/pages\/4549","targetHints":{"allow":["GET"]}}],"collection":[{"href":"https:\/\/alles-ueber-riffe.de\/index.php?rest_route=\/wp\/v2\/pages"}],"about":[{"href":"https:\/\/alles-ueber-riffe.de\/index.php?rest_route=\/wp\/v2\/types\/page"}],"author":[{"embeddable":true,"href":"https:\/\/alles-ueber-riffe.de\/index.php?rest_route=\/wp\/v2\/users\/1"}],"replies":[{"embeddable":true,"href":"https:\/\/alles-ueber-riffe.de\/index.php?rest_route=%2Fwp%2Fv2%2Fcomments&post=4549"}],"version-history":[{"count":6,"href":"https:\/\/alles-ueber-riffe.de\/index.php?rest_route=\/wp\/v2\/pages\/4549\/revisions"}],"predecessor-version":[{"id":7078,"href":"https:\/\/alles-ueber-riffe.de\/index.php?rest_route=\/wp\/v2\/pages\/4549\/revisions\/7078"}],"wp:attachment":[{"href":"https:\/\/alles-ueber-riffe.de\/index.php?rest_route=%2Fwp%2Fv2%2Fmedia&parent=4549"}],"curies":[{"name":"wp","href":"https:\/\/api.w.org\/{rel}","templated":true}]}}