{"id":4547,"date":"2025-01-08T04:59:06","date_gmt":"2025-01-08T04:59:06","guid":{"rendered":"https:\/\/alles-ueber-riffe.de\/?page_id=4547"},"modified":"2025-01-17T09:33:49","modified_gmt":"2025-01-17T09:33:49","slug":"phantom-wimpelfisch","status":"publish","type":"page","link":"https:\/\/alles-ueber-riffe.de\/?page_id=4547","title":{"rendered":"Phantom-Wimpelfisch"},"content":{"rendered":"\n<p><strong>Phantom-Wimpelfisch<\/strong><\/p>\n\n\n\n<p>Phantom bannerfish<\/p>\n\n\n\n<p><em>Heniochus pleurotaenia<\/em><\/p>\n\n\n\n<figure class=\"wp-block-video\"><video height=\"576\" style=\"aspect-ratio: 1024 \/ 576;\" width=\"1024\" controls src=\"https:\/\/alles-ueber-riffe.de\/wp-content\/uploads\/2025\/01\/Phantom-Wimpelfisch.mp4\"><\/video><figcaption class=\"wp-element-caption\">\u00a9 Heinz Krimmer<\/figcaption><\/figure>\n\n\n\n<hr class=\"wp-block-separator has-alpha-channel-opacity is-style-default\"\/>\n\n\n\n<p><strong>Gr\u00f6\u00dfe: <\/strong> bis 17 cm<\/p>\n\n\n\n<p><strong>Lebensraum:<\/strong> Korallenriffe<\/p>\n\n\n\n<p><strong>Vorkommen:  <\/strong>Malediven, Sri Lanka, Andamanensee, Ostindonesien<\/p>\n\n\n\n<p><strong>Erkennungsmerkmale: <\/strong> Grundfarbe braun; zwei schwarze, gro\u00dfe Flecken vom Bauch zur K\u00f6rpermitte; drei wei\u00dfe, Querb\u00e4nder; kleine H\u00f6rnchen \u00fcber dem Auge und ein Stirnh\u00f6cker<\/p>\n\n\n\n<p>Auf den Malediven oft in gro\u00dfen Schulen im Riff unterwegs, in anderen Gebieten eher paarweise.<\/p>\n\n\n\n<p><strong>Bedrohungsstatus:<\/strong> Die Art wird auf der Roten Liste der IUCN als <mark style=\"background-color:rgba(0, 0, 0, 0)\" class=\"has-inline-color has-vivid-green-cyan-color\">\u201enicht gef\u00e4hrdet\u201c <\/mark>gef\u00fchrt.<\/p>\n\n\n\n<hr class=\"wp-block-separator has-alpha-channel-opacity is-style-default\"\/>\n","protected":false},"excerpt":{"rendered":"<p>Phantom-Wimpelfisch Phantom bannerfish Heniochus pleurotaenia Gr\u00f6\u00dfe: bis 17 cm Lebensraum: Korallenriffe Vorkommen: Malediven, Sri Lanka, Andamanensee, Ostindonesien Erkennungsmerkmale: Grundfarbe braun; zwei schwarze, gro\u00dfe Flecken vom Bauch zur K\u00f6rpermitte; drei wei\u00dfe, Querb\u00e4nder; kleine H\u00f6rnchen \u00fcber dem Auge und ein Stirnh\u00f6cker Auf den Malediven oft in gro\u00dfen Schulen im Riff unterwegs, in anderen Gebieten eher paarweise. Bedrohungsstatus: &hellip; <\/p>\n<p class=\"link-more\"><a href=\"https:\/\/alles-ueber-riffe.de\/?page_id=4547\" class=\"more-link\"><span class=\"screen-reader-text\">\u201ePhantom-Wimpelfisch\u201c<\/span> weiterlesen<\/a><\/p>\n","protected":false},"author":1,"featured_media":0,"parent":0,"menu_order":0,"comment_status":"closed","ping_status":"closed","template":"","meta":{"footnotes":""},"class_list":["post-4547","page","type-page","status-publish","hentry"],"_links":{"self":[{"href":"https:\/\/alles-ueber-riffe.de\/index.php?rest_route=\/wp\/v2\/pages\/4547","targetHints":{"allow":["GET"]}}],"collection":[{"href":"https:\/\/alles-ueber-riffe.de\/index.php?rest_route=\/wp\/v2\/pages"}],"about":[{"href":"https:\/\/alles-ueber-riffe.de\/index.php?rest_route=\/wp\/v2\/types\/page"}],"author":[{"embeddable":true,"href":"https:\/\/alles-ueber-riffe.de\/index.php?rest_route=\/wp\/v2\/users\/1"}],"replies":[{"embeddable":true,"href":"https:\/\/alles-ueber-riffe.de\/index.php?rest_route=%2Fwp%2Fv2%2Fcomments&post=4547"}],"version-history":[{"count":5,"href":"https:\/\/alles-ueber-riffe.de\/index.php?rest_route=\/wp\/v2\/pages\/4547\/revisions"}],"predecessor-version":[{"id":7032,"href":"https:\/\/alles-ueber-riffe.de\/index.php?rest_route=\/wp\/v2\/pages\/4547\/revisions\/7032"}],"wp:attachment":[{"href":"https:\/\/alles-ueber-riffe.de\/index.php?rest_route=%2Fwp%2Fv2%2Fmedia&parent=4547"}],"curies":[{"name":"wp","href":"https:\/\/api.w.org\/{rel}","templated":true}]}}