{"id":4545,"date":"2025-01-08T04:58:55","date_gmt":"2025-01-08T04:58:55","guid":{"rendered":"https:\/\/alles-ueber-riffe.de\/?page_id=4545"},"modified":"2025-01-17T10:50:51","modified_gmt":"2025-01-17T10:50:51","slug":"mondsichel-falterfisch","status":"publish","type":"page","link":"https:\/\/alles-ueber-riffe.de\/?page_id=4545","title":{"rendered":"Mondsichel-Falterfisch"},"content":{"rendered":"\n<div class=\"wp-block-group is-vertical is-layout-flex wp-container-core-group-is-layout-8cf370e7 wp-block-group-is-layout-flex\">\n<p><strong>Mondsichel-Falterfisch<\/strong><\/p>\n\n\n\n<p>Raccoon butterflyfish<\/p>\n\n\n\n<p><em>Chaetodon lunula<\/em><\/p>\n<\/div>\n\n\n\n<div style=\"height:30px\" aria-hidden=\"true\" class=\"wp-block-spacer\"><\/div>\n\n\n\n<figure class=\"wp-block-video\"><video height=\"576\" style=\"aspect-ratio: 1024 \/ 576;\" width=\"1024\" controls src=\"https:\/\/alles-ueber-riffe.de\/wp-content\/uploads\/2025\/01\/Mondsichel-Falterfisch.mp4\"><\/video><figcaption class=\"wp-element-caption\">\u00a9 Heinz Krimmer<\/figcaption><\/figure>\n\n\n\n<hr class=\"wp-block-separator has-alpha-channel-opacity is-style-default\"\/>\n\n\n\n<p><strong>Gr\u00f6\u00dfe: <\/strong> bis 20 cm<\/p>\n\n\n\n<p><strong>Lebensraum:<\/strong> Korallenriffe<\/p>\n\n\n\n<p><strong>Vorkommen:  <\/strong>von Ostafrika, Malediven, ganz S\u00fcdostasien, S\u00fcdjapan, Nordaustralien, Papua-Neuguinea, Ozeanien bis Hawaii<\/p>\n\n\n\n<p><strong>Erkennungsmerkmale: <\/strong> Grundfarbe gelb mit braunem R\u00fccken; schwarze Maske \u00fcber dem Auge; wei\u00dfer Stirnfleck; dunkle, diagonal von unten nach oben verlaufende L\u00e4ngsstreifen; schwarzer Fleck an der Schwanzwurzel<\/p>\n\n\n\n<p><strong>Biologie &amp; Verhalten:<\/strong> Dieser Falterfisch frisst Nacktschnecken, W\u00fcrmer, Algen und Korallenpolypen.<\/p>\n\n\n\n<p>Extrem \u00e4hnlich sind zwei weitere Arten: Der Tabak-Falterfisch (Chaetodon fasciatus), der aber nur im Roten Meer und dem Golf von Aden vorkommt. Auch fehlt dem Tabak-Falterfisch der schwarze Fleck an der Schwanzwurzel.<\/p>\n\n\n\n<p>Ebenfalls sehr \u00e4hnlich ist der Wiebels Falterfisch (Chaetodon wiebeli), der auch im gleichen Verbreitungsgebiet vorkommt. Man muss genau auf die Zeichnung achten, um sie zu unterscheiden. So hat der Wiebels Falterfisch keinen keilf\u00f6rmigen, gro\u00dfen, schwarzen Fleck am vorderen R\u00fccken.<\/p>\n\n\n\n<p><strong>Bedrohungsstatus:<\/strong> Die Art wird auf der Roten Liste der IUCN als <mark style=\"background-color:rgba(0, 0, 0, 0)\" class=\"has-inline-color has-vivid-green-cyan-color\">\u201enicht gef\u00e4hrdet\u201c<\/mark> gef\u00fchrt.<\/p>\n\n\n\n<hr class=\"wp-block-separator has-alpha-channel-opacity is-style-default\"\/>\n","protected":false},"excerpt":{"rendered":"<p>Mondsichel-Falterfisch Raccoon butterflyfish Chaetodon lunula Gr\u00f6\u00dfe: bis 20 cm Lebensraum: Korallenriffe Vorkommen: von Ostafrika, Malediven, ganz S\u00fcdostasien, S\u00fcdjapan, Nordaustralien, Papua-Neuguinea, Ozeanien bis Hawaii Erkennungsmerkmale: Grundfarbe gelb mit braunem R\u00fccken; schwarze Maske \u00fcber dem Auge; wei\u00dfer Stirnfleck; dunkle, diagonal von unten nach oben verlaufende L\u00e4ngsstreifen; schwarzer Fleck an der Schwanzwurzel Biologie &amp; Verhalten: Dieser Falterfisch frisst &hellip; <\/p>\n<p class=\"link-more\"><a href=\"https:\/\/alles-ueber-riffe.de\/?page_id=4545\" class=\"more-link\"><span class=\"screen-reader-text\">\u201eMondsichel-Falterfisch\u201c<\/span> weiterlesen<\/a><\/p>\n","protected":false},"author":1,"featured_media":0,"parent":0,"menu_order":0,"comment_status":"closed","ping_status":"closed","template":"","meta":{"footnotes":""},"class_list":["post-4545","page","type-page","status-publish","hentry"],"_links":{"self":[{"href":"https:\/\/alles-ueber-riffe.de\/index.php?rest_route=\/wp\/v2\/pages\/4545","targetHints":{"allow":["GET"]}}],"collection":[{"href":"https:\/\/alles-ueber-riffe.de\/index.php?rest_route=\/wp\/v2\/pages"}],"about":[{"href":"https:\/\/alles-ueber-riffe.de\/index.php?rest_route=\/wp\/v2\/types\/page"}],"author":[{"embeddable":true,"href":"https:\/\/alles-ueber-riffe.de\/index.php?rest_route=\/wp\/v2\/users\/1"}],"replies":[{"embeddable":true,"href":"https:\/\/alles-ueber-riffe.de\/index.php?rest_route=%2Fwp%2Fv2%2Fcomments&post=4545"}],"version-history":[{"count":6,"href":"https:\/\/alles-ueber-riffe.de\/index.php?rest_route=\/wp\/v2\/pages\/4545\/revisions"}],"predecessor-version":[{"id":7130,"href":"https:\/\/alles-ueber-riffe.de\/index.php?rest_route=\/wp\/v2\/pages\/4545\/revisions\/7130"}],"wp:attachment":[{"href":"https:\/\/alles-ueber-riffe.de\/index.php?rest_route=%2Fwp%2Fv2%2Fmedia&parent=4545"}],"curies":[{"name":"wp","href":"https:\/\/api.w.org\/{rel}","templated":true}]}}