{"id":4541,"date":"2025-01-08T04:58:35","date_gmt":"2025-01-08T04:58:35","guid":{"rendered":"https:\/\/alles-ueber-riffe.de\/?page_id=4541"},"modified":"2025-01-17T10:12:16","modified_gmt":"2025-01-17T10:12:16","slug":"kupferstreifen-pinzettfisch","status":"publish","type":"page","link":"https:\/\/alles-ueber-riffe.de\/?page_id=4541","title":{"rendered":"Kupferstreifen-Pinzettfisch"},"content":{"rendered":"\n<div class=\"wp-block-group is-vertical is-layout-flex wp-container-core-group-is-layout-8cf370e7 wp-block-group-is-layout-flex\">\n<p><strong>Kupferstreifen-Pinzettfisch<\/strong><\/p>\n\n\n\n<p>Copperband butterflyfish<\/p>\n\n\n\n<p><em>Chelmon rostratus<\/em><\/p>\n<\/div>\n\n\n\n<div style=\"height:30px\" aria-hidden=\"true\" class=\"wp-block-spacer\"><\/div>\n\n\n\n<figure class=\"wp-block-image size-full\"><img loading=\"lazy\" decoding=\"async\" width=\"1024\" height=\"768\" src=\"https:\/\/alles-ueber-riffe.de\/wp-content\/uploads\/2025\/01\/Kupferstreifen-Pinzettfisch_1024x768.jpg\" alt=\"\" class=\"wp-image-7054\" srcset=\"https:\/\/alles-ueber-riffe.de\/wp-content\/uploads\/2025\/01\/Kupferstreifen-Pinzettfisch_1024x768.jpg 1024w, https:\/\/alles-ueber-riffe.de\/wp-content\/uploads\/2025\/01\/Kupferstreifen-Pinzettfisch_1024x768-300x225.jpg 300w, https:\/\/alles-ueber-riffe.de\/wp-content\/uploads\/2025\/01\/Kupferstreifen-Pinzettfisch_1024x768-768x576.jpg 768w\" sizes=\"auto, (max-width: 767px) 89vw, (max-width: 1000px) 54vw, (max-width: 1071px) 543px, 580px\" \/><figcaption class=\"wp-element-caption\">\u00a9 Heinz Krimmer<\/figcaption><\/figure>\n\n\n\n<hr class=\"wp-block-separator has-alpha-channel-opacity is-style-default\"\/>\n\n\n\n<p><strong>Gr\u00f6\u00dfe: <\/strong> bis 20 cm<\/p>\n\n\n\n<p><strong>Lebensraum:<\/strong> Korallenriffe, Algenriffe, Felsenriffe<\/p>\n\n\n\n<p><strong>Vorkommen:  <\/strong>ganz S\u00fcdostasien, S\u00fcdjapan, Nordaustralien, Papua-Neuguinea<\/p>\n\n\n\n<p><strong>Erkennungsmerkmale: <\/strong> Grundfarbe wei\u00df; orangene Querb\u00e4nder; schwarzer, runder Fleck hinten an der R\u00fcckenflosse<\/p>\n\n\n\n<p><strong>Biologie &amp; Verhalten: <\/strong> Pinzettfische bilden innerhalb der Familie der Falterfische eine kleine Gruppe von sieben Arten. Charakteristisch ist ihr R\u00f6hrenmaul, mit dem sie Wirbellose auch aus den kleinsten Spalten herauspicken k\u00f6nnen.<\/p>\n\n\n\n<p>Dem Kupferstreifen-Pinzettfisch \u00e4hnlich ist der Saum-Pinzettfisch (Chelmon marginalis). Dieser kommt in Nordaustralien und Papua-Neuguinea vor. Ihm fehlen aber in der K\u00f6rpermitte die orangenen Querstreifen.<\/p>\n\n\n\n<p><strong>Bedrohungsstatus:<\/strong> Die Art wird auf der Roten Liste der IUCN als <mark style=\"background-color:rgba(0, 0, 0, 0)\" class=\"has-inline-color has-vivid-green-cyan-color\">\u201enicht gef\u00e4hrdet\u201c<\/mark> gef\u00fchrt.<\/p>\n\n\n\n<hr class=\"wp-block-separator has-alpha-channel-opacity is-style-default\"\/>\n","protected":false},"excerpt":{"rendered":"<p>Kupferstreifen-Pinzettfisch Copperband butterflyfish Chelmon rostratus Gr\u00f6\u00dfe: bis 20 cm Lebensraum: Korallenriffe, Algenriffe, Felsenriffe Vorkommen: ganz S\u00fcdostasien, S\u00fcdjapan, Nordaustralien, Papua-Neuguinea Erkennungsmerkmale: Grundfarbe wei\u00df; orangene Querb\u00e4nder; schwarzer, runder Fleck hinten an der R\u00fcckenflosse Biologie &amp; Verhalten: Pinzettfische bilden innerhalb der Familie der Falterfische eine kleine Gruppe von sieben Arten. Charakteristisch ist ihr R\u00f6hrenmaul, mit dem sie Wirbellose &hellip; <\/p>\n<p class=\"link-more\"><a href=\"https:\/\/alles-ueber-riffe.de\/?page_id=4541\" class=\"more-link\"><span class=\"screen-reader-text\">\u201eKupferstreifen-Pinzettfisch\u201c<\/span> weiterlesen<\/a><\/p>\n","protected":false},"author":1,"featured_media":0,"parent":0,"menu_order":0,"comment_status":"closed","ping_status":"closed","template":"","meta":{"footnotes":""},"class_list":["post-4541","page","type-page","status-publish","hentry"],"_links":{"self":[{"href":"https:\/\/alles-ueber-riffe.de\/index.php?rest_route=\/wp\/v2\/pages\/4541","targetHints":{"allow":["GET"]}}],"collection":[{"href":"https:\/\/alles-ueber-riffe.de\/index.php?rest_route=\/wp\/v2\/pages"}],"about":[{"href":"https:\/\/alles-ueber-riffe.de\/index.php?rest_route=\/wp\/v2\/types\/page"}],"author":[{"embeddable":true,"href":"https:\/\/alles-ueber-riffe.de\/index.php?rest_route=\/wp\/v2\/users\/1"}],"replies":[{"embeddable":true,"href":"https:\/\/alles-ueber-riffe.de\/index.php?rest_route=%2Fwp%2Fv2%2Fcomments&post=4541"}],"version-history":[{"count":4,"href":"https:\/\/alles-ueber-riffe.de\/index.php?rest_route=\/wp\/v2\/pages\/4541\/revisions"}],"predecessor-version":[{"id":7057,"href":"https:\/\/alles-ueber-riffe.de\/index.php?rest_route=\/wp\/v2\/pages\/4541\/revisions\/7057"}],"wp:attachment":[{"href":"https:\/\/alles-ueber-riffe.de\/index.php?rest_route=%2Fwp%2Fv2%2Fmedia&parent=4541"}],"curies":[{"name":"wp","href":"https:\/\/api.w.org\/{rel}","templated":true}]}}