{"id":4539,"date":"2025-01-08T04:58:23","date_gmt":"2025-01-08T04:58:23","guid":{"rendered":"https:\/\/alles-ueber-riffe.de\/?page_id=4539"},"modified":"2025-01-17T10:43:53","modified_gmt":"2025-01-17T10:43:53","slug":"kleins-falterfisch","status":"publish","type":"page","link":"https:\/\/alles-ueber-riffe.de\/?page_id=4539","title":{"rendered":"Klein`s Falterfisch"},"content":{"rendered":"\n<div class=\"wp-block-group is-vertical is-layout-flex wp-container-core-group-is-layout-8cf370e7 wp-block-group-is-layout-flex\">\n<p><strong>Kleins Falterfisch<\/strong><\/p>\n\n\n\n<p>Sunburst butterflyfish<\/p>\n\n\n\n<p><em>Chaetodon kleinii<\/em><\/p>\n<\/div>\n\n\n\n<div style=\"height:30px\" aria-hidden=\"true\" class=\"wp-block-spacer\"><\/div>\n\n\n\n<figure class=\"wp-block-image size-full\"><img loading=\"lazy\" decoding=\"async\" width=\"1024\" height=\"768\" src=\"https:\/\/alles-ueber-riffe.de\/wp-content\/uploads\/2025\/01\/Kleins-Falterfisch_1024x768.jpg\" alt=\"\" class=\"wp-image-7108\" srcset=\"https:\/\/alles-ueber-riffe.de\/wp-content\/uploads\/2025\/01\/Kleins-Falterfisch_1024x768.jpg 1024w, https:\/\/alles-ueber-riffe.de\/wp-content\/uploads\/2025\/01\/Kleins-Falterfisch_1024x768-300x225.jpg 300w, https:\/\/alles-ueber-riffe.de\/wp-content\/uploads\/2025\/01\/Kleins-Falterfisch_1024x768-768x576.jpg 768w\" sizes=\"auto, (max-width: 767px) 89vw, (max-width: 1000px) 54vw, (max-width: 1071px) 543px, 580px\" \/><figcaption class=\"wp-element-caption\">\u00a9 Heinz Krimmer<\/figcaption><\/figure>\n\n\n\n<hr class=\"wp-block-separator has-alpha-channel-opacity is-style-default\"\/>\n\n\n\n<p><strong>Gr\u00f6\u00dfe: <\/strong> bis 15 cm<\/p>\n\n\n\n<p><strong>Lebensraum:<\/strong> Korallenriffe<\/p>\n\n\n\n<p><strong>Vorkommen:  <\/strong>von Ostafrika, Rotes Meer, Malediven, ganz S\u00fcdostasien, S\u00fcdjapan, Nordaustralien, Papua-Neuguinea, Ozeanien bis Hawaii, im Ostpazifik von Galapagos bekannt<\/p>\n\n\n\n<p><strong>Erkennungsmerkmale: <\/strong> elbbraunes Netzmuster; wei\u00dfer Kopf; schwarzes Querband \u00fcber das Auge; schwarze Lippen; gelber K\u00f6rper beginnt mit einem mehr oder weniger ausgepr\u00e4gten, breiten, braunen Querband<\/p>\n\n\n\n<p><strong>Biologie &amp; Verhalten: <\/strong> Dieser Falterfisch frisst Korallenpolypen, Algen und Zooplankton.<\/p>\n\n\n\n<p><strong>Bedrohungsstatus:<\/strong> Die Art wird auf der Roten Liste der IUCN als <mark style=\"background-color:rgba(0, 0, 0, 0)\" class=\"has-inline-color has-vivid-green-cyan-color\">\u201enicht gef\u00e4hrdet\u201c<\/mark> gef\u00fchrt.<\/p>\n\n\n\n<hr class=\"wp-block-separator has-alpha-channel-opacity is-style-default\"\/>\n","protected":false},"excerpt":{"rendered":"<p>Kleins Falterfisch Sunburst butterflyfish Chaetodon kleinii Gr\u00f6\u00dfe: bis 15 cm Lebensraum: Korallenriffe Vorkommen: von Ostafrika, Rotes Meer, Malediven, ganz S\u00fcdostasien, S\u00fcdjapan, Nordaustralien, Papua-Neuguinea, Ozeanien bis Hawaii, im Ostpazifik von Galapagos bekannt Erkennungsmerkmale: elbbraunes Netzmuster; wei\u00dfer Kopf; schwarzes Querband \u00fcber das Auge; schwarze Lippen; gelber K\u00f6rper beginnt mit einem mehr oder weniger ausgepr\u00e4gten, breiten, braunen Querband &hellip; <\/p>\n<p class=\"link-more\"><a href=\"https:\/\/alles-ueber-riffe.de\/?page_id=4539\" class=\"more-link\"><span class=\"screen-reader-text\">\u201eKlein`s Falterfisch\u201c<\/span> weiterlesen<\/a><\/p>\n","protected":false},"author":1,"featured_media":0,"parent":0,"menu_order":0,"comment_status":"closed","ping_status":"closed","template":"","meta":{"footnotes":""},"class_list":["post-4539","page","type-page","status-publish","hentry"],"_links":{"self":[{"href":"https:\/\/alles-ueber-riffe.de\/index.php?rest_route=\/wp\/v2\/pages\/4539","targetHints":{"allow":["GET"]}}],"collection":[{"href":"https:\/\/alles-ueber-riffe.de\/index.php?rest_route=\/wp\/v2\/pages"}],"about":[{"href":"https:\/\/alles-ueber-riffe.de\/index.php?rest_route=\/wp\/v2\/types\/page"}],"author":[{"embeddable":true,"href":"https:\/\/alles-ueber-riffe.de\/index.php?rest_route=\/wp\/v2\/users\/1"}],"replies":[{"embeddable":true,"href":"https:\/\/alles-ueber-riffe.de\/index.php?rest_route=%2Fwp%2Fv2%2Fcomments&post=4539"}],"version-history":[{"count":8,"href":"https:\/\/alles-ueber-riffe.de\/index.php?rest_route=\/wp\/v2\/pages\/4539\/revisions"}],"predecessor-version":[{"id":7114,"href":"https:\/\/alles-ueber-riffe.de\/index.php?rest_route=\/wp\/v2\/pages\/4539\/revisions\/7114"}],"wp:attachment":[{"href":"https:\/\/alles-ueber-riffe.de\/index.php?rest_route=%2Fwp%2Fv2%2Fmedia&parent=4539"}],"curies":[{"name":"wp","href":"https:\/\/api.w.org\/{rel}","templated":true}]}}