{"id":4537,"date":"2025-01-08T04:58:12","date_gmt":"2025-01-08T04:58:12","guid":{"rendered":"https:\/\/alles-ueber-riffe.de\/?page_id=4537"},"modified":"2025-01-17T10:40:43","modified_gmt":"2025-01-17T10:40:43","slug":"keilfleck-falterfisch","status":"publish","type":"page","link":"https:\/\/alles-ueber-riffe.de\/?page_id=4537","title":{"rendered":"Keilfleck-Falterfisch"},"content":{"rendered":"\n<div class=\"wp-block-group is-vertical is-layout-flex wp-container-core-group-is-layout-8cf370e7 wp-block-group-is-layout-flex\">\n<p><strong>Keilfleck-Falterfisch<\/strong><\/p>\n\n\n\n<p>Blackwedged butterflyfish<\/p>\n\n\n\n<p><em>Chaetodon falcula<\/em><\/p>\n<\/div>\n\n\n\n<div style=\"height:30px\" aria-hidden=\"true\" class=\"wp-block-spacer\"><\/div>\n\n\n\n<figure class=\"wp-block-image size-full\"><img loading=\"lazy\" decoding=\"async\" width=\"1024\" height=\"768\" src=\"https:\/\/alles-ueber-riffe.de\/wp-content\/uploads\/2025\/01\/Keilfleck-Falterfisch_1024x768.jpg\" alt=\"\" class=\"wp-image-7100\" srcset=\"https:\/\/alles-ueber-riffe.de\/wp-content\/uploads\/2025\/01\/Keilfleck-Falterfisch_1024x768.jpg 1024w, https:\/\/alles-ueber-riffe.de\/wp-content\/uploads\/2025\/01\/Keilfleck-Falterfisch_1024x768-300x225.jpg 300w, https:\/\/alles-ueber-riffe.de\/wp-content\/uploads\/2025\/01\/Keilfleck-Falterfisch_1024x768-768x576.jpg 768w\" sizes=\"auto, (max-width: 767px) 89vw, (max-width: 1000px) 54vw, (max-width: 1071px) 543px, 580px\" \/><figcaption class=\"wp-element-caption\">\u00a9 Heinz Krimmer<\/figcaption><\/figure>\n\n\n\n<hr class=\"wp-block-separator has-alpha-channel-opacity is-style-default\"\/>\n\n\n\n<p><strong>Gr\u00f6\u00dfe: <\/strong> bis 20 cm<\/p>\n\n\n\n<p><strong>Lebensraum:<\/strong> Korallenriffe<\/p>\n\n\n\n<p><strong>Vorkommen:  <\/strong>von Ostafrika, Malediven, Westindonesien, Nordwestaustralien<\/p>\n\n\n\n<p><strong>Erkennungsmerkmale: <\/strong> Grundfarbe wei\u00df; zwei schwarze, keilf\u00f6rmige Flecken an der R\u00fcckenflosse und dem R\u00fccken; schwarzes Querband \u00fcber das Auge; schwarze Querlinien am K\u00f6rper\u00a0<\/p>\n\n\n\n<p><strong>Biologie &amp; Verhalten: <\/strong>Der Keilfleck-Falterfisch unterscheidet sich nur wenig von dem Doppelsattel-Falterfisch, der weiter \u00f6stlich in S\u00fcdjapan, den Philippinen, Ostindonesien, Papua-Neuguinea, Ostaustralien und Ozeanien bis zu den Tuamoto Inseln vorkommt. Auch sind die R\u00fcckenflecken des Doppelsattel-Falterfisches gr\u00f6\u00dfer und diffuser und reichen fast bis zum Bauch.<\/p>\n\n\n\n<p><strong>Bedrohungsstatus:<\/strong> Die Art wird auf der Roten Liste der IUCN als <mark style=\"background-color:rgba(0, 0, 0, 0)\" class=\"has-inline-color has-vivid-green-cyan-color\">\u201enicht gef\u00e4hrdet\u201c<\/mark> gef\u00fchrt.<\/p>\n\n\n\n<hr class=\"wp-block-separator has-alpha-channel-opacity is-style-default\"\/>\n","protected":false},"excerpt":{"rendered":"<p>Keilfleck-Falterfisch Blackwedged butterflyfish Chaetodon falcula Gr\u00f6\u00dfe: bis 20 cm Lebensraum: Korallenriffe Vorkommen: von Ostafrika, Malediven, Westindonesien, Nordwestaustralien Erkennungsmerkmale: Grundfarbe wei\u00df; zwei schwarze, keilf\u00f6rmige Flecken an der R\u00fcckenflosse und dem R\u00fccken; schwarzes Querband \u00fcber das Auge; schwarze Querlinien am K\u00f6rper\u00a0 Biologie &amp; Verhalten: Der Keilfleck-Falterfisch unterscheidet sich nur wenig von dem Doppelsattel-Falterfisch, der weiter \u00f6stlich in &hellip; <\/p>\n<p class=\"link-more\"><a href=\"https:\/\/alles-ueber-riffe.de\/?page_id=4537\" class=\"more-link\"><span class=\"screen-reader-text\">\u201eKeilfleck-Falterfisch\u201c<\/span> weiterlesen<\/a><\/p>\n","protected":false},"author":1,"featured_media":0,"parent":0,"menu_order":0,"comment_status":"closed","ping_status":"closed","template":"","meta":{"footnotes":""},"class_list":["post-4537","page","type-page","status-publish","hentry"],"_links":{"self":[{"href":"https:\/\/alles-ueber-riffe.de\/index.php?rest_route=\/wp\/v2\/pages\/4537","targetHints":{"allow":["GET"]}}],"collection":[{"href":"https:\/\/alles-ueber-riffe.de\/index.php?rest_route=\/wp\/v2\/pages"}],"about":[{"href":"https:\/\/alles-ueber-riffe.de\/index.php?rest_route=\/wp\/v2\/types\/page"}],"author":[{"embeddable":true,"href":"https:\/\/alles-ueber-riffe.de\/index.php?rest_route=\/wp\/v2\/users\/1"}],"replies":[{"embeddable":true,"href":"https:\/\/alles-ueber-riffe.de\/index.php?rest_route=%2Fwp%2Fv2%2Fcomments&post=4537"}],"version-history":[{"count":8,"href":"https:\/\/alles-ueber-riffe.de\/index.php?rest_route=\/wp\/v2\/pages\/4537\/revisions"}],"predecessor-version":[{"id":7106,"href":"https:\/\/alles-ueber-riffe.de\/index.php?rest_route=\/wp\/v2\/pages\/4537\/revisions\/7106"}],"wp:attachment":[{"href":"https:\/\/alles-ueber-riffe.de\/index.php?rest_route=%2Fwp%2Fv2%2Fmedia&parent=4537"}],"curies":[{"name":"wp","href":"https:\/\/api.w.org\/{rel}","templated":true}]}}