{"id":4535,"date":"2025-01-08T04:58:01","date_gmt":"2025-01-08T04:58:01","guid":{"rendered":"https:\/\/alles-ueber-riffe.de\/?page_id=4535"},"modified":"2025-01-17T10:37:37","modified_gmt":"2025-01-17T10:37:37","slug":"indischer-rippen-falterfisch","status":"publish","type":"page","link":"https:\/\/alles-ueber-riffe.de\/?page_id=4535","title":{"rendered":"Indischer Rippen-Falterfisch"},"content":{"rendered":"\n<div class=\"wp-block-group is-vertical is-layout-flex wp-container-core-group-is-layout-8cf370e7 wp-block-group-is-layout-flex\">\n<p><strong>Indischer Rippen-Falterfisch<\/strong><\/p>\n\n\n\n<p>Melon butterflyfish<\/p>\n\n\n\n<p><em>Chaetodon trifasciatus<\/em><\/p>\n<\/div>\n\n\n\n<div style=\"height:30px\" aria-hidden=\"true\" class=\"wp-block-spacer\"><\/div>\n\n\n\n<figure class=\"wp-block-video\"><video height=\"576\" style=\"aspect-ratio: 1024 \/ 576;\" width=\"1024\" controls src=\"https:\/\/alles-ueber-riffe.de\/wp-content\/uploads\/2025\/01\/Indischer-Rippen-Falterfisch.mp4\"><\/video><figcaption class=\"wp-element-caption\">\u00a9 Heinz Krimmer<\/figcaption><\/figure>\n\n\n\n<hr class=\"wp-block-separator has-alpha-channel-opacity is-style-default\"\/>\n\n\n\n<p><strong>Gr\u00f6\u00dfe: <\/strong> bis 15 cm<\/p>\n\n\n\n<p><strong>Lebensraum:<\/strong> Korallenriffe<\/p>\n\n\n\n<p><strong>Vorkommen:  <\/strong>Ostafrika, Malediven, Westindonesien, Philippinen, Papua-Neuguinea, Nordaustralien, Ozeanien bis Hawaii<\/p>\n\n\n\n<p><strong>Erkennungsmerkmale: <\/strong> Grundfarbe gelb, R\u00fccken und hinterer K\u00f6rperteil wei\u00df bis hellgrau; graue L\u00e4ngsstreifen; Schwanzwurzel orange oder gelb<\/p>\n\n\n\n<p><strong>Biologie &amp; Verhalten: <\/strong> Dieser Falterfisch ist kaum von dem Pazifischen Rippen-Falterfisch (Chaetodon lunulatus) zu unterscheiden. Am Besten orientiert man sich an der orangenen oder gelben Schwanzwurzel, denn diese ist bei dem Pazifischen Rippen-Falterfisch wei\u00df.<\/p>\n\n\n\n<p><strong>Bedrohungsstatus:<\/strong> Die Art wird auf der Roten Liste der IUCN als <mark style=\"background-color:rgba(0, 0, 0, 0)\" class=\"has-inline-color has-vivid-green-cyan-color\">\u201enicht gef\u00e4hrdet\u201c<\/mark> gef\u00fchrt.<\/p>\n\n\n\n<hr class=\"wp-block-separator has-alpha-channel-opacity is-style-default\"\/>\n","protected":false},"excerpt":{"rendered":"<p>Indischer Rippen-Falterfisch Melon butterflyfish Chaetodon trifasciatus Gr\u00f6\u00dfe: bis 15 cm Lebensraum: Korallenriffe Vorkommen: Ostafrika, Malediven, Westindonesien, Philippinen, Papua-Neuguinea, Nordaustralien, Ozeanien bis Hawaii Erkennungsmerkmale: Grundfarbe gelb, R\u00fccken und hinterer K\u00f6rperteil wei\u00df bis hellgrau; graue L\u00e4ngsstreifen; Schwanzwurzel orange oder gelb Biologie &amp; Verhalten: Dieser Falterfisch ist kaum von dem Pazifischen Rippen-Falterfisch (Chaetodon lunulatus) zu unterscheiden. Am Besten &hellip; <\/p>\n<p class=\"link-more\"><a href=\"https:\/\/alles-ueber-riffe.de\/?page_id=4535\" class=\"more-link\"><span class=\"screen-reader-text\">\u201eIndischer Rippen-Falterfisch\u201c<\/span> weiterlesen<\/a><\/p>\n","protected":false},"author":1,"featured_media":0,"parent":0,"menu_order":0,"comment_status":"closed","ping_status":"closed","template":"","meta":{"footnotes":""},"class_list":["post-4535","page","type-page","status-publish","hentry"],"_links":{"self":[{"href":"https:\/\/alles-ueber-riffe.de\/index.php?rest_route=\/wp\/v2\/pages\/4535","targetHints":{"allow":["GET"]}}],"collection":[{"href":"https:\/\/alles-ueber-riffe.de\/index.php?rest_route=\/wp\/v2\/pages"}],"about":[{"href":"https:\/\/alles-ueber-riffe.de\/index.php?rest_route=\/wp\/v2\/types\/page"}],"author":[{"embeddable":true,"href":"https:\/\/alles-ueber-riffe.de\/index.php?rest_route=\/wp\/v2\/users\/1"}],"replies":[{"embeddable":true,"href":"https:\/\/alles-ueber-riffe.de\/index.php?rest_route=%2Fwp%2Fv2%2Fcomments&post=4535"}],"version-history":[{"count":7,"href":"https:\/\/alles-ueber-riffe.de\/index.php?rest_route=\/wp\/v2\/pages\/4535\/revisions"}],"predecessor-version":[{"id":7097,"href":"https:\/\/alles-ueber-riffe.de\/index.php?rest_route=\/wp\/v2\/pages\/4535\/revisions\/7097"}],"wp:attachment":[{"href":"https:\/\/alles-ueber-riffe.de\/index.php?rest_route=%2Fwp%2Fv2%2Fmedia&parent=4535"}],"curies":[{"name":"wp","href":"https:\/\/api.w.org\/{rel}","templated":true}]}}