{"id":4531,"date":"2025-01-08T04:57:36","date_gmt":"2025-01-08T04:57:36","guid":{"rendered":"https:\/\/alles-ueber-riffe.de\/?page_id=4531"},"modified":"2025-01-17T10:30:51","modified_gmt":"2025-01-17T10:30:51","slug":"gestreifter-riesen-falterfisch","status":"publish","type":"page","link":"https:\/\/alles-ueber-riffe.de\/?page_id=4531","title":{"rendered":"Gestreifter Riesen-Falterfisch"},"content":{"rendered":"\n<div class=\"wp-block-group is-vertical is-layout-flex wp-container-core-group-is-layout-8cf370e7 wp-block-group-is-layout-flex\">\n<p><strong>Gestreifter Riesen-Falterfisch<\/strong><\/p>\n\n\n\n<p>Lined butterflyfish<\/p>\n\n\n\n<p><em>Chaetodon lineolatus<\/em><\/p>\n<\/div>\n\n\n\n<div style=\"height:30px\" aria-hidden=\"true\" class=\"wp-block-spacer\"><\/div>\n\n\n\n<figure class=\"wp-block-video\"><video height=\"576\" style=\"aspect-ratio: 1024 \/ 576;\" width=\"1024\" controls src=\"https:\/\/alles-ueber-riffe.de\/wp-content\/uploads\/2025\/01\/Gestreifter-Riesen-Falterfisch-Kopie.mp4\"><\/video><\/figure>\n\n\n\n<hr class=\"wp-block-separator has-alpha-channel-opacity is-style-default\"\/>\n\n\n\n<p><strong>Gr\u00f6\u00dfe: <\/strong> bis 30 cm<\/p>\n\n\n\n<p><strong>Lebensraum:<\/strong> Korallenriffe<\/p>\n\n\n\n<p><strong>Vorkommen:  <\/strong>on Ostafrika, Rotes Meer, Malediven, ganz S\u00fcdostasien, S\u00fcdjapan, Nordaustralien, Papua-Neuguinea, Ozeanien bis Hawaii<\/p>\n\n\n\n<p><strong>Erkennungsmerkmale: <\/strong>Grundfarbe wei\u00df; d\u00fcnne, schwarze Querstreifen; gelbe R\u00fccken-, Schwanz- und Afterflosse; schwarzer Querstreifen \u00fcber das Auge; schwarzes, bogenf\u00f6rmiges Band vom R\u00fccken zur Afterflosse<\/p>\n\n\n\n<p><strong>Biologie &amp; Verhalten: <\/strong> Dieser Falterfisch frisst Korallenpolypen, Anemonen, kleine Wirbellose und Algen.<\/p>\n\n\n\n<p>Wieder ein Falterfisch, der einem die Bestimmung schwer macht. Sein Aussehen erinnert auf den ersten Blick an den Schwarzflossen-Falterfisch (Chaetodon decussatus). Als w\u00e4re das nicht genug, sieht er auch dem Vagabund-Falterfisch (Chaetodon vagabundus) \u00e4hnlich. Am Besten orientiert man sich an den Querstreifen am K\u00f6rper, denn die des Gestreiften Riesen-Falterfisches verlaufen direkt von oben nach unten und nicht diagonal und in verschiedene Richtungen wie bei den anderen beiden Arten.<\/p>\n\n\n\n<p><strong>Bedrohungsstatus:<\/strong> Die Art wird auf der Roten Liste der IUCN als <mark style=\"background-color:rgba(0, 0, 0, 0)\" class=\"has-inline-color has-vivid-green-cyan-color\">\u201enicht gef\u00e4hrdet\u201c<\/mark> gef\u00fchrt.<\/p>\n\n\n\n<hr class=\"wp-block-separator has-alpha-channel-opacity is-style-default\"\/>\n","protected":false},"excerpt":{"rendered":"<p>Gestreifter Riesen-Falterfisch Lined butterflyfish Chaetodon lineolatus Gr\u00f6\u00dfe: bis 30 cm Lebensraum: Korallenriffe Vorkommen: on Ostafrika, Rotes Meer, Malediven, ganz S\u00fcdostasien, S\u00fcdjapan, Nordaustralien, Papua-Neuguinea, Ozeanien bis Hawaii Erkennungsmerkmale: Grundfarbe wei\u00df; d\u00fcnne, schwarze Querstreifen; gelbe R\u00fccken-, Schwanz- und Afterflosse; schwarzer Querstreifen \u00fcber das Auge; schwarzes, bogenf\u00f6rmiges Band vom R\u00fccken zur Afterflosse Biologie &amp; Verhalten: Dieser Falterfisch frisst &hellip; <\/p>\n<p class=\"link-more\"><a href=\"https:\/\/alles-ueber-riffe.de\/?page_id=4531\" class=\"more-link\"><span class=\"screen-reader-text\">\u201eGestreifter Riesen-Falterfisch\u201c<\/span> weiterlesen<\/a><\/p>\n","protected":false},"author":1,"featured_media":0,"parent":0,"menu_order":0,"comment_status":"closed","ping_status":"closed","template":"","meta":{"footnotes":""},"class_list":["post-4531","page","type-page","status-publish","hentry"],"_links":{"self":[{"href":"https:\/\/alles-ueber-riffe.de\/index.php?rest_route=\/wp\/v2\/pages\/4531","targetHints":{"allow":["GET"]}}],"collection":[{"href":"https:\/\/alles-ueber-riffe.de\/index.php?rest_route=\/wp\/v2\/pages"}],"about":[{"href":"https:\/\/alles-ueber-riffe.de\/index.php?rest_route=\/wp\/v2\/types\/page"}],"author":[{"embeddable":true,"href":"https:\/\/alles-ueber-riffe.de\/index.php?rest_route=\/wp\/v2\/users\/1"}],"replies":[{"embeddable":true,"href":"https:\/\/alles-ueber-riffe.de\/index.php?rest_route=%2Fwp%2Fv2%2Fcomments&post=4531"}],"version-history":[{"count":4,"href":"https:\/\/alles-ueber-riffe.de\/index.php?rest_route=\/wp\/v2\/pages\/4531\/revisions"}],"predecessor-version":[{"id":7083,"href":"https:\/\/alles-ueber-riffe.de\/index.php?rest_route=\/wp\/v2\/pages\/4531\/revisions\/7083"}],"wp:attachment":[{"href":"https:\/\/alles-ueber-riffe.de\/index.php?rest_route=%2Fwp%2Fv2%2Fmedia&parent=4531"}],"curies":[{"name":"wp","href":"https:\/\/api.w.org\/{rel}","templated":true}]}}