{"id":4529,"date":"2025-01-08T04:57:25","date_gmt":"2025-01-08T04:57:25","guid":{"rendered":"https:\/\/alles-ueber-riffe.de\/?page_id=4529"},"modified":"2025-01-17T09:22:46","modified_gmt":"2025-01-17T09:22:46","slug":"gemeiner-wimpelfisch","status":"publish","type":"page","link":"https:\/\/alles-ueber-riffe.de\/?page_id=4529","title":{"rendered":"Gemeiner Wimpelfisch"},"content":{"rendered":"\n<div class=\"wp-block-group is-vertical is-layout-flex wp-container-core-group-is-layout-8cf370e7 wp-block-group-is-layout-flex\">\n<p><strong>Gemeiner-Wimpelfisch<\/strong><\/p>\n\n\n\n<p>Pennant coralfish<\/p>\n\n\n\n<p><em>Heniochus acuminatus<\/em><\/p>\n<\/div>\n\n\n\n<div style=\"height:30px\" aria-hidden=\"true\" class=\"wp-block-spacer\"><\/div>\n\n\n\n<figure class=\"wp-block-image size-full\"><img loading=\"lazy\" decoding=\"async\" width=\"1024\" height=\"768\" src=\"https:\/\/alles-ueber-riffe.de\/wp-content\/uploads\/2025\/01\/Gemeiner-Wimpelfisch_1024x768.jpg\" alt=\"\" class=\"wp-image-7006\" srcset=\"https:\/\/alles-ueber-riffe.de\/wp-content\/uploads\/2025\/01\/Gemeiner-Wimpelfisch_1024x768.jpg 1024w, https:\/\/alles-ueber-riffe.de\/wp-content\/uploads\/2025\/01\/Gemeiner-Wimpelfisch_1024x768-300x225.jpg 300w, https:\/\/alles-ueber-riffe.de\/wp-content\/uploads\/2025\/01\/Gemeiner-Wimpelfisch_1024x768-768x576.jpg 768w\" sizes=\"auto, (max-width: 767px) 89vw, (max-width: 1000px) 54vw, (max-width: 1071px) 543px, 580px\" \/><figcaption class=\"wp-element-caption\">\u00a9 Heinz Krimmer<\/figcaption><\/figure>\n\n\n\n<hr class=\"wp-block-separator has-alpha-channel-opacity is-style-default\"\/>\n\n\n\n<p><strong>Gr\u00f6\u00dfe: <\/strong> bis 25 cm<\/p>\n\n\n\n<p><strong>Lebensraum:<\/strong> Korallenriffe<\/p>\n\n\n\n<p><strong>Vorkommen:  <\/strong>von Ostafrika, Persischer Golf, Oman, Malediven, ganz S\u00fcdostasien, S\u00fcdjapan, Nordaustralien, Papua-Neuguinea, Ozeanien bis Franz\u00f6sisch-Polynesien<\/p>\n\n\n\n<p><strong>Erkennungsmerkmale: <\/strong> Grundzeichnung wei\u00df-schwarze Querstreifen; zwei breite, schwarze Querb\u00e4nder; gelbe R\u00fccken- und Schwanzflosse. Die vordere R\u00fcckenflosse ist zu einem langen, wei\u00dfen Wimpel verl\u00e4ngert\u00a0<\/p>\n\n\n\n<p><strong>Biologie &amp; Verhalten: <\/strong> Drei weitere Wimpelfische k\u00f6nnen mit dem Gemeinen Wimpelfisch leicht verwechselt werden:<\/p>\n\n\n\n<p>Der Schwarm-Wimpelfisch (Heniochus diphreutes), der sich durch eine vorgew\u00f6lbte Brust unterscheidet.<\/p>\n\n\n\n<p>Der Rotmeer-Wimpelfisch ( Heniochus intermedius), der aber nur im Roten Meer und Oman vorkommt, einen kleinen Stirnh\u00f6cker hat und auch am Bauch gelblich ist.<\/p>\n\n\n\n<p>Der Masken-Wimpelfisch(Heniochus monoceros), der einen schwarzen Kopf mit wei\u00dfer Zeichnung hat.<\/p>\n\n\n\n<p>Der Halfterfisch (Zanclus cornutus), der im gesamten, tropischen Pazifik mit Ausnahme des Roten Meeres vorkommt, aber auf der Schnauze einen gelben Sattelfleck hat. Der Halfterfisch geh\u00f6rt nicht zu den Falterfischen sondern geh\u00f6rt zu der Gattung Zanclus. Er ist auch die einzige Art dieser Gattung.<\/p>\n\n\n\n<p><strong>Bedrohungsstatus:<\/strong> Die Art wird auf der Roten Liste der IUCN als <mark style=\"background-color:rgba(0, 0, 0, 0)\" class=\"has-inline-color has-vivid-green-cyan-color\">\u201enicht gef\u00e4hrdet\u201c <\/mark>gef\u00fchrt.<\/p>\n\n\n\n<hr class=\"wp-block-separator has-alpha-channel-opacity is-style-default\"\/>\n","protected":false},"excerpt":{"rendered":"<p>Gemeiner-Wimpelfisch Pennant coralfish Heniochus acuminatus Gr\u00f6\u00dfe: bis 25 cm Lebensraum: Korallenriffe Vorkommen: von Ostafrika, Persischer Golf, Oman, Malediven, ganz S\u00fcdostasien, S\u00fcdjapan, Nordaustralien, Papua-Neuguinea, Ozeanien bis Franz\u00f6sisch-Polynesien Erkennungsmerkmale: Grundzeichnung wei\u00df-schwarze Querstreifen; zwei breite, schwarze Querb\u00e4nder; gelbe R\u00fccken- und Schwanzflosse. Die vordere R\u00fcckenflosse ist zu einem langen, wei\u00dfen Wimpel verl\u00e4ngert\u00a0 Biologie &amp; Verhalten: Drei weitere Wimpelfische k\u00f6nnen &hellip; <\/p>\n<p class=\"link-more\"><a href=\"https:\/\/alles-ueber-riffe.de\/?page_id=4529\" class=\"more-link\"><span class=\"screen-reader-text\">\u201eGemeiner Wimpelfisch\u201c<\/span> weiterlesen<\/a><\/p>\n","protected":false},"author":1,"featured_media":0,"parent":0,"menu_order":0,"comment_status":"closed","ping_status":"closed","template":"","meta":{"footnotes":""},"class_list":["post-4529","page","type-page","status-publish","hentry"],"_links":{"self":[{"href":"https:\/\/alles-ueber-riffe.de\/index.php?rest_route=\/wp\/v2\/pages\/4529","targetHints":{"allow":["GET"]}}],"collection":[{"href":"https:\/\/alles-ueber-riffe.de\/index.php?rest_route=\/wp\/v2\/pages"}],"about":[{"href":"https:\/\/alles-ueber-riffe.de\/index.php?rest_route=\/wp\/v2\/types\/page"}],"author":[{"embeddable":true,"href":"https:\/\/alles-ueber-riffe.de\/index.php?rest_route=\/wp\/v2\/users\/1"}],"replies":[{"embeddable":true,"href":"https:\/\/alles-ueber-riffe.de\/index.php?rest_route=%2Fwp%2Fv2%2Fcomments&post=4529"}],"version-history":[{"count":6,"href":"https:\/\/alles-ueber-riffe.de\/index.php?rest_route=\/wp\/v2\/pages\/4529\/revisions"}],"predecessor-version":[{"id":7010,"href":"https:\/\/alles-ueber-riffe.de\/index.php?rest_route=\/wp\/v2\/pages\/4529\/revisions\/7010"}],"wp:attachment":[{"href":"https:\/\/alles-ueber-riffe.de\/index.php?rest_route=%2Fwp%2Fv2%2Fmedia&parent=4529"}],"curies":[{"name":"wp","href":"https:\/\/api.w.org\/{rel}","templated":true}]}}