{"id":4527,"date":"2025-01-08T04:57:14","date_gmt":"2025-01-08T04:57:14","guid":{"rendered":"https:\/\/alles-ueber-riffe.de\/?page_id=4527"},"modified":"2025-01-17T09:19:54","modified_gmt":"2025-01-17T09:19:54","slug":"gelbkopf-falterfisch","status":"publish","type":"page","link":"https:\/\/alles-ueber-riffe.de\/?page_id=4527","title":{"rendered":"Gelbkopf-Falterfisch"},"content":{"rendered":"\n<div class=\"wp-block-group is-vertical is-layout-flex wp-container-core-group-is-layout-8cf370e7 wp-block-group-is-layout-flex\">\n<p><strong>Gelbkopf-Falterfisch<\/strong><\/p>\n\n\n\n<p>Yellowhead butterflyfish<\/p>\n\n\n\n<p><em>Chaetodon xanthocephalus<\/em><\/p>\n<\/div>\n\n\n\n<div style=\"height:30px\" aria-hidden=\"true\" class=\"wp-block-spacer\"><\/div>\n\n\n\n<figure class=\"wp-block-image size-full\"><img loading=\"lazy\" decoding=\"async\" width=\"1024\" height=\"768\" src=\"https:\/\/alles-ueber-riffe.de\/wp-content\/uploads\/2025\/01\/Gelbkopf-Falterfisch_1024x768.jpg\" alt=\"\" class=\"wp-image-7002\" srcset=\"https:\/\/alles-ueber-riffe.de\/wp-content\/uploads\/2025\/01\/Gelbkopf-Falterfisch_1024x768.jpg 1024w, https:\/\/alles-ueber-riffe.de\/wp-content\/uploads\/2025\/01\/Gelbkopf-Falterfisch_1024x768-300x225.jpg 300w, https:\/\/alles-ueber-riffe.de\/wp-content\/uploads\/2025\/01\/Gelbkopf-Falterfisch_1024x768-768x576.jpg 768w\" sizes=\"auto, (max-width: 767px) 89vw, (max-width: 1000px) 54vw, (max-width: 1071px) 543px, 580px\" \/><figcaption class=\"wp-element-caption\">\u00a9 Heinz Krimmer<\/figcaption><\/figure>\n\n\n\n<hr class=\"wp-block-separator has-alpha-channel-opacity is-style-default\"\/>\n\n\n\n<p><strong>Gr\u00f6\u00dfe: <\/strong> bis 20 cm<\/p>\n\n\n\n<p><strong>Lebensraum:<\/strong> Korallenriffe<\/p>\n\n\n\n<p><strong>Vorkommen:  <\/strong>Ostafrika, Malediven, Sri Lanka<\/p>\n\n\n\n<p><strong>Erkennungsmerkmale: <\/strong> Grundfarbe wei\u00df; gelborangene Brust-, R\u00fccken- und Afterflosse; gelborangenes Maul und Kehle; wenige, feine, orangene Querstreifen<\/p>\n\n\n\n<p><strong>Biologie &amp; Verhalten: <\/strong> Dieser Falterfisch besetzt im Riff ein Territorium, das aggressiv verteidigt wird. Haben sie einmal einen Partner gefunden, bleiben sie ihm ein Leben lang treu. Seltsamerweise kann dieser Partner auch der Sattelfleck-Falterfisch (Chaetodon ephippium) sein. Von den daraus entstehenden Hybriden ist nichts bekannt.<\/p>\n\n\n\n<p><strong>Bedrohungsstatus:<\/strong> Die Art wird auf der Roten Liste der IUCN als <mark style=\"background-color:rgba(0, 0, 0, 0)\" class=\"has-inline-color has-vivid-green-cyan-color\">\u201enicht gef\u00e4hrdet\u201c<\/mark> gef\u00fchrt.<\/p>\n\n\n\n<hr class=\"wp-block-separator has-alpha-channel-opacity is-style-default\"\/>\n","protected":false},"excerpt":{"rendered":"<p>Gelbkopf-Falterfisch Yellowhead butterflyfish Chaetodon xanthocephalus Gr\u00f6\u00dfe: bis 20 cm Lebensraum: Korallenriffe Vorkommen: Ostafrika, Malediven, Sri Lanka Erkennungsmerkmale: Grundfarbe wei\u00df; gelborangene Brust-, R\u00fccken- und Afterflosse; gelborangenes Maul und Kehle; wenige, feine, orangene Querstreifen Biologie &amp; Verhalten: Dieser Falterfisch besetzt im Riff ein Territorium, das aggressiv verteidigt wird. Haben sie einmal einen Partner gefunden, bleiben sie ihm &hellip; <\/p>\n<p class=\"link-more\"><a href=\"https:\/\/alles-ueber-riffe.de\/?page_id=4527\" class=\"more-link\"><span class=\"screen-reader-text\">\u201eGelbkopf-Falterfisch\u201c<\/span> weiterlesen<\/a><\/p>\n","protected":false},"author":1,"featured_media":0,"parent":0,"menu_order":0,"comment_status":"closed","ping_status":"closed","template":"","meta":{"footnotes":""},"class_list":["post-4527","page","type-page","status-publish","hentry"],"_links":{"self":[{"href":"https:\/\/alles-ueber-riffe.de\/index.php?rest_route=\/wp\/v2\/pages\/4527","targetHints":{"allow":["GET"]}}],"collection":[{"href":"https:\/\/alles-ueber-riffe.de\/index.php?rest_route=\/wp\/v2\/pages"}],"about":[{"href":"https:\/\/alles-ueber-riffe.de\/index.php?rest_route=\/wp\/v2\/types\/page"}],"author":[{"embeddable":true,"href":"https:\/\/alles-ueber-riffe.de\/index.php?rest_route=\/wp\/v2\/users\/1"}],"replies":[{"embeddable":true,"href":"https:\/\/alles-ueber-riffe.de\/index.php?rest_route=%2Fwp%2Fv2%2Fcomments&post=4527"}],"version-history":[{"count":4,"href":"https:\/\/alles-ueber-riffe.de\/index.php?rest_route=\/wp\/v2\/pages\/4527\/revisions"}],"predecessor-version":[{"id":7005,"href":"https:\/\/alles-ueber-riffe.de\/index.php?rest_route=\/wp\/v2\/pages\/4527\/revisions\/7005"}],"wp:attachment":[{"href":"https:\/\/alles-ueber-riffe.de\/index.php?rest_route=%2Fwp%2Fv2%2Fmedia&parent=4527"}],"curies":[{"name":"wp","href":"https:\/\/api.w.org\/{rel}","templated":true}]}}