{"id":4517,"date":"2025-01-08T04:55:56","date_gmt":"2025-01-08T04:55:56","guid":{"rendered":"https:\/\/alles-ueber-riffe.de\/?page_id=4517"},"modified":"2025-01-16T17:08:44","modified_gmt":"2025-01-16T17:08:44","slug":"barbier-falterfisch","status":"publish","type":"page","link":"https:\/\/alles-ueber-riffe.de\/?page_id=4517","title":{"rendered":"Barbier-Falterfisch"},"content":{"rendered":"\n<div class=\"wp-block-group is-vertical is-layout-flex wp-container-core-group-is-layout-8cf370e7 wp-block-group-is-layout-flex\">\n<p><strong>Barbier-Falterfisch<\/strong><\/p>\n\n\n\n<p>Blacknosed butterflyfish<\/p>\n\n\n\n<p><em>Johnrandallia nigrirostris<\/em><\/p>\n<\/div>\n\n\n\n<div style=\"height:30px\" aria-hidden=\"true\" class=\"wp-block-spacer\"><\/div>\n\n\n\n<figure class=\"wp-block-video\"><video height=\"576\" style=\"aspect-ratio: 1024 \/ 576;\" width=\"1024\" controls src=\"https:\/\/alles-ueber-riffe.de\/wp-content\/uploads\/2025\/01\/Barbier-Falterfisch.mp4\"><\/video><figcaption class=\"wp-element-caption\">\u00a9 Heinz Krimmer<\/figcaption><\/figure>\n\n\n\n<hr class=\"wp-block-separator has-alpha-channel-opacity is-style-default\"\/>\n\n\n\n<p><strong>Gr\u00f6\u00dfe: <\/strong> bis 20 cm<\/p>\n\n\n\n<p><strong>Lebensraum:<\/strong> Korallen- und Felsenriffe<\/p>\n\n\n\n<p><strong>Vorkommen:  <\/strong>Pazifikk\u00fcste Mittelamerikas, Galapagos, Cocos und Malpelo<\/p>\n\n\n\n<p><strong>Erkennungsmerkmale: <\/strong>Grundfarbe gelb; schwarze Nase, Augen und Stirn; schwarzes Band unter der R\u00fcckenflosse<\/p>\n\n\n\n<p><strong>Biologie &amp; Verhalten: <\/strong> Dieser Falterfisch putzt andere Fische wie z.B. Hammerhaie. Damit \u00fcbernimmt er die Aufgabe, die in den meisten Gebieten des tropischen Pazifik von den Putzerlippfischen erledigt wird.<\/p>\n\n\n\n<p>Diese Falterfische sieht man oft in Schw\u00e4rmen. Neben Parasiten fressen sie auch Algen, Schnecken und kleine Krustentiere.<\/p>\n\n\n\n<p><strong>Bedrohungsstatus:<\/strong> Die Art wird auf der Roten Liste der IUCN als <mark style=\"background-color:rgba(0, 0, 0, 0)\" class=\"has-inline-color has-vivid-green-cyan-color\">\u201enicht gef\u00e4hrdet\u201c<\/mark> gef\u00fchrt.<\/p>\n\n\n\n<hr class=\"wp-block-separator has-alpha-channel-opacity is-style-default\"\/>\n","protected":false},"excerpt":{"rendered":"<p>Barbier-Falterfisch Blacknosed butterflyfish Johnrandallia nigrirostris Gr\u00f6\u00dfe: bis 20 cm Lebensraum: Korallen- und Felsenriffe Vorkommen: Pazifikk\u00fcste Mittelamerikas, Galapagos, Cocos und Malpelo Erkennungsmerkmale: Grundfarbe gelb; schwarze Nase, Augen und Stirn; schwarzes Band unter der R\u00fcckenflosse Biologie &amp; Verhalten: Dieser Falterfisch putzt andere Fische wie z.B. Hammerhaie. Damit \u00fcbernimmt er die Aufgabe, die in den meisten Gebieten des &hellip; <\/p>\n<p class=\"link-more\"><a href=\"https:\/\/alles-ueber-riffe.de\/?page_id=4517\" class=\"more-link\"><span class=\"screen-reader-text\">\u201eBarbier-Falterfisch\u201c<\/span> weiterlesen<\/a><\/p>\n","protected":false},"author":1,"featured_media":0,"parent":0,"menu_order":0,"comment_status":"closed","ping_status":"closed","template":"","meta":{"footnotes":""},"class_list":["post-4517","page","type-page","status-publish","hentry"],"_links":{"self":[{"href":"https:\/\/alles-ueber-riffe.de\/index.php?rest_route=\/wp\/v2\/pages\/4517","targetHints":{"allow":["GET"]}}],"collection":[{"href":"https:\/\/alles-ueber-riffe.de\/index.php?rest_route=\/wp\/v2\/pages"}],"about":[{"href":"https:\/\/alles-ueber-riffe.de\/index.php?rest_route=\/wp\/v2\/types\/page"}],"author":[{"embeddable":true,"href":"https:\/\/alles-ueber-riffe.de\/index.php?rest_route=\/wp\/v2\/users\/1"}],"replies":[{"embeddable":true,"href":"https:\/\/alles-ueber-riffe.de\/index.php?rest_route=%2Fwp%2Fv2%2Fcomments&post=4517"}],"version-history":[{"count":7,"href":"https:\/\/alles-ueber-riffe.de\/index.php?rest_route=\/wp\/v2\/pages\/4517\/revisions"}],"predecessor-version":[{"id":6945,"href":"https:\/\/alles-ueber-riffe.de\/index.php?rest_route=\/wp\/v2\/pages\/4517\/revisions\/6945"}],"wp:attachment":[{"href":"https:\/\/alles-ueber-riffe.de\/index.php?rest_route=%2Fwp%2Fv2%2Fmedia&parent=4517"}],"curies":[{"name":"wp","href":"https:\/\/api.w.org\/{rel}","templated":true}]}}