{"id":4515,"date":"2025-01-08T04:55:43","date_gmt":"2025-01-08T04:55:43","guid":{"rendered":"https:\/\/alles-ueber-riffe.de\/?page_id=4515"},"modified":"2025-01-16T17:03:55","modified_gmt":"2025-01-16T17:03:55","slug":"achtbinden-falterfisch","status":"publish","type":"page","link":"https:\/\/alles-ueber-riffe.de\/?page_id=4515","title":{"rendered":"Achtbinden-Falterfisch"},"content":{"rendered":"\n<div class=\"wp-block-group is-vertical is-layout-flex wp-container-core-group-is-layout-8cf370e7 wp-block-group-is-layout-flex\">\n<p><strong>Achtbinden-Falterfisch<\/strong><\/p>\n\n\n\n<p>Eightband butterflyfish<\/p>\n\n\n\n<p><em>Chaetodon octofasciatus<\/em><\/p>\n<\/div>\n\n\n\n<div style=\"height:30px\" aria-hidden=\"true\" class=\"wp-block-spacer\"><\/div>\n\n\n\n<figure class=\"wp-block-image size-full\"><img loading=\"lazy\" decoding=\"async\" width=\"2366\" height=\"1668\" src=\"https:\/\/alles-ueber-riffe.de\/wp-content\/uploads\/2025\/01\/Achtbinden-Falterfisch_1024x768.jpg\" alt=\"\" class=\"wp-image-6931\" srcset=\"https:\/\/alles-ueber-riffe.de\/wp-content\/uploads\/2025\/01\/Achtbinden-Falterfisch_1024x768.jpg 2366w, https:\/\/alles-ueber-riffe.de\/wp-content\/uploads\/2025\/01\/Achtbinden-Falterfisch_1024x768-300x211.jpg 300w, https:\/\/alles-ueber-riffe.de\/wp-content\/uploads\/2025\/01\/Achtbinden-Falterfisch_1024x768-1024x722.jpg 1024w, https:\/\/alles-ueber-riffe.de\/wp-content\/uploads\/2025\/01\/Achtbinden-Falterfisch_1024x768-768x541.jpg 768w, https:\/\/alles-ueber-riffe.de\/wp-content\/uploads\/2025\/01\/Achtbinden-Falterfisch_1024x768-1536x1083.jpg 1536w, https:\/\/alles-ueber-riffe.de\/wp-content\/uploads\/2025\/01\/Achtbinden-Falterfisch_1024x768-2048x1444.jpg 2048w\" sizes=\"auto, (max-width: 767px) 89vw, (max-width: 1000px) 54vw, (max-width: 1071px) 543px, 580px\" \/><figcaption class=\"wp-element-caption\">\u00a9 Heinz Krimmer<\/figcaption><\/figure>\n\n\n\n<hr class=\"wp-block-separator has-alpha-channel-opacity is-style-default\"\/>\n\n\n\n<p><strong>Gr\u00f6\u00dfe: <\/strong> bis 12 cm<\/p>\n\n\n\n<p><strong>Lebensraum:<\/strong> Korallenriffe<\/p>\n\n\n\n<p><strong>Vorkommen:  <\/strong>Malediven, Indien, ganz S\u00fcdostasien, Nordaustralien, Papua-Neuguinea, Ozeanien bis Palau<\/p>\n\n\n\n<p><strong>Erkennungsmerkmale: <\/strong> Grundfarbe wei\u00df; schwarze Querstreifen; Maul und Brustflossen gelb<\/p>\n\n\n\n<p><strong>Biologie &amp; Verhalten: <\/strong> Diesen Falterfisch findet man meistens paarweise im Riff. Er frisst ausschliesslich Korallenpolypen.<\/p>\n\n\n\n<p><strong>Bedrohungsstatus:<\/strong> Die Art wird auf der Roten Liste der IUCN als <mark style=\"background-color:rgba(0, 0, 0, 0)\" class=\"has-inline-color has-vivid-green-cyan-color\">\u201enicht gef\u00e4hrdet\u201c<\/mark> gef\u00fchrt.<\/p>\n\n\n\n<hr class=\"wp-block-separator has-alpha-channel-opacity is-style-default\"\/>\n","protected":false},"excerpt":{"rendered":"<p>Achtbinden-Falterfisch Eightband butterflyfish Chaetodon octofasciatus Gr\u00f6\u00dfe: bis 12 cm Lebensraum: Korallenriffe Vorkommen: Malediven, Indien, ganz S\u00fcdostasien, Nordaustralien, Papua-Neuguinea, Ozeanien bis Palau Erkennungsmerkmale: Grundfarbe wei\u00df; schwarze Querstreifen; Maul und Brustflossen gelb Biologie &amp; Verhalten: Diesen Falterfisch findet man meistens paarweise im Riff. Er frisst ausschliesslich Korallenpolypen. Bedrohungsstatus: Die Art wird auf der Roten Liste der IUCN &hellip; <\/p>\n<p class=\"link-more\"><a href=\"https:\/\/alles-ueber-riffe.de\/?page_id=4515\" class=\"more-link\"><span class=\"screen-reader-text\">\u201eAchtbinden-Falterfisch\u201c<\/span> weiterlesen<\/a><\/p>\n","protected":false},"author":1,"featured_media":0,"parent":0,"menu_order":0,"comment_status":"closed","ping_status":"closed","template":"","meta":{"footnotes":""},"class_list":["post-4515","page","type-page","status-publish","hentry"],"_links":{"self":[{"href":"https:\/\/alles-ueber-riffe.de\/index.php?rest_route=\/wp\/v2\/pages\/4515","targetHints":{"allow":["GET"]}}],"collection":[{"href":"https:\/\/alles-ueber-riffe.de\/index.php?rest_route=\/wp\/v2\/pages"}],"about":[{"href":"https:\/\/alles-ueber-riffe.de\/index.php?rest_route=\/wp\/v2\/types\/page"}],"author":[{"embeddable":true,"href":"https:\/\/alles-ueber-riffe.de\/index.php?rest_route=\/wp\/v2\/users\/1"}],"replies":[{"embeddable":true,"href":"https:\/\/alles-ueber-riffe.de\/index.php?rest_route=%2Fwp%2Fv2%2Fcomments&post=4515"}],"version-history":[{"count":7,"href":"https:\/\/alles-ueber-riffe.de\/index.php?rest_route=\/wp\/v2\/pages\/4515\/revisions"}],"predecessor-version":[{"id":6937,"href":"https:\/\/alles-ueber-riffe.de\/index.php?rest_route=\/wp\/v2\/pages\/4515\/revisions\/6937"}],"wp:attachment":[{"href":"https:\/\/alles-ueber-riffe.de\/index.php?rest_route=%2Fwp%2Fv2%2Fmedia&parent=4515"}],"curies":[{"name":"wp","href":"https:\/\/api.w.org\/{rel}","templated":true}]}}