{"id":4512,"date":"2025-01-08T04:51:47","date_gmt":"2025-01-08T04:51:47","guid":{"rendered":"https:\/\/alles-ueber-riffe.de\/?page_id=4512"},"modified":"2025-01-16T12:48:36","modified_gmt":"2025-01-16T12:48:36","slug":"falscher-skorpionsfisch-2","status":"publish","type":"page","link":"https:\/\/alles-ueber-riffe.de\/?page_id=4512","title":{"rendered":"Falscher Skorpionsfisch"},"content":{"rendered":"\n<div class=\"wp-block-group is-vertical is-layout-flex wp-container-core-group-is-layout-8cf370e7 wp-block-group-is-layout-flex\">\n<p><strong>Falscher Skorpionsfisch<\/strong><\/p>\n\n\n\n<p>False scorpionfish<\/p>\n\n\n\n<p><em>Centrogenys vaigiensis<\/em><\/p>\n<\/div>\n\n\n\n<div style=\"height:30px\" aria-hidden=\"true\" class=\"wp-block-spacer\"><\/div>\n\n\n\n<figure class=\"wp-block-image size-full\"><img loading=\"lazy\" decoding=\"async\" width=\"1024\" height=\"768\" src=\"https:\/\/alles-ueber-riffe.de\/wp-content\/uploads\/2025\/01\/Falscher-Skorpionsfisch_1024x768.jpg\" alt=\"\" class=\"wp-image-6838\" srcset=\"https:\/\/alles-ueber-riffe.de\/wp-content\/uploads\/2025\/01\/Falscher-Skorpionsfisch_1024x768.jpg 1024w, https:\/\/alles-ueber-riffe.de\/wp-content\/uploads\/2025\/01\/Falscher-Skorpionsfisch_1024x768-300x225.jpg 300w, https:\/\/alles-ueber-riffe.de\/wp-content\/uploads\/2025\/01\/Falscher-Skorpionsfisch_1024x768-768x576.jpg 768w\" sizes=\"auto, (max-width: 767px) 89vw, (max-width: 1000px) 54vw, (max-width: 1071px) 543px, 580px\" \/><figcaption class=\"wp-element-caption\">\u00a9 Joris Rombouts<\/figcaption><\/figure>\n\n\n\n<hr class=\"wp-block-separator has-alpha-channel-opacity is-style-default\"\/>\n\n\n\n<p><strong>Gr\u00f6\u00dfe: <\/strong> bis 15 cm<\/p>\n\n\n\n<p><strong>Lebensraum:<\/strong> Korallen- und Felsenriffe<\/p>\n\n\n\n<p><strong>Vorkommen:  <\/strong>Indien, S\u00fcdjapan, ganz S\u00fcdostasien, Nordaustralien, Papua-Neuguinea<\/p>\n\n\n\n<p><strong>Erkennungsmerkmale: <\/strong> dunkelbraun-wei\u00df marmoriert; Brustflossen mit dicken, wei\u00dfen Querstreifen; kr\u00e4ftige Stacheln auf dem R\u00fccken<\/p>\n\n\n\n<p><strong>Biologie &amp; Verhalten: <\/strong> Das gute als Erstes: der Falsche Skorpionsfisch sieht aus wie ein echter Skorpionsfisch ist aber nicht giftig.&nbsp;Diese T\u00e4uschung sch\u00fctzt ihn vor seinen Fressfeinden.<\/p>\n\n\n\n<p>Uns t\u00e4uscht er damit nat\u00fcrlich auch, denn es ist nicht ganz einfach ihn von echten Skorpinsfischen zu unterscheiden.<\/p>\n\n\n\n<p>Er ist ein tagaktiver Lauerj\u00e4ger, der sich von Fischen und Garnelen ern\u00e4hrt.<\/p>\n\n\n\n<p><strong>Bedrohungsstatus:<\/strong> Die Art wird auf der Roten Liste der IUCN als <mark style=\"background-color:rgba(0, 0, 0, 0)\" class=\"has-inline-color has-vivid-green-cyan-color\">\u201enicht gef\u00e4hrdet\u201c <\/mark>gef\u00fchrt.<\/p>\n\n\n\n<hr class=\"wp-block-separator has-alpha-channel-opacity is-style-default\"\/>\n","protected":false},"excerpt":{"rendered":"<p>Falscher Skorpionsfisch False scorpionfish Centrogenys vaigiensis Gr\u00f6\u00dfe: bis 15 cm Lebensraum: Korallen- und Felsenriffe Vorkommen: Indien, S\u00fcdjapan, ganz S\u00fcdostasien, Nordaustralien, Papua-Neuguinea Erkennungsmerkmale: dunkelbraun-wei\u00df marmoriert; Brustflossen mit dicken, wei\u00dfen Querstreifen; kr\u00e4ftige Stacheln auf dem R\u00fccken Biologie &amp; Verhalten: Das gute als Erstes: der Falsche Skorpionsfisch sieht aus wie ein echter Skorpionsfisch ist aber nicht giftig.&nbsp;Diese T\u00e4uschung &hellip; <\/p>\n<p class=\"link-more\"><a href=\"https:\/\/alles-ueber-riffe.de\/?page_id=4512\" class=\"more-link\"><span class=\"screen-reader-text\">\u201eFalscher Skorpionsfisch\u201c<\/span> weiterlesen<\/a><\/p>\n","protected":false},"author":1,"featured_media":0,"parent":0,"menu_order":0,"comment_status":"closed","ping_status":"closed","template":"","meta":{"footnotes":""},"class_list":["post-4512","page","type-page","status-publish","hentry"],"_links":{"self":[{"href":"https:\/\/alles-ueber-riffe.de\/index.php?rest_route=\/wp\/v2\/pages\/4512","targetHints":{"allow":["GET"]}}],"collection":[{"href":"https:\/\/alles-ueber-riffe.de\/index.php?rest_route=\/wp\/v2\/pages"}],"about":[{"href":"https:\/\/alles-ueber-riffe.de\/index.php?rest_route=\/wp\/v2\/types\/page"}],"author":[{"embeddable":true,"href":"https:\/\/alles-ueber-riffe.de\/index.php?rest_route=\/wp\/v2\/users\/1"}],"replies":[{"embeddable":true,"href":"https:\/\/alles-ueber-riffe.de\/index.php?rest_route=%2Fwp%2Fv2%2Fcomments&post=4512"}],"version-history":[{"count":9,"href":"https:\/\/alles-ueber-riffe.de\/index.php?rest_route=\/wp\/v2\/pages\/4512\/revisions"}],"predecessor-version":[{"id":6845,"href":"https:\/\/alles-ueber-riffe.de\/index.php?rest_route=\/wp\/v2\/pages\/4512\/revisions\/6845"}],"wp:attachment":[{"href":"https:\/\/alles-ueber-riffe.de\/index.php?rest_route=%2Fwp%2Fv2%2Fmedia&parent=4512"}],"curies":[{"name":"wp","href":"https:\/\/api.w.org\/{rel}","templated":true}]}}