{"id":4501,"date":"2025-01-08T04:50:32","date_gmt":"2025-01-08T04:50:32","guid":{"rendered":"https:\/\/alles-ueber-riffe.de\/?page_id=4501"},"modified":"2025-01-16T12:33:01","modified_gmt":"2025-01-16T12:33:01","slug":"tuka-fahnenbarsch","status":"publish","type":"page","link":"https:\/\/alles-ueber-riffe.de\/?page_id=4501","title":{"rendered":"Tuka-Fahnenbarsch"},"content":{"rendered":"\n<div class=\"wp-block-group is-vertical is-layout-flex wp-container-core-group-is-layout-8cf370e7 wp-block-group-is-layout-flex\">\n<p><strong>Tuka-Fahnenbarsch<\/strong><\/p>\n\n\n\n<p>Yellowstriped fairy basslet<\/p>\n\n\n\n<p><em>Pseudanthias\u00a0tuka<\/em><\/p>\n<\/div>\n\n\n\n<div style=\"height:30px\" aria-hidden=\"true\" class=\"wp-block-spacer\"><\/div>\n\n\n\n<figure class=\"wp-block-image size-full\"><img loading=\"lazy\" decoding=\"async\" width=\"1024\" height=\"768\" src=\"https:\/\/alles-ueber-riffe.de\/wp-content\/uploads\/2025\/01\/Tuka-Fahnenbarsch_1024x768-female.jpg\" alt=\"\" class=\"wp-image-6802\" srcset=\"https:\/\/alles-ueber-riffe.de\/wp-content\/uploads\/2025\/01\/Tuka-Fahnenbarsch_1024x768-female.jpg 1024w, https:\/\/alles-ueber-riffe.de\/wp-content\/uploads\/2025\/01\/Tuka-Fahnenbarsch_1024x768-female-300x225.jpg 300w, https:\/\/alles-ueber-riffe.de\/wp-content\/uploads\/2025\/01\/Tuka-Fahnenbarsch_1024x768-female-768x576.jpg 768w\" sizes=\"auto, (max-width: 767px) 89vw, (max-width: 1000px) 54vw, (max-width: 1071px) 543px, 580px\" \/><figcaption class=\"wp-element-caption\">Weibchen \u00a9 Heinz Krimmer<\/figcaption><\/figure>\n\n\n\n<figure class=\"wp-block-image size-full\"><img loading=\"lazy\" decoding=\"async\" width=\"1024\" height=\"768\" src=\"https:\/\/alles-ueber-riffe.de\/wp-content\/uploads\/2025\/01\/Tuka-Fahnenbarsch_1024x768-male-1.jpg\" alt=\"\" class=\"wp-image-6804\" srcset=\"https:\/\/alles-ueber-riffe.de\/wp-content\/uploads\/2025\/01\/Tuka-Fahnenbarsch_1024x768-male-1.jpg 1024w, https:\/\/alles-ueber-riffe.de\/wp-content\/uploads\/2025\/01\/Tuka-Fahnenbarsch_1024x768-male-1-300x225.jpg 300w, https:\/\/alles-ueber-riffe.de\/wp-content\/uploads\/2025\/01\/Tuka-Fahnenbarsch_1024x768-male-1-768x576.jpg 768w\" sizes=\"auto, (max-width: 767px) 89vw, (max-width: 1000px) 54vw, (max-width: 1071px) 543px, 580px\" \/><figcaption class=\"wp-element-caption\">M\u00e4nnchen \u00a9 Heinz Krimmer<\/figcaption><\/figure>\n\n\n\n<hr class=\"wp-block-separator has-alpha-channel-opacity is-style-default\"\/>\n\n\n\n<p><strong>Gr\u00f6\u00dfe: <\/strong> bis 12 cm<\/p>\n\n\n\n<p><strong>Lebensraum:<\/strong> Korallenriffe<\/p>\n\n\n\n<p><strong>Vorkommen:  <\/strong>Ostafrika, Malediven \u00fcber ganz S\u00fcdostasien, Nordaustralien, Papua-Neuguinea, Ozeanien bis Palau<\/p>\n\n\n\n<p><strong>Erkennungsmerkmale: <\/strong> Grundfarbe pink; M\u00e4nnchen spitzem, gelbem Maul; Weibchen mit gelbem Streifen auf dem R\u00fccken und an den R\u00e4ndern der Schwanzflosse<\/p>\n\n\n\n<p><strong>Biologie &amp; Verhalten: <\/strong> Zaubert in gro\u00dfen Gruppen pinke Farbkleckse ins blaue Meerwasser um die Korallenbl\u00f6cke. Frisst Zooplankton und Fischeier.<\/p>\n\n\n\n<p><strong>Bedrohungsstatus:<\/strong> Die Art wird auf der Roten Liste der IUCN als <mark style=\"background-color:rgba(0, 0, 0, 0)\" class=\"has-inline-color has-vivid-green-cyan-color\">\u201enicht gef\u00e4hrdet\u201c<\/mark> gef\u00fchrt.<\/p>\n\n\n\n<hr class=\"wp-block-separator has-alpha-channel-opacity is-style-default\"\/>\n","protected":false},"excerpt":{"rendered":"<p>Tuka-Fahnenbarsch Yellowstriped fairy basslet Pseudanthias\u00a0tuka Gr\u00f6\u00dfe: bis 12 cm Lebensraum: Korallenriffe Vorkommen: Ostafrika, Malediven \u00fcber ganz S\u00fcdostasien, Nordaustralien, Papua-Neuguinea, Ozeanien bis Palau Erkennungsmerkmale: Grundfarbe pink; M\u00e4nnchen spitzem, gelbem Maul; Weibchen mit gelbem Streifen auf dem R\u00fccken und an den R\u00e4ndern der Schwanzflosse Biologie &amp; Verhalten: Zaubert in gro\u00dfen Gruppen pinke Farbkleckse ins blaue Meerwasser um &hellip; <\/p>\n<p class=\"link-more\"><a href=\"https:\/\/alles-ueber-riffe.de\/?page_id=4501\" class=\"more-link\"><span class=\"screen-reader-text\">\u201eTuka-Fahnenbarsch\u201c<\/span> weiterlesen<\/a><\/p>\n","protected":false},"author":1,"featured_media":0,"parent":0,"menu_order":0,"comment_status":"closed","ping_status":"closed","template":"","meta":{"footnotes":""},"class_list":["post-4501","page","type-page","status-publish","hentry"],"_links":{"self":[{"href":"https:\/\/alles-ueber-riffe.de\/index.php?rest_route=\/wp\/v2\/pages\/4501","targetHints":{"allow":["GET"]}}],"collection":[{"href":"https:\/\/alles-ueber-riffe.de\/index.php?rest_route=\/wp\/v2\/pages"}],"about":[{"href":"https:\/\/alles-ueber-riffe.de\/index.php?rest_route=\/wp\/v2\/types\/page"}],"author":[{"embeddable":true,"href":"https:\/\/alles-ueber-riffe.de\/index.php?rest_route=\/wp\/v2\/users\/1"}],"replies":[{"embeddable":true,"href":"https:\/\/alles-ueber-riffe.de\/index.php?rest_route=%2Fwp%2Fv2%2Fcomments&post=4501"}],"version-history":[{"count":7,"href":"https:\/\/alles-ueber-riffe.de\/index.php?rest_route=\/wp\/v2\/pages\/4501\/revisions"}],"predecessor-version":[{"id":6808,"href":"https:\/\/alles-ueber-riffe.de\/index.php?rest_route=\/wp\/v2\/pages\/4501\/revisions\/6808"}],"wp:attachment":[{"href":"https:\/\/alles-ueber-riffe.de\/index.php?rest_route=%2Fwp%2Fv2%2Fmedia&parent=4501"}],"curies":[{"name":"wp","href":"https:\/\/api.w.org\/{rel}","templated":true}]}}