{"id":4499,"date":"2025-01-08T04:50:21","date_gmt":"2025-01-08T04:50:21","guid":{"rendered":"https:\/\/alles-ueber-riffe.de\/?page_id=4499"},"modified":"2025-01-16T17:20:08","modified_gmt":"2025-01-16T17:20:08","slug":"rotmeer-fahnenbarsch","status":"publish","type":"page","link":"https:\/\/alles-ueber-riffe.de\/?page_id=4499","title":{"rendered":"Rotmeer-Fahnenbarsch"},"content":{"rendered":"\n<div class=\"wp-block-group is-vertical is-layout-flex wp-container-core-group-is-layout-8cf370e7 wp-block-group-is-layout-flex\">\n<p><strong>Rotmeer-Fahnenbarsch<\/strong><\/p>\n\n\n\n<p>Red Sea anthias<\/p>\n\n\n\n<p><em>Pseudanthias taeniatus<\/em><\/p>\n<\/div>\n\n\n\n<div style=\"height:30px\" aria-hidden=\"true\" class=\"wp-block-spacer\"><\/div>\n\n\n\n<figure class=\"wp-block-video\"><video height=\"576\" style=\"aspect-ratio: 1024 \/ 576;\" width=\"1024\" controls src=\"https:\/\/alles-ueber-riffe.de\/wp-content\/uploads\/2025\/01\/rotmeer_fahnenbarsch-Kopie.mp4\"><\/video><figcaption class=\"wp-element-caption\"><em>\u00a9 Heinz Krimmer<\/em><\/figcaption><\/figure>\n\n\n\n<hr class=\"wp-block-separator has-alpha-channel-opacity is-style-default\"\/>\n\n\n\n<p><strong>Gr\u00f6\u00dfe: <\/strong> bis 15 cm<\/p>\n\n\n\n<p><strong>Lebensraum:<\/strong> Freiwasser bei Korallenriffen<\/p>\n\n\n\n<p><strong>Vorkommen:  <\/strong>endemisch im Roten Meer<\/p>\n\n\n\n<p><strong>Erkennungsmerkmale: <\/strong> Grundfarbe rotbraun; wei\u00dfe L\u00e4ngsstreifen<\/p>\n\n\n\n<p><strong>Biologie &amp; Verhalten: <\/strong> Zaubert in gro\u00dfen Gruppen rot-wei\u00dfe Farbkleckse ins blaue Meerwasser um die Korallenbl\u00f6cke. Frisst Zooplankton.<\/p>\n\n\n\n<p>Weiter \u00f6stlich in Oman und dem arabischen Golf ersetzt von&nbsp;<em>Pseudanthias townsendi, der fast genauso aussieht.<\/em><\/p>\n\n\n\n<p><strong>Bedrohungsstatus:<\/strong> Die Art wird auf der Roten Liste der IUCN als <mark style=\"background-color:rgba(0, 0, 0, 0)\" class=\"has-inline-color has-vivid-green-cyan-color\">\u201enicht gef\u00e4hrdet\u201c<\/mark> gef\u00fchrt.<\/p>\n\n\n\n<hr class=\"wp-block-separator has-alpha-channel-opacity is-style-default\"\/>\n","protected":false},"excerpt":{"rendered":"<p>Rotmeer-Fahnenbarsch Red Sea anthias Pseudanthias taeniatus Gr\u00f6\u00dfe: bis 15 cm Lebensraum: Freiwasser bei Korallenriffen Vorkommen: endemisch im Roten Meer Erkennungsmerkmale: Grundfarbe rotbraun; wei\u00dfe L\u00e4ngsstreifen Biologie &amp; Verhalten: Zaubert in gro\u00dfen Gruppen rot-wei\u00dfe Farbkleckse ins blaue Meerwasser um die Korallenbl\u00f6cke. Frisst Zooplankton. Weiter \u00f6stlich in Oman und dem arabischen Golf ersetzt von&nbsp;Pseudanthias townsendi, der fast genauso &hellip; <\/p>\n<p class=\"link-more\"><a href=\"https:\/\/alles-ueber-riffe.de\/?page_id=4499\" class=\"more-link\"><span class=\"screen-reader-text\">\u201eRotmeer-Fahnenbarsch\u201c<\/span> weiterlesen<\/a><\/p>\n","protected":false},"author":1,"featured_media":0,"parent":0,"menu_order":0,"comment_status":"closed","ping_status":"closed","template":"","meta":{"footnotes":""},"class_list":["post-4499","page","type-page","status-publish","hentry"],"_links":{"self":[{"href":"https:\/\/alles-ueber-riffe.de\/index.php?rest_route=\/wp\/v2\/pages\/4499","targetHints":{"allow":["GET"]}}],"collection":[{"href":"https:\/\/alles-ueber-riffe.de\/index.php?rest_route=\/wp\/v2\/pages"}],"about":[{"href":"https:\/\/alles-ueber-riffe.de\/index.php?rest_route=\/wp\/v2\/types\/page"}],"author":[{"embeddable":true,"href":"https:\/\/alles-ueber-riffe.de\/index.php?rest_route=\/wp\/v2\/users\/1"}],"replies":[{"embeddable":true,"href":"https:\/\/alles-ueber-riffe.de\/index.php?rest_route=%2Fwp%2Fv2%2Fcomments&post=4499"}],"version-history":[{"count":6,"href":"https:\/\/alles-ueber-riffe.de\/index.php?rest_route=\/wp\/v2\/pages\/4499\/revisions"}],"predecessor-version":[{"id":6952,"href":"https:\/\/alles-ueber-riffe.de\/index.php?rest_route=\/wp\/v2\/pages\/4499\/revisions\/6952"}],"wp:attachment":[{"href":"https:\/\/alles-ueber-riffe.de\/index.php?rest_route=%2Fwp%2Fv2%2Fmedia&parent=4499"}],"curies":[{"name":"wp","href":"https:\/\/api.w.org\/{rel}","templated":true}]}}